{"id":705,"date":"2023-04-19T17:31:34","date_gmt":"2023-04-19T15:31:34","guid":{"rendered":"https:\/\/icar.cnrs.fr\/membre\/jthiburce\/?page_id=705"},"modified":"2023-05-03T16:17:40","modified_gmt":"2023-05-03T14:17:40","slug":"projet-expresyf-experiences-et-representations-symboliques-des-cancers-et-de-la-fin-de-vie-2023-2024","status":"publish","type":"page","link":"https:\/\/icar.cnrs.fr\/membre\/jthiburce\/axes-de-recherche\/projet-expresyf-experiences-et-representations-symboliques-des-cancers-et-de-la-fin-de-vie-2023-2024\/","title":{"rendered":"Projet ExpReSyF &#8211; Exp\u00e9riences et Repr\u00e9sentations Symboliques des cancers et de la Fin de vie (2023-2024)"},"content":{"rendered":"<p style=\"text-align: center\"><em>Coordination du projet ExpReSyF<br \/>\n<\/em><em>Exp\u00e9riences et Repr\u00e9sentations Symboliques des cancers et de la Fin de vie<br \/>\n<\/em>2023 &#8211; 2024<\/p>\n<p>Le projet ExpReSyF s\u2019int\u00e8gre dans une r\u00e9flexion sur les exp\u00e9riences et les repr\u00e9sentations symboliques des cancers et de la fin de vie men\u00e9e au sein du groupe \u00ab\u00a0Sant\u00e9\u00a0\u00bb constitu\u00e9 au laboratoire ICAR. Il vise pr\u00e9cis\u00e9ment \u00e0 observer et caract\u00e9riser les modalit\u00e9s de r\u00e9ception des publics de <a href=\"https:\/\/www.cite-sciences.fr\/fr\/au-programme\/expos-temporaires\/cancers\">l\u2019exposition temporaire <\/a><em><a href=\"https:\/\/www.cite-sciences.fr\/fr\/au-programme\/expos-temporaires\/cancers\">Cancers<\/a><\/em><a href=\"https:\/\/www.cite-sciences.fr\/fr\/au-programme\/expos-temporaires\/cancers\"> \u00e0 la Cit\u00e9 des sciences et de l&rsquo;industrie<\/a> (jusqu&rsquo;au 06.08.23). \u00c0 partir du pluriel exprim\u00e9 dans le titre de l\u2019exposition, on se focalise sur les formes biologiques de ce ph\u00e9nom\u00e8ne qui affecte le vivant, sur la complexit\u00e9 des exp\u00e9riences v\u00e9cues dans leurs dimensions scientifiques, psychologiques et sociales.<\/p>\n<p><span class=\"S1PPyQ\">Nous nous int\u00e9resserons aux savoirs et aux id\u00e9es re\u00e7ues, aux croyances et aux tabous que l&rsquo;exposition interroge, en pr\u00eatant attention\u00a0\u00e0 la diversit\u00e9 des perspectives prises en compte : les discours et les objets qu\u2019elle met en sc\u00e8ne,<span class=\"S1PPyQ white-space-prewrap\">\u00a0<\/span>les formes d\u2019adresse qu\u2019elle instaure, les appropriations qu\u2019elle suscite (en tant que patient, soignant, aidant, proche, etc.). Il s&rsquo;agira de saisir la dimension rh\u00e9torique des \u00e9nonc\u00e9s produits, des formes de m\u00e9diations choisies et cr\u00e9\u00e9es pour \u00ab faire passer \u00bb un discours particuli\u00e8rement sensible.<\/span><\/p>\n<p><span style=\"color: #21576d\">Voir le livret\u00a0de communication du projet ExpReSyF<\/span><\/p>\n<p><a href=\"https:\/\/icar.cnrs.fr\/membre\/jthiburce\/wp-content\/uploads\/sites\/35\/2023\/05\/Plaquette-Expresyf_WEB.pdf\" target=\"_blank\" rel=\"noopener\"><img loading=\"lazy\" decoding=\"async\" class=\"alignnone wp-image-728\" src=\"https:\/\/icar.cnrs.fr\/membre\/jthiburce\/wp-content\/uploads\/sites\/35\/2023\/05\/Projet_Expresyf_Plaquette_WEB_DEF-193x300.png\" alt=\"\" width=\"160\" height=\"248\" srcset=\"https:\/\/icar.cnrs.fr\/membre\/jthiburce\/wp-content\/uploads\/sites\/35\/2023\/05\/Projet_Expresyf_Plaquette_WEB_DEF-193x300.png 193w, https:\/\/icar.cnrs.fr\/membre\/jthiburce\/wp-content\/uploads\/sites\/35\/2023\/05\/Projet_Expresyf_Plaquette_WEB_DEF-768x1191.png 768w, https:\/\/icar.cnrs.fr\/membre\/jthiburce\/wp-content\/uploads\/sites\/35\/2023\/05\/Projet_Expresyf_Plaquette_WEB_DEF-660x1024.png 660w\" sizes=\"auto, (max-width: 160px) 100vw, 160px\" \/><\/a><\/p>\n<p><span style=\"color: #21576d\">Appel \u00e0 participants : vous \u00eates patient ou aidant, proche ou soignant, nous sollicitons vos t\u00e9moignages<\/span><\/p>\n<p><a href=\"https:\/\/icar.cnrs.fr\/membre\/jthiburce\/wp-content\/uploads\/sites\/35\/2023\/05\/Projet_Expresyf_Feuillet_Appel_Participants_DEF.pdf\" target=\"_blank\" rel=\"noopener\"><img loading=\"lazy\" decoding=\"async\" class=\"alignnone wp-image-725\" src=\"https:\/\/icar.cnrs.fr\/membre\/jthiburce\/wp-content\/uploads\/sites\/35\/2023\/05\/Projet_Expresyf_Appels_Participants-211x300.png\" alt=\"\" width=\"160\" height=\"227\" srcset=\"https:\/\/icar.cnrs.fr\/membre\/jthiburce\/wp-content\/uploads\/sites\/35\/2023\/05\/Projet_Expresyf_Appels_Participants-211x300.png 211w, https:\/\/icar.cnrs.fr\/membre\/jthiburce\/wp-content\/uploads\/sites\/35\/2023\/05\/Projet_Expresyf_Appels_Participants-768x1091.png 768w, https:\/\/icar.cnrs.fr\/membre\/jthiburce\/wp-content\/uploads\/sites\/35\/2023\/05\/Projet_Expresyf_Appels_Participants-721x1024.png 721w, https:\/\/icar.cnrs.fr\/membre\/jthiburce\/wp-content\/uploads\/sites\/35\/2023\/05\/Projet_Expresyf_Appels_Participants.png 1746w\" sizes=\"auto, (max-width: 160px) 100vw, 160px\" \/><\/a><\/p>\n<p>&nbsp;<\/p>\n<p><span style=\"color: #21576d\"><span style=\"color: #000000\"><strong>Le projet est financ\u00e9 par<\/strong> \u00a0 \u00a0 \u00a0 \u00a0 \u00a0\u00a0<strong>Partenaires<\/strong><\/span><\/span><\/p>\n<p><img loading=\"lazy\" decoding=\"async\" class=\"alignnone wp-image-698 \" src=\"https:\/\/icar.cnrs.fr\/membre\/jthiburce\/wp-content\/uploads\/sites\/35\/2023\/04\/LABEX_ASLAN-300x117.png\" alt=\"\" width=\"130\" height=\"56\" \/>\u00a0 \u00a0 \u00a0 \u00a0 \u00a0 \u00a0 \u00a0 \u00a0 \u00a0\u00a0<img loading=\"lazy\" decoding=\"async\" class=\"alignnone wp-image-722\" src=\"https:\/\/icar.cnrs.fr\/membre\/jthiburce\/wp-content\/uploads\/sites\/35\/2023\/05\/logo_Cite_blanc-295x300.png\" alt=\"\" width=\"69\" height=\"70\" srcset=\"https:\/\/icar.cnrs.fr\/membre\/jthiburce\/wp-content\/uploads\/sites\/35\/2023\/05\/logo_Cite_blanc-295x300.png 295w, https:\/\/icar.cnrs.fr\/membre\/jthiburce\/wp-content\/uploads\/sites\/35\/2023\/05\/logo_Cite_blanc-150x150.png 150w, https:\/\/icar.cnrs.fr\/membre\/jthiburce\/wp-content\/uploads\/sites\/35\/2023\/05\/logo_Cite_blanc-768x781.png 768w, https:\/\/icar.cnrs.fr\/membre\/jthiburce\/wp-content\/uploads\/sites\/35\/2023\/05\/logo_Cite_blanc.png 927w\" sizes=\"auto, (max-width: 69px) 100vw, 69px\" \/>\u00a0 \u00a0 <img loading=\"lazy\" decoding=\"async\" class=\"alignnone wp-image-723\" src=\"https:\/\/icar.cnrs.fr\/membre\/jthiburce\/wp-content\/uploads\/sites\/35\/2023\/05\/logo_Universcience.noir_-300x64.png\" alt=\"\" width=\"150\" height=\"42\" \/><\/p>\n","protected":false},"excerpt":{"rendered":"<p>Coordination du projet ExpReSyF Exp\u00e9riences et Repr\u00e9sentations Symboliques des cancers et de la Fin de vie 2023 &#8211; 2024 Le projet ExpReSyF s\u2019int\u00e8gre dans une r\u00e9flexion sur les exp\u00e9riences et les repr\u00e9sentations symboliques des cancers et de la fin de &hellip; <a href=\"https:\/\/icar.cnrs.fr\/membre\/jthiburce\/axes-de-recherche\/projet-expresyf-experiences-et-representations-symboliques-des-cancers-et-de-la-fin-de-vie-2023-2024\/\">Continuer la lecture <span class=\"meta-nav\">&rarr;<\/span><\/a><\/p>\n","protected":false},"author":32,"featured_media":0,"parent":126,"menu_order":0,"comment_status":"closed","ping_status":"closed","template":"","meta":{"footnotes":""},"class_list":["post-705","page","type-page","status-publish","hentry"],"_links":{"self":[{"href":"https:\/\/icar.cnrs.fr\/membre\/jthiburce\/wp-json\/wp\/v2\/pages\/705","targetHints":{"allow":["GET"]}}],"collection":[{"href":"https:\/\/icar.cnrs.fr\/membre\/jthiburce\/wp-json\/wp\/v2\/pages"}],"about":[{"href":"https:\/\/icar.cnrs.fr\/membre\/jthiburce\/wp-json\/wp\/v2\/types\/page"}],"author":[{"embeddable":true,"href":"https:\/\/icar.cnrs.fr\/membre\/jthiburce\/wp-json\/wp\/v2\/users\/32"}],"replies":[{"embeddable":true,"href":"https:\/\/icar.cnrs.fr\/membre\/jthiburce\/wp-json\/wp\/v2\/comments?post=705"}],"version-history":[{"count":9,"href":"https:\/\/icar.cnrs.fr\/membre\/jthiburce\/wp-json\/wp\/v2\/pages\/705\/revisions"}],"predecessor-version":[{"id":737,"href":"https:\/\/icar.cnrs.fr\/membre\/jthiburce\/wp-json\/wp\/v2\/pages\/705\/revisions\/737"}],"up":[{"embeddable":true,"href":"https:\/\/icar.cnrs.fr\/membre\/jthiburce\/wp-json\/wp\/v2\/pages\/126"}],"wp:attachment":[{"href":"https:\/\/icar.cnrs.fr\/membre\/jthiburce\/wp-json\/wp\/v2\/media?parent=705"}],"curies":[{"name":"wp","href":"https:\/\/api.w.org\/{rel}","templated":true}]}}