{"id":121,"date":"2017-01-20T15:17:01","date_gmt":"2017-01-20T14:17:01","guid":{"rendered":"https:\/\/icar.cnrs.fr\/membre\/jvidal\/?page_id=121"},"modified":"2017-01-20T17:18:09","modified_gmt":"2017-01-20T16:18:09","slug":"axes-et-domaines-de-recherche","status":"publish","type":"page","link":"https:\/\/icar.cnrs.fr\/membre\/jvidal\/axes-et-domaines-de-recherche\/","title":{"rendered":"Recherche"},"content":{"rendered":"<h2 style=\"text-align: left\">Axes et domaines de recherche<\/h2>\n<p style=\"text-align: left\">&#8211; analyse de la r\u00e9troaction corrective multimodale produite lors de conversations p\u00e9dagogiques et de bilans asynchrones ayant lieu dans le cadre d\u2019une formation en langue par visioconf\u00e9rence.<\/p>\n<p style=\"text-align: left\" align=\"left\">&#8211; plus g\u00e9n\u00e9ralement, \u00e9tude d\u2019interactions dans un dispositif d\u2019enseignement\/apprentissage d\u2019une langue en ligne.<\/p>\n<p style=\"text-align: left\">&#8211; \u00e9tude de la multimodalit\u00e9 et de son r\u00f4le pour l\u2019\u00e9tayage au cours d\u2019interactions en ligne synchrones ou asynchrones.<\/p>\n<h3><strong>Participation aux projets de recherche en cours :<\/strong><\/h3>\n<p align=\"left\">&#8211; Projet ISMAEL \u00ab\u00a0Interactions multimodalit\u00e9 apprentissage\/enseignement des langues\u00a0\u00bb. Projet \u00e9mergent ENS-Lyon.<\/p>\n<p>&#8211; Projet Ulysses\u00a0\u2013 Lyon-Dublin :\u00a0<a href=\"http:\/\/www.campusfrance.org\/fr\/ulysses\">http:\/\/www.campusfrance.org\/fr\/ulysses<\/a><\/p>\n<h2 style=\"text-align: left\" align=\"center\"><\/h2>\n","protected":false},"excerpt":{"rendered":"<p>Axes et domaines de recherche &#8211; analyse de la r\u00e9troaction corrective multimodale produite lors de conversations p\u00e9dagogiques et de bilans asynchrones ayant lieu dans le cadre d\u2019une formation en langue par visioconf\u00e9rence. &#8211; plus g\u00e9n\u00e9ralement, \u00e9tude d\u2019interactions dans un dispositif &hellip; <a href=\"https:\/\/icar.cnrs.fr\/membre\/jvidal\/axes-et-domaines-de-recherche\/\">Continuer la lecture <span class=\"meta-nav\">&rarr;<\/span><\/a><\/p>\n","protected":false},"author":33,"featured_media":0,"parent":0,"menu_order":0,"comment_status":"closed","ping_status":"closed","template":"","meta":{"footnotes":""},"class_list":["post-121","page","type-page","status-publish","hentry"],"_links":{"self":[{"href":"https:\/\/icar.cnrs.fr\/membre\/jvidal\/wp-json\/wp\/v2\/pages\/121","targetHints":{"allow":["GET"]}}],"collection":[{"href":"https:\/\/icar.cnrs.fr\/membre\/jvidal\/wp-json\/wp\/v2\/pages"}],"about":[{"href":"https:\/\/icar.cnrs.fr\/membre\/jvidal\/wp-json\/wp\/v2\/types\/page"}],"author":[{"embeddable":true,"href":"https:\/\/icar.cnrs.fr\/membre\/jvidal\/wp-json\/wp\/v2\/users\/33"}],"replies":[{"embeddable":true,"href":"https:\/\/icar.cnrs.fr\/membre\/jvidal\/wp-json\/wp\/v2\/comments?post=121"}],"version-history":[{"count":2,"href":"https:\/\/icar.cnrs.fr\/membre\/jvidal\/wp-json\/wp\/v2\/pages\/121\/revisions"}],"predecessor-version":[{"id":173,"href":"https:\/\/icar.cnrs.fr\/membre\/jvidal\/wp-json\/wp\/v2\/pages\/121\/revisions\/173"}],"wp:attachment":[{"href":"https:\/\/icar.cnrs.fr\/membre\/jvidal\/wp-json\/wp\/v2\/media?parent=121"}],"curies":[{"name":"wp","href":"https:\/\/api.w.org\/{rel}","templated":true}]}}