{"id":127,"date":"2017-01-20T15:20:28","date_gmt":"2017-01-20T14:20:28","guid":{"rendered":"https:\/\/icar.cnrs.fr\/membre\/jvidal\/?page_id=127"},"modified":"2018-03-02T21:10:39","modified_gmt":"2018-03-02T20:10:39","slug":"enseignements","status":"publish","type":"page","link":"https:\/\/icar.cnrs.fr\/membre\/jvidal\/enseignements\/","title":{"rendered":"Enseignement"},"content":{"rendered":"<h2 style=\"text-align: left\" align=\"center\"><em>Depuis septembre 2013 : LYON<br \/>\n<\/em><\/h2>\n<ul>\n<li>Enseignante de fran\u00e7ais langue \u00e9trang\u00e8re\u00a0<strong>(FLE)\u00a0<\/strong>\u00e0 l\u2019INSA de Lyon en premier cycle dans les fili\u00e8res internationales (FI), en second cycle (Echanges) et en troisi\u00e8me cycle (Master et Doctorat).<\/li>\n<li>Cours th\u00e9matiques \u00e0 l&rsquo;INSA Lyon (dits de civilisation) et p\u00e9dagogie actionnelle sur le monde du travail en entreprise, la biennale d&rsquo;art contemporain, l&rsquo;urbanisme \u00e0 Lyon, la famille fran\u00e7aise, etc.<\/li>\n<li>Suivi de projets personnels en humanit\u00e9s (PPH) des \u00e9tudiants de second cycle d\u2019ing\u00e9nieur \u00e0 l\u2019INSA de Lyon.<\/li>\n<li>Accompagnement d\u2019\u00e9tudiants de master 2 (FLE) de l\u2019universit\u00e9 Lyon 2 dans la transcription et l\u2019annotation de corpus multimodaux.<\/li>\n<\/ul>\n<h2><em><br \/>\n2013-2015\u00a0<strong>: LYON<br \/>\n<\/strong><\/em><\/h2>\n<ul>\n<li>Vacataire dans le\u00a0<strong>M2 FLES<\/strong>\u00a0: \u00ab\u00a0Enseigner le FLE en ligne\u00a0\u00bb, Lyon2.<\/li>\n<\/ul>\n<h2><em>2011-2012\u00a0: LYON<br \/>\n<\/em><\/h2>\n<ul>\n<li>Enseignante de (FLE) au CIEF (Centre International d&rsquo;\u00c9tudes Fran\u00e7aises) de Lyon 2.<\/li>\n<li>Professeure des \u00e9coles (Lyon) : enseignement et accueil de stagiaires.<\/li>\n<\/ul>\n<h2><em>2004 \u2013 2009<\/em>\u00a0: <em>Am\u00e9rique Latine (Mexique-Argentine)<\/em><\/h2>\n<ul>\n<li>Professeure de\u00a0<strong>FLE\u00a0<\/strong>\u00e0 l\u2019Alliance Fran\u00e7aise de C\u00f3rdoba, Argentine.<\/li>\n<li>Enseignante de\u00a0<strong>Fran\u00e7ais de Sp\u00e9cialit\u00e9 et de Fran\u00e7ais sur Objectif Sp\u00e9cifique<\/strong>\u00a0(FOS) dans l\u2019<strong>entreprise Renault Argentina.<\/strong><\/li>\n<li>Prise en charge de cours de pr\u00e9paration aux\u00a0<strong>examens internationaux<\/strong>\u00a0DELF-DALF, Alliance Fran\u00e7aise de C\u00f3rdoba , Argentine.<\/li>\n<li>Enseignante de FLE pour adultes, adolescents et enfants au centre de langues de l\u2019Universit\u00e9 Autonome de Basse Californie, Ensenada, Mexique.<\/li>\n<\/ul>\n<p>&nbsp;<\/p>\n<h2><em>2000-2004 : MARSEILLE<br \/>\n<\/em><\/h2>\n<ul>\n<li>Professeure des \u00e9coles en zone d&rsquo;\u00e9ducation prioritaire (ZEP)<\/li>\n<\/ul>\n","protected":false},"excerpt":{"rendered":"<p>Depuis septembre 2013 : LYON Enseignante de fran\u00e7ais langue \u00e9trang\u00e8re\u00a0(FLE)\u00a0\u00e0 l\u2019INSA de Lyon en premier cycle dans les fili\u00e8res internationales (FI), en second cycle (Echanges) et en troisi\u00e8me cycle (Master et Doctorat). Cours th\u00e9matiques \u00e0 l&rsquo;INSA Lyon (dits de civilisation) &hellip; <a href=\"https:\/\/icar.cnrs.fr\/membre\/jvidal\/enseignements\/\">Continuer la lecture <span class=\"meta-nav\">&rarr;<\/span><\/a><\/p>\n","protected":false},"author":33,"featured_media":0,"parent":0,"menu_order":0,"comment_status":"closed","ping_status":"closed","template":"","meta":{"footnotes":""},"class_list":["post-127","page","type-page","status-publish","hentry"],"_links":{"self":[{"href":"https:\/\/icar.cnrs.fr\/membre\/jvidal\/wp-json\/wp\/v2\/pages\/127","targetHints":{"allow":["GET"]}}],"collection":[{"href":"https:\/\/icar.cnrs.fr\/membre\/jvidal\/wp-json\/wp\/v2\/pages"}],"about":[{"href":"https:\/\/icar.cnrs.fr\/membre\/jvidal\/wp-json\/wp\/v2\/types\/page"}],"author":[{"embeddable":true,"href":"https:\/\/icar.cnrs.fr\/membre\/jvidal\/wp-json\/wp\/v2\/users\/33"}],"replies":[{"embeddable":true,"href":"https:\/\/icar.cnrs.fr\/membre\/jvidal\/wp-json\/wp\/v2\/comments?post=127"}],"version-history":[{"count":15,"href":"https:\/\/icar.cnrs.fr\/membre\/jvidal\/wp-json\/wp\/v2\/pages\/127\/revisions"}],"predecessor-version":[{"id":202,"href":"https:\/\/icar.cnrs.fr\/membre\/jvidal\/wp-json\/wp\/v2\/pages\/127\/revisions\/202"}],"wp:attachment":[{"href":"https:\/\/icar.cnrs.fr\/membre\/jvidal\/wp-json\/wp\/v2\/media?parent=127"}],"curies":[{"name":"wp","href":"https:\/\/api.w.org\/{rel}","templated":true}]}}