{"id":146,"date":"2017-01-20T15:27:09","date_gmt":"2017-01-20T14:27:09","guid":{"rendered":"https:\/\/icar.cnrs.fr\/membre\/jvidal\/?page_id=146"},"modified":"2017-02-22T18:43:24","modified_gmt":"2017-02-22T17:43:24","slug":"dernieres-formations-academiques","status":"publish","type":"page","link":"https:\/\/icar.cnrs.fr\/membre\/jvidal\/dernieres-formations-academiques\/","title":{"rendered":"Formation"},"content":{"rendered":"<p>&#8211; 2011\u00a0<strong>: Master professionnel en didactique du FLES<\/strong>\u00a0\u00e0 l\u2019Universit\u00e9 Lyon 2.<br \/>\nParcours\u00a0: Fran\u00e7ais sur Objectif Universitaire et Enseignement en ligne.<\/p>\n<p>&#8211; 2009\u00a0: M<strong>a\u00eetrise en Sciences du Langage sp\u00e9cialit\u00e9 FLE<\/strong>\u00a0\u00e0 l\u2019Universit\u00e9 Stendhal-Grenoble 3 (pr\u00e9paration \u00e0 distance avec le CNED).<\/p>\n<p>&#8211; 2001\u00a0: Dipl\u00f4me de Professeur des \u00c9coles.<\/p>\n<h2><\/h2>\n","protected":false},"excerpt":{"rendered":"<p>&#8211; 2011\u00a0: Master professionnel en didactique du FLES\u00a0\u00e0 l\u2019Universit\u00e9 Lyon 2. Parcours\u00a0: Fran\u00e7ais sur Objectif Universitaire et Enseignement en ligne. &#8211; 2009\u00a0: Ma\u00eetrise en Sciences du Langage sp\u00e9cialit\u00e9 FLE\u00a0\u00e0 l\u2019Universit\u00e9 Stendhal-Grenoble 3 (pr\u00e9paration \u00e0 distance avec le CNED). &#8211; 2001\u00a0: &hellip; <a href=\"https:\/\/icar.cnrs.fr\/membre\/jvidal\/dernieres-formations-academiques\/\">Continuer la lecture <span class=\"meta-nav\">&rarr;<\/span><\/a><\/p>\n","protected":false},"author":33,"featured_media":0,"parent":0,"menu_order":0,"comment_status":"closed","ping_status":"closed","template":"","meta":{"footnotes":""},"class_list":["post-146","page","type-page","status-publish","hentry"],"_links":{"self":[{"href":"https:\/\/icar.cnrs.fr\/membre\/jvidal\/wp-json\/wp\/v2\/pages\/146","targetHints":{"allow":["GET"]}}],"collection":[{"href":"https:\/\/icar.cnrs.fr\/membre\/jvidal\/wp-json\/wp\/v2\/pages"}],"about":[{"href":"https:\/\/icar.cnrs.fr\/membre\/jvidal\/wp-json\/wp\/v2\/types\/page"}],"author":[{"embeddable":true,"href":"https:\/\/icar.cnrs.fr\/membre\/jvidal\/wp-json\/wp\/v2\/users\/33"}],"replies":[{"embeddable":true,"href":"https:\/\/icar.cnrs.fr\/membre\/jvidal\/wp-json\/wp\/v2\/comments?post=146"}],"version-history":[{"count":4,"href":"https:\/\/icar.cnrs.fr\/membre\/jvidal\/wp-json\/wp\/v2\/pages\/146\/revisions"}],"predecessor-version":[{"id":200,"href":"https:\/\/icar.cnrs.fr\/membre\/jvidal\/wp-json\/wp\/v2\/pages\/146\/revisions\/200"}],"wp:attachment":[{"href":"https:\/\/icar.cnrs.fr\/membre\/jvidal\/wp-json\/wp\/v2\/media?parent=146"}],"curies":[{"name":"wp","href":"https:\/\/api.w.org\/{rel}","templated":true}]}}