{"id":158,"date":"2017-01-20T15:37:13","date_gmt":"2017-01-20T14:37:13","guid":{"rendered":"https:\/\/icar.cnrs.fr\/membre\/jvidal\/?page_id=158"},"modified":"2018-12-08T21:47:36","modified_gmt":"2018-12-08T20:47:36","slug":"autres","status":"publish","type":"page","link":"https:\/\/icar.cnrs.fr\/membre\/jvidal\/autres\/","title":{"rendered":"Autres"},"content":{"rendered":"<h2>Evaluation et membre de jury<\/h2>\n<p>&#8211; Membre de jury lors des soutenances de projets personnels en humanit\u00e9s (PPH) des \u00e9tudiants de second cycle d\u2019ing\u00e9nieur \u00e0 l\u2019INSA de Lyon<\/p>\n<p>&#8211; \u00c9valuation des comp\u00e9tences langagi\u00e8res en vue d&rsquo;un positionnement et conception d\u2019\u00e9valuations \u00e0 diff\u00e9rents moments de l\u2019apprentissage.<\/p>\n<p>&#8211; Evaluation des candidats \u00e0 l&rsquo;oral de fran\u00e7ais des examens internationaux du\u00a0<strong>DELF-DALF<\/strong>.<\/p>\n<p>&#8211; Membre du jury lors de soutenances de\u00a0<strong>Masters 2<\/strong>\u00a0\u00ab\u00a0m\u00e9tiers de l\u2019enseignement\u00a0\u00bb.<\/p>\n<h2>\u00a0R\u00e9alisation de programme(s) et de mat\u00e9riel p\u00e9dagogique<\/h2>\n<p>&#8211; 2014 &#8211; aujourd&rsquo;hui\u00a0 : co-construction\u00a0<strong>d\u2019un programme de fran\u00e7ais sur objectif universitaire (FOU)<\/strong> destin\u00e9 \u00e0 des \u00e9tudiants \u00e9trangers en \u00e9cole d\u2019ing\u00e9nieur au sein de l\u2019\u00e9quipe FLE de l\u2019INSA de Lyon.\u00a0<a href=\"http:\/\/fle.insa-lyon.fr\/\">http:\/\/fle.insa-lyon.fr\/<\/a><\/p>\n<p>&#8211; 2011 &#8211; 2013\u00a0: Participation \u00e0 la\u00a0<strong>mise en place d\u2019un programme de Fran\u00e7ais sur Objectif Universitaire (FOU)<\/strong>\u00a0\u00e0 l\u2019Universit\u00e9 de S\u00e3o Paulo.<\/p>\n<p>&#8211; 2013\u00a0: R\u00e9alisation de\u00a0<strong>mat\u00e9riel p\u00e9dagogique en ligne<\/strong>\u00a0pour la plateforme internet \u00ab\u00a0<strong><em>Etudier en francophonie\u00a0<\/em><\/strong>\u00bb lanc\u00e9e par le gouvernement Br\u00e9silien et l\u2019Agence Universitaire de la Francophonie (AUF) en partenariat avec diff\u00e9rentes universit\u00e9s notamment l\u2019universit\u00e9 de S\u00e3o Paulo et l\u2019universit\u00e9 Lyon2.\u00a0<a href=\"https:\/\/csf-francophonie.auf.org\/fr\/\">https:\/\/csf-francophonie.auf.org\/fr\/<\/a><\/p>\n<h2><strong>Responsabilit\u00e9s administratives et collectives<\/strong><\/h2>\n<p><strong>2017-2018<\/strong> : membre du comit\u00e9 d\u2019organisation du colloque international RUNED, 21-23 mars 2018, Lyon.<\/p>\n<p><strong>2015 \u2013 2016<\/strong> : membre du comit\u00e9 d\u2019organisation du colloque international IMPEC, 6-8 juillet 2016, Lyon.<\/p>\n<p><strong><em>2013 &#8211; aujourd&rsquo;hui :<\/em><\/strong><\/p>\n<p>&#8211; Coordinatrice pour les cours de FLE des \u00e9tudiants d\u2019\u00c9changes (second cycle), INSA de Lyon.<\/p>\n<p>&#8211; Coordinatrice pour les cours de FLE des \u00e9tudiants en Master-Doctorat, INSA de Lyon.<\/p>\n<p>&#8211; Coordinatrice pour les cours de FLE des \u00e9tudiants de Fili\u00e8re Internationale EURINSA (premier cycle), INSA de Lyon.<\/p>\n<p>&#8211; Coordinatrice pour les cours de FLE des \u00e9tudiants en Master-Doctorat, INSA de Lyon.<\/p>\n<h2>Information et diffusion de la culture scientifique et technique, partenariat avec les entreprises, etc. :<\/h2>\n<p>&#8211; 2014-2016 : missions de conseil pour l\u2019entreprise\u00a0<strong>SpeakPlus<\/strong>\u00a0sur la cr\u00e9ation d\u2019une plateforme d\u2019enseignement\/apprentissage d\u2019une langue en ligne.<\/p>\n<p>&#8211; novembre 2013\u00a0: exposante pour le laboratoire ICAR 2 \u00e0 \u00ab\u00a0<strong>SERIOUS GAME EXPO\u00a0\u00bb <\/strong><strong>: <\/strong>salon national des serious games, learning games, advergames et solutions interactives pour former et communiquer<strong>\u00a0.\u00a0<\/strong>Pr\u00e9sentation de la plateforme d\u2019enseignement des langues en ligne\u00a0<strong>VISU<\/strong>. <a href=\"http:\/\/www.serious-game.fr\/tag\/serious-game-expo\/\">http:\/\/www.serious-game.fr\/tag\/serious-game-expo\/<\/a><\/p>\n<h2>Usage des technologies de l\u2019information et de la communication pour l\u2019enseignement (TICE) et pour la recherche<\/h2>\n<p>&#8211; Ma\u00eetrise du logiciel de transcription et annotation multimodale\u00a0<strong><em>ELAN.<\/em><\/strong><\/p>\n<p>&#8211; Ma\u00eetrise du logiciel professionnel de montage vid\u00e9o <em><strong>Final Cut Pro.<\/strong><\/em><\/p>\n<p>&#8211; Ma\u00eetrise du syst\u00e8me de gestion de contenu <em><strong>WordPress<\/strong><\/em>.<\/p>\n<p>&#8211; Ma\u00eetrise de la plateforme de diffusion de cours\u00a0<strong><em>Spiral <\/em><em>Connect<\/em><\/strong>\u00a0de l\u2019Universit\u00e9 Lyon 1.<\/p>\n<p>&#8211; Participation au programme europ\u00e9en d\u2019\u00e9changes en ligne\u00a0<strong><em>eTwinning<\/em><\/strong>.<\/p>\n<p>&#8211; Ma\u00eetrise de\u00a0<strong><em>Visu<\/em><\/strong>\u00a0, logiciel de visioconf\u00e9rence interactive pour l&rsquo;enseignement \u00e0 distance.<\/p>\n<p>&#8211; Ma\u00eetrise de la plateforme d\u2019enseignement \u00e0 distance<strong><em>\u00a0Moodle.<\/em><\/strong><\/p>\n<p>&#8211; Connaissance de logiciels sp\u00e9cialis\u00e9s et utilis\u00e9s dans l\u2019enseignement des langues\u00a0tels que <em><strong>Hot Potatoes<\/strong><\/em>,\u00a0<strong><em>Tropes<\/em><\/strong>,\u00a0<strong><em>Web Sequitur, Audacity, etc.<\/em><\/strong><\/p>\n<p><strong><em>\u00a0<\/em><\/strong><\/p>\n","protected":false},"excerpt":{"rendered":"<p>Evaluation et membre de jury &#8211; Membre de jury lors des soutenances de projets personnels en humanit\u00e9s (PPH) des \u00e9tudiants de second cycle d\u2019ing\u00e9nieur \u00e0 l\u2019INSA de Lyon &#8211; \u00c9valuation des comp\u00e9tences langagi\u00e8res en vue d&rsquo;un positionnement et conception d\u2019\u00e9valuations &hellip; <a href=\"https:\/\/icar.cnrs.fr\/membre\/jvidal\/autres\/\">Continuer la lecture <span class=\"meta-nav\">&rarr;<\/span><\/a><\/p>\n","protected":false},"author":33,"featured_media":0,"parent":0,"menu_order":0,"comment_status":"closed","ping_status":"closed","template":"","meta":{"footnotes":""},"class_list":["post-158","page","type-page","status-publish","hentry"],"_links":{"self":[{"href":"https:\/\/icar.cnrs.fr\/membre\/jvidal\/wp-json\/wp\/v2\/pages\/158","targetHints":{"allow":["GET"]}}],"collection":[{"href":"https:\/\/icar.cnrs.fr\/membre\/jvidal\/wp-json\/wp\/v2\/pages"}],"about":[{"href":"https:\/\/icar.cnrs.fr\/membre\/jvidal\/wp-json\/wp\/v2\/types\/page"}],"author":[{"embeddable":true,"href":"https:\/\/icar.cnrs.fr\/membre\/jvidal\/wp-json\/wp\/v2\/users\/33"}],"replies":[{"embeddable":true,"href":"https:\/\/icar.cnrs.fr\/membre\/jvidal\/wp-json\/wp\/v2\/comments?post=158"}],"version-history":[{"count":17,"href":"https:\/\/icar.cnrs.fr\/membre\/jvidal\/wp-json\/wp\/v2\/pages\/158\/revisions"}],"predecessor-version":[{"id":213,"href":"https:\/\/icar.cnrs.fr\/membre\/jvidal\/wp-json\/wp\/v2\/pages\/158\/revisions\/213"}],"wp:attachment":[{"href":"https:\/\/icar.cnrs.fr\/membre\/jvidal\/wp-json\/wp\/v2\/media?parent=158"}],"curies":[{"name":"wp","href":"https:\/\/api.w.org\/{rel}","templated":true}]}}