{"id":4,"date":"2016-11-02T17:37:52","date_gmt":"2016-11-02T16:37:52","guid":{"rendered":"https:\/\/icar.cnrs.fr\/membre\/jvidal\/?page_id=4"},"modified":"2025-07-09T17:32:21","modified_gmt":"2025-07-09T15:32:21","slug":"accueil","status":"publish","type":"page","link":"https:\/\/icar.cnrs.fr\/membre\/jvidal\/","title":{"rendered":"Accueil"},"content":{"rendered":"<div class=\"cadregris\">\n<h2><strong>Julie VIDAL<\/strong><\/h2>\n<p><img loading=\"lazy\" decoding=\"async\" class=\"wp-image-194 size-full alignright\" src=\"https:\/\/icar.cnrs.fr\/membre\/jvidal\/wp-content\/uploads\/sites\/36\/2016\/11\/Capture-d\u2019e\u0301cran-2017-01-22-a\u0300-16.08.12.png\" width=\"155\" height=\"160\" \/><\/p>\n<p>Chercheuse associ\u00e9e au laboratoire ICAR<\/p>\n<p><span class=\"Style3\">Docteure en Sciences du langage &#8211; Didactique du fran\u00e7ais langue \u00e9trang\u00e8re (FLE)<br \/>\n<\/span><\/p>\n<p>Th\u00e8se sous la direction de Nicolas Guichon &#8211; soutenue le 30\/11\/2018<\/p>\n<p>Adresse du site compagnon de ma th\u00e8se : <a href=\"http:\/\/julievidal13.free.fr\/\" target=\"_blank\" rel=\"noopener noreferrer\">http:\/\/julievidal13.free.fr\/<\/a><\/p>\n<p>Enseignante de FLE \u00e0 l&rsquo;INSA Lyon<\/p>\n<p>M\u00e9l :\u00a0<a href=\"http:\/\/icar.univ-lyon2.fr\/membres\/jvidal\/Vidal_julie@yahoo.fr\">Vidal_julie@yahoo.fr<\/a><\/p>\n<p>&nbsp;<\/p>\n<p>Laboratoire :<br \/>\n<a href=\"http:\/\/icar.univ-lyon2.fr\/\">UMR 5191 ICAR<\/a>\u00a0(Interactions, Corpus, Apprentissage, Repr\u00e9sentations)<br \/>\n<em>Equipe<\/em>\u00a0:\u00a0Apprentissages, discours, interactions, savoirs (ADIS)<\/p>\n<p><b><\/b><strong>Adresse<\/strong><br \/>\nLaboratoire ICAR<br \/>\nEquipe \u00a0InSitu \/ ADIS \/ CEDILLES<br \/>\nEcole Normale Sup\u00e9rieure, Site Descartes<br \/>\n15, parvis Ren\u00e9 Descartes, BP 7000<br \/>\n69 342 Lyon Cedex 07<\/p>\n<\/div>\n<h2><\/h2>\n<p>&nbsp;<\/p>\n<p>&nbsp;<\/p>\n","protected":false},"excerpt":{"rendered":"<p>Julie VIDAL Chercheuse associ\u00e9e au laboratoire ICAR Docteure en Sciences du langage &#8211; Didactique du fran\u00e7ais langue \u00e9trang\u00e8re (FLE) Th\u00e8se sous la direction de Nicolas Guichon &#8211; soutenue le 30\/11\/2018 Adresse du site compagnon de ma th\u00e8se : http:\/\/julievidal13.free.fr\/ Enseignante &hellip; <a href=\"https:\/\/icar.cnrs.fr\/membre\/jvidal\/\">Continuer la lecture <span class=\"meta-nav\">&rarr;<\/span><\/a><\/p>\n","protected":false},"author":1,"featured_media":0,"parent":0,"menu_order":0,"comment_status":"closed","ping_status":"closed","template":"","meta":{"footnotes":""},"class_list":["post-4","page","type-page","status-publish","hentry"],"_links":{"self":[{"href":"https:\/\/icar.cnrs.fr\/membre\/jvidal\/wp-json\/wp\/v2\/pages\/4","targetHints":{"allow":["GET"]}}],"collection":[{"href":"https:\/\/icar.cnrs.fr\/membre\/jvidal\/wp-json\/wp\/v2\/pages"}],"about":[{"href":"https:\/\/icar.cnrs.fr\/membre\/jvidal\/wp-json\/wp\/v2\/types\/page"}],"author":[{"embeddable":true,"href":"https:\/\/icar.cnrs.fr\/membre\/jvidal\/wp-json\/wp\/v2\/users\/1"}],"replies":[{"embeddable":true,"href":"https:\/\/icar.cnrs.fr\/membre\/jvidal\/wp-json\/wp\/v2\/comments?post=4"}],"version-history":[{"count":84,"href":"https:\/\/icar.cnrs.fr\/membre\/jvidal\/wp-json\/wp\/v2\/pages\/4\/revisions"}],"predecessor-version":[{"id":219,"href":"https:\/\/icar.cnrs.fr\/membre\/jvidal\/wp-json\/wp\/v2\/pages\/4\/revisions\/219"}],"wp:attachment":[{"href":"https:\/\/icar.cnrs.fr\/membre\/jvidal\/wp-json\/wp\/v2\/media?parent=4"}],"curies":[{"name":"wp","href":"https:\/\/api.w.org\/{rel}","templated":true}]}}