{"id":10,"date":"2016-11-02T17:39:41","date_gmt":"2016-11-02T16:39:41","guid":{"rendered":"https:\/\/icar.cnrs.fr\/membre\/kdarmaun\/?page_id=10"},"modified":"2023-11-26T17:24:29","modified_gmt":"2023-11-26T16:24:29","slug":"enseignements","status":"publish","type":"page","link":"https:\/\/icar.cnrs.fr\/membre\/kdarmaun\/enseignements\/","title":{"rendered":"Enseignements"},"content":{"rendered":"<h2>2023-2024: ATER, LEA, Universit\u00e9 Jules Vernes Picardie<\/h2>\n<ul>\n<li>Version + Th\u00e8me (langue de sp\u00e9cialit\u00e9)<\/li>\n<li>Communication en milieu professionnel, langue de sp\u00e9cialit\u00e9<\/li>\n<li>Licence allemand d\u00e9butant : compr\u00e9hension orale\/\u00e9crite<\/li>\n<li>Allemand langue C (LANSAD)<\/li>\n<\/ul>\n<h2>2021-2023: ATER, UFR Etudes germaniques et nordiques, Sorbonne Universit\u00e9, Paris IV<\/h2>\n<ul>\n<li>CM de linguistique compar\u00e9e \u00ab\u00a0l&rsquo;argumentation dans le discours\u00a0\u00bb<\/li>\n<li>TD grammaire allemande<\/li>\n<li>TD prosodie \/ phon\u00e9tique<\/li>\n<li>TD version<\/li>\n<li>TD compr\u00e9hension et expression orale et \u00e9crite<\/li>\n<\/ul>\n<h2>2018-2021: Doctorante contractuelle, Ecole Normale Sup\u00e9rieure de Lyon<\/h2>\n<ul>\n<li>CM linguistique \u00ab\u00a0Le genre dans le discours\u00a0\u00bb<\/li>\n<li>TD grammaire allemande (morphosyntaxe, lin\u00e9arisation, groupes syntaxiques&#8230;)<\/li>\n<li>Version<\/li>\n<li>C2I2E unit\u00e9 TICE<\/li>\n<li>M\u00e9thodologie de la recherche<\/li>\n<\/ul>\n<h2>2017-2018: Assistante de Fran\u00e7ais, IGS Rotenburg W\u00fcmme<\/h2>\n<h2>2015-2016: Lectrice de Fran\u00e7ais, Universit\u00e4t Regensburg<\/h2>\n","protected":false},"excerpt":{"rendered":"<p>2023-2024: ATER, LEA, Universit\u00e9 Jules Vernes Picardie Version + Th\u00e8me (langue de sp\u00e9cialit\u00e9) Communication en milieu professionnel, langue de sp\u00e9cialit\u00e9 Licence allemand d\u00e9butant : compr\u00e9hension orale\/\u00e9crite Allemand langue C (LANSAD) 2021-2023: ATER, UFR Etudes germaniques et nordiques, Sorbonne Universit\u00e9, Paris &hellip; <a href=\"https:\/\/icar.cnrs.fr\/membre\/kdarmaun\/enseignements\/\">Continuer la lecture <span class=\"meta-nav\">&rarr;<\/span><\/a><\/p>\n","protected":false},"author":1,"featured_media":0,"parent":0,"menu_order":3,"comment_status":"closed","ping_status":"closed","template":"","meta":{"footnotes":""},"class_list":["post-10","page","type-page","status-publish","hentry"],"_links":{"self":[{"href":"https:\/\/icar.cnrs.fr\/membre\/kdarmaun\/wp-json\/wp\/v2\/pages\/10","targetHints":{"allow":["GET"]}}],"collection":[{"href":"https:\/\/icar.cnrs.fr\/membre\/kdarmaun\/wp-json\/wp\/v2\/pages"}],"about":[{"href":"https:\/\/icar.cnrs.fr\/membre\/kdarmaun\/wp-json\/wp\/v2\/types\/page"}],"author":[{"embeddable":true,"href":"https:\/\/icar.cnrs.fr\/membre\/kdarmaun\/wp-json\/wp\/v2\/users\/1"}],"replies":[{"embeddable":true,"href":"https:\/\/icar.cnrs.fr\/membre\/kdarmaun\/wp-json\/wp\/v2\/comments?post=10"}],"version-history":[{"count":31,"href":"https:\/\/icar.cnrs.fr\/membre\/kdarmaun\/wp-json\/wp\/v2\/pages\/10\/revisions"}],"predecessor-version":[{"id":249,"href":"https:\/\/icar.cnrs.fr\/membre\/kdarmaun\/wp-json\/wp\/v2\/pages\/10\/revisions\/249"}],"wp:attachment":[{"href":"https:\/\/icar.cnrs.fr\/membre\/kdarmaun\/wp-json\/wp\/v2\/media?parent=10"}],"curies":[{"name":"wp","href":"https:\/\/api.w.org\/{rel}","templated":true}]}}