{"id":8,"date":"2016-11-02T17:38:51","date_gmt":"2016-11-02T16:38:51","guid":{"rendered":"https:\/\/icar.cnrs.fr\/membre\/kdarmaun\/?page_id=8"},"modified":"2024-01-10T16:11:27","modified_gmt":"2024-01-10T15:11:27","slug":"publications","status":"publish","type":"page","link":"https:\/\/icar.cnrs.fr\/membre\/kdarmaun\/publications\/","title":{"rendered":"Publications"},"content":{"rendered":"<h1>Liste des publications sur HAL<\/h1>\n\n\n\n<!-- Piwik -->\n<script type=\"text\/javascript\">\n  var _paq = _paq || [];\n  _paq.push(['trackPageView']);\n  _paq.push(['enableLinkTracking']);\n  (function() {\n    var u=\"\/\/piwik.inria.fr\/\";\n    _paq.push(['setTrackerUrl', u+'piwik.php']);\n    _paq.push(['setSiteId', 26]);\n    var d=document, g=d.createElement('script'), s=d.getElementsByTagName('script')[0];\n    g.type='text\/javascript'; g.async=true; g.defer=true; g.src=u+'piwik.js'; s.parentNode.insertBefore(g,s);\n  })();\n<\/script>\n<noscript><p><img decoding=\"async\" src=\"\/\/piwik.inria.fr\/piwik.php?idsite=26\" style=\"border:0;\" alt=\"\" \/><\/p><\/noscript>\n<!-- End Piwik Code -->\n\n<div id=\"res_script\">\n<p class='Rubrique'>2023<\/p>\n<p class='SousRubrique'>Article dans une revue<\/p>\n<dl class='NoticeRes'>\n<dt class=\"ChampRes\">ref_biblio<\/dt><dd class=\"ValeurRes ref_biblio\">Katia Darmaun. La textualit\u00e9 rythmique d'un discours hors-normes : le discours int\u00e9rieur dans La Mort de Virgile de Hermann Broch. <i>Le discours hors-norme(s) ou l\u2019atypie du discours<\/i>, 2023, Actes de Colloque. <a target=\"_blank\" href=\"https:\/\/hal.science\/hal-04330240v1\">&#x27E8;hal-04330240&#x27E9;<\/a><\/dd>\n<dt class=\"ChampRes\">Acc\u00e8s au bibtex<\/dt>\n<dd class=\"ValeurRes LienBibtex\">\n<a href=\"https:\/\/hal.science\/hal-04330240v1\/bibtex\" target=\"_self\">\n<img decoding=\"async\" alt=\"BibTex\" src=\"https:\/\/haltools.archives-ouvertes.fr\/images\/Haltools_bibtex3.png\" border=\"0\"  title=\"BibTex\" \/><\/a>\n<\/dd>\n<\/dl>\n<p class='Rubrique'>2022<\/p>\n<p class='SousRubrique'>Communication dans un congr\u00e8s<\/p>\n<dl class='NoticeRes'>\n<dt class=\"ChampRes\">ref_biblio<\/dt><dd class=\"ValeurRes ref_biblio\">Katia Darmaun. Mode de textualit\u00e9 d\u2019un discours hors-normes : le discours endophasique dans la mort de Virgile de\r\nHermann Broch. <i>LE DISCOURS HORS-NORME(S) OU L'ATYPIE DU DISCOURS<\/i>, Jun 2022, Montpellier, France. <a target=\"_blank\" href=\"https:\/\/ens-lyon.hal.science\/ensl-03954075v1\">&#x27E8;ensl-03954075&#x27E9;<\/a><\/dd>\n<dt class=\"ChampRes\">Acc\u00e8s au bibtex<\/dt>\n<dd class=\"ValeurRes LienBibtex\">\n<a href=\"https:\/\/ens-lyon.hal.science\/ensl-03954075v1\/bibtex\" target=\"_self\">\n<img decoding=\"async\" alt=\"BibTex\" src=\"https:\/\/haltools.archives-ouvertes.fr\/images\/Haltools_bibtex3.png\" border=\"0\"  title=\"BibTex\" \/><\/a>\n<\/dd>\n<\/dl>\n<p class='Rubrique'>2021<\/p>\n<p class='SousRubrique'>Article dans une revue<\/p>\n<dl class='NoticeRes'>\n<dt class=\"ChampRes\">ref_biblio<\/dt><dd class=\"ValeurRes ref_biblio\">Katia Darmaun. Compte-rendu de Nora HEINICKE \"Gemischtwarenladen Wissenschaftblog? Eine Textlinguistische Untersuchung der Musterhaftigkeit in Wissenschaftsblogs, 2020\". <i>Nouveaux Cahiers d'Allemand : Revue de linguistique et de didactique<\/i>, 2021. <a target=\"_blank\" href=\"https:\/\/ens-lyon.hal.science\/ensl-03849568v1\">&#x27E8;ensl-03849568&#x27E9;<\/a><\/dd>\n<dt class=\"ChampRes\">Acc\u00e8s au bibtex<\/dt>\n<dd class=\"ValeurRes LienBibtex\">\n<a href=\"https:\/\/ens-lyon.hal.science\/ensl-03849568v1\/bibtex\" target=\"_self\">\n<img decoding=\"async\" alt=\"BibTex\" src=\"https:\/\/haltools.archives-ouvertes.fr\/images\/Haltools_bibtex3.png\" border=\"0\"  title=\"BibTex\" \/><\/a>\n<\/dd>\n<\/dl>\n<p class='Rubrique'>2020<\/p>\n<p class='SousRubrique'>Article dans une revue<\/p>\n<dl class='NoticeRes'>\n<dt class=\"ChampRes\">ref_biblio<\/dt><dd class=\"ValeurRes ref_biblio\">Katia Darmaun. L'attaque rh\u00e9matique en allemand : un marqueur syntaxique du discours int\u00e9rieur ?. <i>Nouveaux Cahiers d'Allemand : Revue de linguistique et de didactique<\/i>, 2020, 38 (3), pp.347-358. <a target=\"_blank\" href=\"https:\/\/ens-lyon.hal.science\/ensl-03211476v1\">&#x27E8;ensl-03211476&#x27E9;<\/a><\/dd>\n<dt class=\"ChampRes\">Acc\u00e8s au bibtex<\/dt>\n<dd class=\"ValeurRes LienBibtex\">\n<a href=\"https:\/\/ens-lyon.hal.science\/ensl-03211476v1\/bibtex\" target=\"_self\">\n<img decoding=\"async\" alt=\"BibTex\" src=\"https:\/\/haltools.archives-ouvertes.fr\/images\/Haltools_bibtex3.png\" border=\"0\"  title=\"BibTex\" \/><\/a>\n<\/dd>\n<\/dl>\n<\/div>\n\n<h1>Communications<\/h1>\n<h2>2023<\/h2>\n<p>\u00ab Rythme et textualit\u00e9 dans le discours int\u00e9rieur : <em>Der Tod des Vergil<\/em> de Hermann Broch \u00bb, dans le cadre du s\u00e9minaire SELIA, ENS de Lyon (9 d\u00e9cembre 2023)<\/p>\n<h2>2022<\/h2>\n<p>\u00ab Textualit\u00e9 musicale dans le discours int\u00e9rieur : <em>Der Tod des Vergil<\/em> de Hermann Broch \u00bb, invit\u00e9e dans le cadre du s\u00e9minaire doctoral du CeLiSo, Sorbonne Universit\u00e9 \/ Lettres (28 octobre 2022)<\/p>\n<p>\u00ab Modes de textualit\u00e9 d\u2019un discours hors-normes : le discours endophasique dans <em>Der Tod des Vergil<\/em> de Hermann Broch \u00bb, Colloque des Jeunes Chercheurs de PRAXILING, Universit\u00e9 Paul Val\u00e9ry, Montpellier 3 (21-22 juin 2022).<\/p>\n<p>\u00ab Les ph\u00e9nom\u00e8nes de textualit\u00e9 endophasique dans <em>Der Tod des Vergil<\/em> de Hermann Broch \u00bb, invit\u00e9e dans le cadre du s\u00e9minaire de recherche CRIT, Universit\u00e9 Franche-Comt\u00e9 (11 mars 2022).<\/p>\n<h2>2021<\/h2>\n<p>\u00ab Rythme et musicalit\u00e9 de la parole int\u00e9rieure dans <em>Der Tod des Vergil<\/em> de Hermann Broch \u00bb, dans le cadre de la journ\u00e9e d\u2019\u00e9tude du programme de recherche Monologuer du laboratoire CERILAC, Universit\u00e9 de Paris, \u00ab Langage int\u00e9rieur et musique \u00bb (05 mars 2021).<\/p>\n","protected":false},"excerpt":{"rendered":"<p>Liste des publications sur HAL Communications 2023 \u00ab Rythme et textualit\u00e9 dans le discours int\u00e9rieur : Der Tod des Vergil de Hermann Broch \u00bb, dans le cadre du s\u00e9minaire SELIA, ENS de Lyon (9 d\u00e9cembre 2023) 2022 \u00ab Textualit\u00e9 musicale &hellip; <a href=\"https:\/\/icar.cnrs.fr\/membre\/kdarmaun\/publications\/\">Continuer la lecture <span class=\"meta-nav\">&rarr;<\/span><\/a><\/p>\n","protected":false},"author":1,"featured_media":0,"parent":0,"menu_order":2,"comment_status":"closed","ping_status":"closed","template":"","meta":{"footnotes":""},"class_list":["post-8","page","type-page","status-publish","hentry"],"_links":{"self":[{"href":"https:\/\/icar.cnrs.fr\/membre\/kdarmaun\/wp-json\/wp\/v2\/pages\/8","targetHints":{"allow":["GET"]}}],"collection":[{"href":"https:\/\/icar.cnrs.fr\/membre\/kdarmaun\/wp-json\/wp\/v2\/pages"}],"about":[{"href":"https:\/\/icar.cnrs.fr\/membre\/kdarmaun\/wp-json\/wp\/v2\/types\/page"}],"author":[{"embeddable":true,"href":"https:\/\/icar.cnrs.fr\/membre\/kdarmaun\/wp-json\/wp\/v2\/users\/1"}],"replies":[{"embeddable":true,"href":"https:\/\/icar.cnrs.fr\/membre\/kdarmaun\/wp-json\/wp\/v2\/comments?post=8"}],"version-history":[{"count":55,"href":"https:\/\/icar.cnrs.fr\/membre\/kdarmaun\/wp-json\/wp\/v2\/pages\/8\/revisions"}],"predecessor-version":[{"id":255,"href":"https:\/\/icar.cnrs.fr\/membre\/kdarmaun\/wp-json\/wp\/v2\/pages\/8\/revisions\/255"}],"wp:attachment":[{"href":"https:\/\/icar.cnrs.fr\/membre\/kdarmaun\/wp-json\/wp\/v2\/media?parent=8"}],"curies":[{"name":"wp","href":"https:\/\/api.w.org\/{rel}","templated":true}]}}