{"id":10,"date":"2016-11-02T17:39:41","date_gmt":"2016-11-02T16:39:41","guid":{"rendered":"https:\/\/icar.cnrs.fr\/membre\/krobinault\/?page_id=10"},"modified":"2025-07-09T16:01:17","modified_gmt":"2025-07-09T14:01:17","slug":"enseignements","status":"publish","type":"page","link":"https:\/\/icar.cnrs.fr\/membre\/krobinault\/enseignements\/","title":{"rendered":"Enseignements"},"content":{"rendered":"<h3>Activit\u00e9s d\u2019enseignement et de formation<\/h3>\n<ul>\n<li>Formations en didactique des sciences (master Didactique des sciences), en m\u00e9thodologie de la recherche)<\/li>\n<li>Formations \u00e0 l&rsquo;enseignement et d\u00e9veloppement professionnel des agr\u00e9gatifs (conception de cours, tutorat, introduction \u00e0 la didactique des sciences).<\/li>\n<li>Formations en sciences de l\u2019\u00e9ducation et de la formation (M1 : Professeurs de \u00e9coles), \u00e0 la didactique des math\u00e9matiques (L3), aux th\u00e9ories de l\u2019apprentissage (L3), TICE et p\u00e9dagogie (L3)<\/li>\n<li>Co-auteur du manuel universitaire : didactique et apprentissage (Cours CNED &#8211; L3)<\/li>\n<li>Stages de formations continues d\u2019enseignants de sciences physiques (PAF acad\u00e9mie de Lyon), formations de formateurs IFE, formation COMENIUS \u00ab\u00a0Computer Aided Teaching\u00a0\u00bb<\/li>\n<\/ul>\n<h3>Responsabilit\u00e9s p\u00e9dagogiques<\/h3>\n<ul>\n<li>Directrice du d\u00e9partement Education et Humanit\u00e9s Num\u00e9riques de l\u2019ENS de Lyon depuis septembre 2016 (2 masters, formations transversales li\u00e9es \u00e0 l&rsquo;enseignement et d\u00e9veloppement professionnel \u00e0 l\u2019ENS, formations aux technologies num\u00e9riques appliqu\u00e9es \u00e0 l&rsquo;enseignement et \u00e0 la recherche en Lettres et sciences humaines)<\/li>\n<li>Responsable de la mention de master Didactique des Sciences (ENS de Lyon, Universit\u00e9 Lyon 1, Universit\u00e9 de Montpellier, 2016-2020 et 2021-2025)<\/li>\n<li>Responsable des modules transversaux de d\u00e9veloppement professionnel des 16 masters FEADP (pr\u00e9paration \u00e0 l\u2019agr\u00e9gation) de l\u2019ENS de Lyon depuis septembre 2016<\/li>\n<li>Responsable des UE de didactique de la physique et de la chimie du master HPDS de 2011 \u00e0 2016<\/li>\n<li>De 2005 \u00e0 2009\u00a0: Coordinatrice p\u00e9dagogique du master Didactiques et interactions (Lyon 2)<\/li>\n<\/ul>\n","protected":false},"excerpt":{"rendered":"<p>Activit\u00e9s d\u2019enseignement et de formation Formations en didactique des sciences (master Didactique des sciences), en m\u00e9thodologie de la recherche) Formations \u00e0 l&rsquo;enseignement et d\u00e9veloppement professionnel des agr\u00e9gatifs (conception de cours, tutorat, introduction \u00e0 la didactique des sciences). Formations en sciences &hellip; <a href=\"https:\/\/icar.cnrs.fr\/membre\/krobinault\/enseignements\/\">Continuer la lecture <span class=\"meta-nav\">&rarr;<\/span><\/a><\/p>\n","protected":false},"author":1,"featured_media":0,"parent":0,"menu_order":3,"comment_status":"closed","ping_status":"closed","template":"","meta":{"footnotes":""},"class_list":["post-10","page","type-page","status-publish","hentry"],"_links":{"self":[{"href":"https:\/\/icar.cnrs.fr\/membre\/krobinault\/wp-json\/wp\/v2\/pages\/10","targetHints":{"allow":["GET"]}}],"collection":[{"href":"https:\/\/icar.cnrs.fr\/membre\/krobinault\/wp-json\/wp\/v2\/pages"}],"about":[{"href":"https:\/\/icar.cnrs.fr\/membre\/krobinault\/wp-json\/wp\/v2\/types\/page"}],"author":[{"embeddable":true,"href":"https:\/\/icar.cnrs.fr\/membre\/krobinault\/wp-json\/wp\/v2\/users\/1"}],"replies":[{"embeddable":true,"href":"https:\/\/icar.cnrs.fr\/membre\/krobinault\/wp-json\/wp\/v2\/comments?post=10"}],"version-history":[{"count":12,"href":"https:\/\/icar.cnrs.fr\/membre\/krobinault\/wp-json\/wp\/v2\/pages\/10\/revisions"}],"predecessor-version":[{"id":204,"href":"https:\/\/icar.cnrs.fr\/membre\/krobinault\/wp-json\/wp\/v2\/pages\/10\/revisions\/204"}],"wp:attachment":[{"href":"https:\/\/icar.cnrs.fr\/membre\/krobinault\/wp-json\/wp\/v2\/media?parent=10"}],"curies":[{"name":"wp","href":"https:\/\/api.w.org\/{rel}","templated":true}]}}