{"id":164,"date":"2016-12-16T10:57:12","date_gmt":"2016-12-16T09:57:12","guid":{"rendered":"https:\/\/icar.cnrs.fr\/membre\/krobinault\/?page_id=164"},"modified":"2025-07-09T15:59:35","modified_gmt":"2025-07-09T13:59:35","slug":"parcours","status":"publish","type":"page","link":"https:\/\/icar.cnrs.fr\/membre\/krobinault\/parcours\/","title":{"rendered":"Parcours"},"content":{"rendered":"<h2>Statuts universitaires<\/h2>\n<ul>\n<li>Depuis Novembre 2016\u00a0: charg\u00e9e de recherches au sein de l\u2019UMR ICAR (Lyon 2 \u2013 CNRS \u2013 ENS de Lyon)<\/li>\n<li>De janvier 2012 \u00e0 Octobre 2016\u00a0: charg\u00e9e de recherches au sein de l\u2019EA S2HEP (Lyon 1 \u2013 ENS de Lyon)<\/li>\n<li>De Septembre 2012 \u00e0 D\u00e9cembre 2015\u00a0: directrice adjointe de l\u2019unit\u00e9 de recherche S2HEP<\/li>\n<li>De septembre 2003 \u00e0 d\u00e9cembre 2011 charg\u00e9e de recherches au sein de l\u2019UMR ICAR (CNRS, universite\u0301 Lumie\u0300re-Lyon 2, ENS Lyon, INRP, ENS-LSH)<\/li>\n<\/ul>\n<h2>Formation<\/h2>\n<ul>\n<li>2015\u00a0: Habilitation \u00e0 Diriger des Recherches \u2013 Universit\u00e9 Toulouse Jean Jaur\u00e8s. Un cadre \u00e9pist\u00e9mo-s\u00e9miotique pour concevoir des s\u00e9ances et analyser des pratiques d\u2019enseignement et d\u2019\u00e9tude de la physique. Ancrages th\u00e9oriques et r\u00e9sultats. Directeur\u00a0: Patrice Venturini.<\/li>\n<li>1997\u00a0: Doctorat Nouveau R\u00e9gime en Didactique de la Physique &#8211; Universit\u00e9 Lyon I (Mention Tr\u00e8s honorable avec les f\u00e9licitations du Jury)\u00a0: \u00ab\u00a0R\u00f4le de l&rsquo;exp\u00e9rience en classe de physique dans l&rsquo;acquisition des connaissances sur les ph\u00e9nom\u00e8nes \u00e9nerg\u00e9tiques\u00a0\u00bb. Directrice : Andr\u00e9e Tiberghien.<\/li>\n<li>1993\u00a0: DEA Didactique des Disciplines scientifiques \u00e0 l\u2019Universit\u00e9 Claude Bernard Lyon 1.<\/li>\n<li>1992\u00a0: Ma\u00eetrise \u00e8s Sciences Physiques \u00e0 l\u2019Universit\u00e9 Claude Bernard Lyon 1.<\/li>\n<\/ul>\n","protected":false},"excerpt":{"rendered":"<p>Statuts universitaires Depuis Novembre 2016\u00a0: charg\u00e9e de recherches au sein de l\u2019UMR ICAR (Lyon 2 \u2013 CNRS \u2013 ENS de Lyon) De janvier 2012 \u00e0 Octobre 2016\u00a0: charg\u00e9e de recherches au sein de l\u2019EA S2HEP (Lyon 1 \u2013 ENS de &hellip; <a href=\"https:\/\/icar.cnrs.fr\/membre\/krobinault\/parcours\/\">Continuer la lecture <span class=\"meta-nav\">&rarr;<\/span><\/a><\/p>\n","protected":false},"author":1,"featured_media":0,"parent":0,"menu_order":0,"comment_status":"closed","ping_status":"closed","template":"","meta":{"footnotes":""},"class_list":["post-164","page","type-page","status-publish","hentry"],"_links":{"self":[{"href":"https:\/\/icar.cnrs.fr\/membre\/krobinault\/wp-json\/wp\/v2\/pages\/164","targetHints":{"allow":["GET"]}}],"collection":[{"href":"https:\/\/icar.cnrs.fr\/membre\/krobinault\/wp-json\/wp\/v2\/pages"}],"about":[{"href":"https:\/\/icar.cnrs.fr\/membre\/krobinault\/wp-json\/wp\/v2\/types\/page"}],"author":[{"embeddable":true,"href":"https:\/\/icar.cnrs.fr\/membre\/krobinault\/wp-json\/wp\/v2\/users\/1"}],"replies":[{"embeddable":true,"href":"https:\/\/icar.cnrs.fr\/membre\/krobinault\/wp-json\/wp\/v2\/comments?post=164"}],"version-history":[{"count":2,"href":"https:\/\/icar.cnrs.fr\/membre\/krobinault\/wp-json\/wp\/v2\/pages\/164\/revisions"}],"predecessor-version":[{"id":202,"href":"https:\/\/icar.cnrs.fr\/membre\/krobinault\/wp-json\/wp\/v2\/pages\/164\/revisions\/202"}],"wp:attachment":[{"href":"https:\/\/icar.cnrs.fr\/membre\/krobinault\/wp-json\/wp\/v2\/media?parent=164"}],"curies":[{"name":"wp","href":"https:\/\/api.w.org\/{rel}","templated":true}]}}