{"id":4,"date":"2016-11-02T17:37:52","date_gmt":"2016-11-02T16:37:52","guid":{"rendered":"https:\/\/icar.cnrs.fr\/membre\/krobinault\/?page_id=4"},"modified":"2025-09-02T11:34:45","modified_gmt":"2025-09-02T09:34:45","slug":"accueil","status":"publish","type":"page","link":"https:\/\/icar.cnrs.fr\/membre\/krobinault\/","title":{"rendered":"Accueil"},"content":{"rendered":"<div class=\"cadregris\">\n<h2><strong>Karine B\u00e9cu-Robinault<\/strong><\/h2>\n<p>Professeure des Universit\u00e9s<img loading=\"lazy\" decoding=\"async\" class=\"wp-image-212  alignright\" src=\"https:\/\/icar.cnrs.fr\/membre\/krobinault\/wp-content\/uploads\/sites\/96\/2025\/09\/IMG_1872_SnapseedCopy-258x300.jpeg\" alt=\"\" width=\"134\" height=\"154\" \/><br \/>\nENS de Lyon<\/p>\n<p>Charg\u00e9e de recherches au laboratoire\u00a0<a href=\"http:\/\/icar.univ-lyon2.fr\/\">ICAR<\/a>\u00a0<a href=\"http:\/\/icar.univ-lyon2.fr\/\">UMR 5191<\/a><br \/>\n<em>Equipe<\/em> : <a href=\"https:\/\/icar.cnrs.fr\/recherche\/interactions-cognitions\/\">Interactions, Cognitions<\/a><br \/>\n<em>Axe<\/em>: <a href=\"https:\/\/icar.cnrs.fr\/langage-travail-et-apprentissage\/\">Langage, Travail et Apprentissage<\/a><\/p>\n<p style=\"text-align: left\">Directrice du d\u00e9partement <a href=\"https:\/\/ehn.ens-lyon.fr\">Education et humanit\u00e9s num\u00e9riques<\/a><br \/>\nCo-responsable de l&rsquo;axe transversal Langage, Travail et Apprentissage<br \/>\nMembre du comit\u00e9 de pilotage du <a href=\"http:\/\/lle.ens-lyon.fr\">Laboratoire de l&rsquo;Education<\/a> (UAR 3773, CNRS \/ ENS de Lyon)<\/p>\n<p style=\"text-align: left\"><a href=\"mailto:Karine.Robinault@ens-lyon.fr\">Karine.Robinault@ens-lyon.fr<\/a><\/p>\n<p><strong>Adresse<br \/>\n<\/strong>Laboratoire ICAR<br \/>\nEcole Normale Sup\u00e9rieure de Lyon<br \/>\n15 parvis Ren\u00e9 Descartes &#8211; BP 7000<br \/>\n69342 LYON Cedex 07<br \/>\nFrance<\/p>\n<\/div>\n","protected":false},"excerpt":{"rendered":"<p>Karine B\u00e9cu-Robinault Professeure des Universit\u00e9s ENS de Lyon Charg\u00e9e de recherches au laboratoire\u00a0ICAR\u00a0UMR 5191 Equipe : Interactions, Cognitions Axe: Langage, Travail et Apprentissage Directrice du d\u00e9partement Education et humanit\u00e9s num\u00e9riques Co-responsable de l&rsquo;axe transversal Langage, Travail et Apprentissage Membre du &hellip; <a href=\"https:\/\/icar.cnrs.fr\/membre\/krobinault\/\">Continuer la lecture <span class=\"meta-nav\">&rarr;<\/span><\/a><\/p>\n","protected":false},"author":1,"featured_media":0,"parent":0,"menu_order":0,"comment_status":"closed","ping_status":"closed","template":"","meta":{"footnotes":""},"class_list":["post-4","page","type-page","status-publish","hentry"],"_links":{"self":[{"href":"https:\/\/icar.cnrs.fr\/membre\/krobinault\/wp-json\/wp\/v2\/pages\/4","targetHints":{"allow":["GET"]}}],"collection":[{"href":"https:\/\/icar.cnrs.fr\/membre\/krobinault\/wp-json\/wp\/v2\/pages"}],"about":[{"href":"https:\/\/icar.cnrs.fr\/membre\/krobinault\/wp-json\/wp\/v2\/types\/page"}],"author":[{"embeddable":true,"href":"https:\/\/icar.cnrs.fr\/membre\/krobinault\/wp-json\/wp\/v2\/users\/1"}],"replies":[{"embeddable":true,"href":"https:\/\/icar.cnrs.fr\/membre\/krobinault\/wp-json\/wp\/v2\/comments?post=4"}],"version-history":[{"count":56,"href":"https:\/\/icar.cnrs.fr\/membre\/krobinault\/wp-json\/wp\/v2\/pages\/4\/revisions"}],"predecessor-version":[{"id":213,"href":"https:\/\/icar.cnrs.fr\/membre\/krobinault\/wp-json\/wp\/v2\/pages\/4\/revisions\/213"}],"wp:attachment":[{"href":"https:\/\/icar.cnrs.fr\/membre\/krobinault\/wp-json\/wp\/v2\/media?parent=4"}],"curies":[{"name":"wp","href":"https:\/\/api.w.org\/{rel}","templated":true}]}}