{"id":4,"date":"2016-11-02T17:37:52","date_gmt":"2016-11-02T16:37:52","guid":{"rendered":"https:\/\/icar.cnrs.fr\/membre\/lacosta\/?page_id=4"},"modified":"2025-09-09T10:52:24","modified_gmt":"2025-09-09T08:52:24","slug":"accueil","status":"publish","type":"page","link":"https:\/\/icar.cnrs.fr\/membre\/lacosta\/","title":{"rendered":"Accueil"},"content":{"rendered":"<h1><strong>Luisa Fernanda Acosta C<\/strong>\u00f3<strong>rdoba<\/strong><\/h1>\n<h2><img loading=\"lazy\" decoding=\"async\" class=\"alignright wp-image-169 size-thumbnail\" src=\"https:\/\/icar.cnrs.fr\/membre\/lacosta\/wp-content\/uploads\/sites\/128\/2018\/09\/IMG-20170805-WA0004-150x150.jpg\" alt=\"\" width=\"150\" height=\"150\" \/><\/h2>\n<p><strong>Ma\u00eetresse de conf\u00e9rences en sciences du langage<\/strong><br \/>\nUniversit\u00e9 Lumi\u00e8re Lyon 2<\/p>\n<p>Membre permanent de l&rsquo;\u00e9quipe <a href=\"https:\/\/icar.cnrs.fr\/recherche\/syntaxe-sens-textualite\/\">SST<\/a><\/p>\n<p style=\"text-align: left\" xml:lang=\"fr\"><strong>Email : <\/strong><span class=\"username\">luisa.acosta-cordoba [at] univ-lyon2.fr<\/span><\/p>\n<p xml:lang=\"fr\"><strong>ORCID : <\/strong><a href=\"https:\/\/orcid.org\/0009-0006-9802-7819\">https:\/\/orcid.org\/0009-0006-9802-7819<\/a><\/p>\n<p><strong>HAL :<\/strong>\u00a0<a href=\"https:\/\/cv.hal.science\/luisa-acosta-cordoba\">https:\/\/cv.hal.science\/luisa-acosta-cordoba<\/a><\/p>\n<p style=\"text-align: left\"><strong>Adresse<br \/>\n<\/strong>Laboratoire ICAR<br \/>\nEcole Normale Sup\u00e9rieure de Lyon<br \/>\n15 parvis Ren\u00e9 Descartes &#8211; BP 7000<br \/>\n69342 LYON Cedex 07<br \/>\nFrance<\/p>\n","protected":false},"excerpt":{"rendered":"<p>Luisa Fernanda Acosta C\u00f3rdoba Ma\u00eetresse de conf\u00e9rences en sciences du langage Universit\u00e9 Lumi\u00e8re Lyon 2 Membre permanent de l&rsquo;\u00e9quipe SST Email : luisa.acosta-cordoba [at] univ-lyon2.fr ORCID : https:\/\/orcid.org\/0009-0006-9802-7819 HAL :\u00a0https:\/\/cv.hal.science\/luisa-acosta-cordoba Adresse Laboratoire ICAR Ecole Normale Sup\u00e9rieure de Lyon 15 parvis &hellip; <a href=\"https:\/\/icar.cnrs.fr\/membre\/lacosta\/\">Continuer la lecture <span class=\"meta-nav\">&rarr;<\/span><\/a><\/p>\n","protected":false},"author":1,"featured_media":0,"parent":0,"menu_order":0,"comment_status":"closed","ping_status":"closed","template":"","meta":{"footnotes":""},"class_list":["post-4","page","type-page","status-publish","hentry"],"_links":{"self":[{"href":"https:\/\/icar.cnrs.fr\/membre\/lacosta\/wp-json\/wp\/v2\/pages\/4","targetHints":{"allow":["GET"]}}],"collection":[{"href":"https:\/\/icar.cnrs.fr\/membre\/lacosta\/wp-json\/wp\/v2\/pages"}],"about":[{"href":"https:\/\/icar.cnrs.fr\/membre\/lacosta\/wp-json\/wp\/v2\/types\/page"}],"author":[{"embeddable":true,"href":"https:\/\/icar.cnrs.fr\/membre\/lacosta\/wp-json\/wp\/v2\/users\/1"}],"replies":[{"embeddable":true,"href":"https:\/\/icar.cnrs.fr\/membre\/lacosta\/wp-json\/wp\/v2\/comments?post=4"}],"version-history":[{"count":79,"href":"https:\/\/icar.cnrs.fr\/membre\/lacosta\/wp-json\/wp\/v2\/pages\/4\/revisions"}],"predecessor-version":[{"id":353,"href":"https:\/\/icar.cnrs.fr\/membre\/lacosta\/wp-json\/wp\/v2\/pages\/4\/revisions\/353"}],"wp:attachment":[{"href":"https:\/\/icar.cnrs.fr\/membre\/lacosta\/wp-json\/wp\/v2\/media?parent=4"}],"curies":[{"name":"wp","href":"https:\/\/api.w.org\/{rel}","templated":true}]}}