{"id":4,"date":"2016-11-02T17:37:52","date_gmt":"2016-11-02T16:37:52","guid":{"rendered":"https:\/\/icar.cnrs.fr\/membre\/lbujon\/?page_id=4"},"modified":"2023-07-25T17:26:18","modified_gmt":"2023-07-25T15:26:18","slug":"accueil","status":"publish","type":"page","link":"https:\/\/icar.cnrs.fr\/membre\/lbujon\/","title":{"rendered":"Accueil"},"content":{"rendered":"<div class=\"cadregris\">\n<p><img loading=\"lazy\" decoding=\"async\" class=\"size-full wp-image-86 alignright\" style=\"float: right\" src=\"https:\/\/icar.cnrs.fr\/membre\/lbujon\/wp-content\/uploads\/sites\/11\/2016\/11\/Bujon.jpg\" alt=\"bujon\" width=\"151\" height=\"197\" \/><span style=\"font-size: 14pt\"><strong>Lucie Bujon<\/strong><\/span><br \/>\nSecr\u00e9taire g\u00e9n\u00e9rale du laboratoire ICAR<br \/>\nM\u00e8l :\u00a0<a href=\"Lucie.Bujon@ens-lyon.fr\">Lucie.Bujon@ens-lyon.fr<br \/>\n<\/a>Tel. : 04 37 37 66 41<\/p>\n<p><strong>Adresse<\/strong><br \/>\nLaboratoire ICAR<br \/>\nEcole Normale Sup\u00e9rieure, Site Descartes<br \/>\n15, parvis Ren\u00e9 Descartes, BP 7000<br \/>\n69342 Lyon Cedex 07<\/p>\n<\/div>\n<h2><\/h2>\n<h4>Fonctions :<\/h4>\n<ul>\n<li>Collaboration avec la direction pour \u00e9tablir la strat\u00e9gie politique et scientifique du laboratoire<\/li>\n<li>Coordination de l&rsquo;\u00e9quipe du service commun (Responsable du p\u00f4le gestion administrative et financi\u00e8re, p\u00f4le documentation, Cellule informatique, Cellule Corpus Ing\u00e9nierie Audiovisuelle, Cellule Communication et Valorisation et Cellule Montage de projets).<\/li>\n<li>Pilotage du suivi du budget.<\/li>\n<li>Responsable de la commission finances<\/li>\n<li>Suivi des ressources humaines de l&rsquo;unit\u00e9.<\/li>\n<li>Organisation des \u00e9v\u00e9nements (colloques, journ\u00e9es d&rsquo;\u00e9tudes, s\u00e9minaires).<\/li>\n<li>R\u00e9alisations de rapports documentaires, enqu\u00eates des \u00e9tablissements<\/li>\n<\/ul>\n<h4>Activit\u00e9s transversales :<\/h4>\n<ul>\n<li>Membre \u00e9lue au conseil de laboratoire<\/li>\n<li>Correspondante Formation<\/li>\n<li>Membre du comit\u00e9 de pilotage du labex ASLAN<\/li>\n<\/ul>\n<h4>R\u00e9seaux m\u00e9tiers :<\/h4>\n<ul>\n<li>Animatrice du r\u00e9seau RALYRA (R\u00e9seau des administrateurs de la r\u00e9gion Rhone Auvergne). Elue membre du bureau en 2020. R\u00e9\u00e9lue membre du bureau en 2022<\/li>\n<li>Membre du r\u00e9seau national des pilotes de r\u00e9seaux de responsables administratifs mis en place en 2022 par la Mission d\u2019Appui au Pilotage et les Relations avec les D\u00e9l\u00e9gations r\u00e9gionales et les Instituts CNRS.<\/li>\n<\/ul>\n<p>&nbsp;<\/p>\n<p><a href=\"https:\/\/icar.cnrs.fr\/membre\/lbujon\/wp-content\/uploads\/sites\/11\/2023\/07\/Organigramme_fonctionnel-Bujon_2023-V3.pdf\">Organigramme fonctionnel Lucie Bujon 2023 <\/a><\/p>\n<p>&nbsp;<\/p>\n","protected":false},"excerpt":{"rendered":"<p>Lucie Bujon Secr\u00e9taire g\u00e9n\u00e9rale du laboratoire ICAR M\u00e8l :\u00a0Lucie.Bujon@ens-lyon.fr Tel. : 04 37 37 66 41 Adresse Laboratoire ICAR Ecole Normale Sup\u00e9rieure, Site Descartes 15, parvis Ren\u00e9 Descartes, BP 7000 69342 Lyon Cedex 07 Fonctions : Collaboration avec la direction &hellip; <a href=\"https:\/\/icar.cnrs.fr\/membre\/lbujon\/\">Continuer la lecture <span class=\"meta-nav\">&rarr;<\/span><\/a><\/p>\n","protected":false},"author":1,"featured_media":0,"parent":0,"menu_order":0,"comment_status":"closed","ping_status":"closed","template":"","meta":{"footnotes":""},"class_list":["post-4","page","type-page","status-publish","hentry"],"_links":{"self":[{"href":"https:\/\/icar.cnrs.fr\/membre\/lbujon\/wp-json\/wp\/v2\/pages\/4","targetHints":{"allow":["GET"]}}],"collection":[{"href":"https:\/\/icar.cnrs.fr\/membre\/lbujon\/wp-json\/wp\/v2\/pages"}],"about":[{"href":"https:\/\/icar.cnrs.fr\/membre\/lbujon\/wp-json\/wp\/v2\/types\/page"}],"author":[{"embeddable":true,"href":"https:\/\/icar.cnrs.fr\/membre\/lbujon\/wp-json\/wp\/v2\/users\/1"}],"replies":[{"embeddable":true,"href":"https:\/\/icar.cnrs.fr\/membre\/lbujon\/wp-json\/wp\/v2\/comments?post=4"}],"version-history":[{"count":124,"href":"https:\/\/icar.cnrs.fr\/membre\/lbujon\/wp-json\/wp\/v2\/pages\/4\/revisions"}],"predecessor-version":[{"id":189,"href":"https:\/\/icar.cnrs.fr\/membre\/lbujon\/wp-json\/wp\/v2\/pages\/4\/revisions\/189"}],"wp:attachment":[{"href":"https:\/\/icar.cnrs.fr\/membre\/lbujon\/wp-json\/wp\/v2\/media?parent=4"}],"curies":[{"name":"wp","href":"https:\/\/api.w.org\/{rel}","templated":true}]}}