{"id":10,"date":"2016-11-02T17:39:41","date_gmt":"2016-11-02T16:39:41","guid":{"rendered":"https:\/\/icar.cnrs.fr\/membre\/lheiden\/?page_id=10"},"modified":"2025-08-01T00:07:50","modified_gmt":"2025-07-31T22:07:50","slug":"parcours","status":"publish","type":"page","link":"https:\/\/icar.cnrs.fr\/membre\/lheiden\/parcours\/","title":{"rendered":"Parcours"},"content":{"rendered":"<h2>Parcours universitaire<\/h2>\n<p><strong>2020 &#8211; 2025<\/strong><br \/>\nDoctorat en Sciences du langage \u00e0 l&rsquo;Universit\u00e9 Lumi\u00e8re Lyon 2 (CIFRE de 2020 \u00e0 2023)<br \/>\nSous la direction de Heike BALDAUF-QUILLIATRE et Matthieu QUIGNARD<br \/>\nTh\u00e8se soutenue le 8 juillet 2025 devant un jury compos\u00e9 de Isabel COL\u041e\u0301N DE CARVAJAL, Anna GHIMENTON, Christian LICOPPE et Florence OLOFF<\/p>\n<p><strong>2018<\/strong><br \/>\nObtention du Master of Arts en Linguistique, Universit\u00e9 de Cologne (Universit\u00e4t zu K\u00f6ln), Sp\u00e9cialit\u00e9 : la linguistique g\u00e9n\u00e9rale<br \/>\nM\u00e9moire : <em>Co-constructed interaction \u2212 The role of gestures in explaining the rules of games<\/em><\/p>\n<p><strong>F\u00e9vrier &#8211; Juillet 2018<\/strong><br \/>\nChercheuse invit\u00e9e au Laboratoire ICAR, Lyon (Bourse de mobilit\u00e9 du LabEx ASLAN)<\/p>\n<p><strong>2016<\/strong><br \/>\nObtention de la Bi-Licence Lettres modernes \/ Allemand (Universit\u00e9 Paris-Sorbonne)<br \/>\net du<br \/>\nBachelor of Arts Deutsch-Franz\u00f6sische Studien (Rheinische Friedrich-Wilhelms-Universit\u00e4t Bonn, Allemagne)<br \/>\nM\u00e9moire\u00a0: <em>Que marque le \u00ab\u00a0mode marqu\u00e9 \u00bb\u00a0? Une \u00e9tude comparative du Subjonctif fran\u00e7ais et du Konjunktiv allemand. <\/em>(Titre original\u00a0: Was markiert der \u201emarkierte Modus\u201c? Ein vergleichender Blick auf den franz\u00f6sischen <em>Subjonctif<\/em> und den deutschen Konjunktiv.)<\/p>\n<h2><\/h2>\n<h2>Exp\u00e9riences professionnelles<\/h2>\n<p><strong>Depuis Janvier 2025<br \/>\n<\/strong>Charg\u00e9e de client\u00e8le internationale chez EMALEC, St.-Genis-les-Olli\u00e8res (Lyon)<\/p>\n<p><strong>Juillet 2020 &#8211; Novembre 2024<\/strong><br \/>\nCharg\u00e9e d&rsquo;\u00e9tude science du langage chez SKILDER (en th\u00e8se CIFRE sur ce poste d&rsquo;Ao\u00fbt 2020 \u00e0 Juillet 2023)<\/p>\n<p><strong>Octobre 2019 &#8211; Juin 2020<\/strong><br \/>\nAssistante Transcription de donn\u00e9es audio-visuelles (CNRS et ENS, Laboratoire ICAR), Lyon<\/p>\n<p><strong>Janvier &#8211; Juillet 2019<\/strong><br \/>\nCollaboratrice dans un projet de cr\u00e9ation de 5 dictionnaires de langues aborig\u00e8nes sous forme d&rsquo;application smartphone \u00e0 la KU Leuven (Universit\u00e9 catholique de Louvain), Belgique<\/p>\n<p><strong>Novembre &#8211; D\u00e9cembre 2018<\/strong><br \/>\nAssistante Transcription de donn\u00e9es audio-visuelles au CNRS (Laboratoire ICAR), Lyon<\/p>\n<h2>Formations suppl\u00e9mentaires<\/h2>\n<p>Formation doctorale Management : savoir-faire et savoir-\u00eatre (21 &#8211; 23 novembre 2022, Lyon, France)<\/p>\n<p>International Summer Institute for Interactional Linguistics (18 &#8211; 23 juillet 2022, Mannheim, Allemagne)<\/p>\n<p>R\u00e9diger et publier un article scientifique (janvier 2022, <a href=\"https:\/\/www.fun-mooc.fr\/fr\/cours\/rediger-et-publier-un-article-scientifique\/\" target=\"_blank\" rel=\"noopener noreferrer\">MOOC<\/a>)<\/p>\n<p>PhD course Technology &amp; social interaction &#8211; Analysing video-recorded human sociality in a technology context (27 &#8211; 30 septembre 2021, Copenhague, Danemark)<\/p>\n<p>L&rsquo;Intelligence Artificielle\u2026avec intelligence (ao\u00fbt &#8211; septembre 2021, <a href=\"https:\/\/www.fun-mooc.fr\/fr\/cours\/lintelligence-artificielle-avec-intelligence\/\" target=\"_blank\" rel=\"noopener noreferrer\">MOOC<\/a>)<\/p>\n<p>Apprendre \u00e0 coder avec Python (f\u00e9vrier &#8211; mai 2021, <a href=\"https:\/\/www.fun-mooc.fr\/fr\/cours\/apprendre-a-coder-avec-python\/\" target=\"_blank\" rel=\"noopener noreferrer\">MOOC<\/a>)<\/p>\n<p>Workshop CA for Beginners (28 janvier 2021, Loughborough, Royaume-Uni)<\/p>\n<p><a href=\"https:\/\/www.spur.uzh.ch\/en\/veranstaltungen\/workshops\/2020\/ZOSMIA.html\" target=\"_blank\" rel=\"noopener noreferrer\">ZOSMIA<\/a> &#8211; Zurich Online School in Multimodal Interaction Analysis (9 &#8211; 12 novembre 2020, Z\u00fcrich, Suisse)<\/p>\n","protected":false},"excerpt":{"rendered":"<p>Parcours universitaire 2020 &#8211; 2025 Doctorat en Sciences du langage \u00e0 l&rsquo;Universit\u00e9 Lumi\u00e8re Lyon 2 (CIFRE de 2020 \u00e0 2023) Sous la direction de Heike BALDAUF-QUILLIATRE et Matthieu QUIGNARD Th\u00e8se soutenue le 8 juillet 2025 devant un jury compos\u00e9 de &hellip; <a href=\"https:\/\/icar.cnrs.fr\/membre\/lheiden\/parcours\/\">Continuer la lecture <span class=\"meta-nav\">&rarr;<\/span><\/a><\/p>\n","protected":false},"author":1,"featured_media":0,"parent":0,"menu_order":3,"comment_status":"closed","ping_status":"closed","template":"","meta":{"footnotes":""},"class_list":["post-10","page","type-page","status-publish","hentry"],"_links":{"self":[{"href":"https:\/\/icar.cnrs.fr\/membre\/lheiden\/wp-json\/wp\/v2\/pages\/10","targetHints":{"allow":["GET"]}}],"collection":[{"href":"https:\/\/icar.cnrs.fr\/membre\/lheiden\/wp-json\/wp\/v2\/pages"}],"about":[{"href":"https:\/\/icar.cnrs.fr\/membre\/lheiden\/wp-json\/wp\/v2\/types\/page"}],"author":[{"embeddable":true,"href":"https:\/\/icar.cnrs.fr\/membre\/lheiden\/wp-json\/wp\/v2\/users\/1"}],"replies":[{"embeddable":true,"href":"https:\/\/icar.cnrs.fr\/membre\/lheiden\/wp-json\/wp\/v2\/comments?post=10"}],"version-history":[{"count":29,"href":"https:\/\/icar.cnrs.fr\/membre\/lheiden\/wp-json\/wp\/v2\/pages\/10\/revisions"}],"predecessor-version":[{"id":291,"href":"https:\/\/icar.cnrs.fr\/membre\/lheiden\/wp-json\/wp\/v2\/pages\/10\/revisions\/291"}],"wp:attachment":[{"href":"https:\/\/icar.cnrs.fr\/membre\/lheiden\/wp-json\/wp\/v2\/media?parent=10"}],"curies":[{"name":"wp","href":"https:\/\/api.w.org\/{rel}","templated":true}]}}