{"id":10,"date":"2016-11-02T17:39:41","date_gmt":"2016-11-02T16:39:41","guid":{"rendered":"https:\/\/icar.cnrs.fr\/membre\/lmouton\/?page_id=10"},"modified":"2026-02-25T11:39:57","modified_gmt":"2026-02-25T10:39:57","slug":"enseignements","status":"publish","type":"page","link":"https:\/\/icar.cnrs.fr\/membre\/lmouton\/enseignements\/","title":{"rendered":"Activit\u00e9s transversales"},"content":{"rendered":"<h2>Animation de r\u00e9seaux<\/h2>\n<p><strong>2026-<\/strong><\/p>\n<ul>\n<li><a href=\"https:\/\/mate-shs.cnrs.fr\/les-groupes\/groupes-locaux\/mate-shs-lyon-saint-etienne-2\/\">MATE-SHS Lyon Saint-\u00c9tienne<\/a><\/li>\n<\/ul>\n<h2><\/h2>\n<h2>Encadrement d&rsquo;\u00e9tudiants<\/h2>\n<ul>\n<li>Co-encadrement (avec Alice Vittrant) du projet de recherche, puis du m\u00e9moire de M2 de Yu Zhang,<br \/>\nM2 Sciences du langage, DDL, Universit\u00e9 Lumi\u00e8re Lyon 2<br \/>\nIntitul\u00e9 du m\u00e9moire : <em>Contact de langues : le naxi et les langues environnantes<\/em><\/li>\n<li>Co-encadrement (avec Julie Marsault) du m\u00e9moire de M2 de Yinbo Zhao,<br \/>\nM2 Sciences du langage, LACITO, Universit\u00e9 Sorbonne-Nouvelle<br \/>\nIntitul\u00e9 du m\u00e9moire : <em>Documentation du xong de Niuguang<\/em><\/li>\n<\/ul>\n<h2>Enseignement<\/h2>\n<p><strong>2025<\/strong><\/p>\n<p><span style=\"text-decoration: underline\">UFR LESLA \u2014 Universit\u00e9 Lumi\u00e8re Lyon 2<\/span><\/p>\n<ul>\n<li>L2 : CM Linguistique g\u00e9n\u00e9rale<\/li>\n<li>L3 : CM Linguistique ar\u00e9ale<\/li>\n<li>M1 : TD Description des langues<\/li>\n<li>M1 : TD Approches en SDL : description et typologie des langues<\/li>\n<\/ul>\n<p><span style=\"text-decoration: underline\">D\u00e9partement des Sciences du langage \u2014 INALCO<\/span><\/p>\n<ul>\n<li>M1-M2 : Formation intensive Outils d&rsquo;annotation de l&rsquo;oral &#8211; Initiation au logiciel ELAN<\/li>\n<\/ul>\n<p>&nbsp;<\/p>\n<p><strong>2023-<\/strong><\/p>\n<p>Formatrice aux ateliers\u00a0<em>Datathon de la parole<\/em> &#8211; Initiation au d\u00e9p\u00f4t, \u00e0 l&rsquo;archivage et \u00e0<br \/>\nla diffusion des corpus oraux<\/p>\n","protected":false},"excerpt":{"rendered":"<p>Animation de r\u00e9seaux 2026- MATE-SHS Lyon Saint-\u00c9tienne Encadrement d&rsquo;\u00e9tudiants Co-encadrement (avec Alice Vittrant) du projet de recherche, puis du m\u00e9moire de M2 de Yu Zhang, M2 Sciences du langage, DDL, Universit\u00e9 Lumi\u00e8re Lyon 2 Intitul\u00e9 du m\u00e9moire : Contact de &hellip; <a href=\"https:\/\/icar.cnrs.fr\/membre\/lmouton\/enseignements\/\">Continuer la lecture <span class=\"meta-nav\">&rarr;<\/span><\/a><\/p>\n","protected":false},"author":1,"featured_media":0,"parent":0,"menu_order":3,"comment_status":"closed","ping_status":"closed","template":"","meta":{"footnotes":""},"class_list":["post-10","page","type-page","status-publish","hentry"],"_links":{"self":[{"href":"https:\/\/icar.cnrs.fr\/membre\/lmouton\/wp-json\/wp\/v2\/pages\/10","targetHints":{"allow":["GET"]}}],"collection":[{"href":"https:\/\/icar.cnrs.fr\/membre\/lmouton\/wp-json\/wp\/v2\/pages"}],"about":[{"href":"https:\/\/icar.cnrs.fr\/membre\/lmouton\/wp-json\/wp\/v2\/types\/page"}],"author":[{"embeddable":true,"href":"https:\/\/icar.cnrs.fr\/membre\/lmouton\/wp-json\/wp\/v2\/users\/1"}],"replies":[{"embeddable":true,"href":"https:\/\/icar.cnrs.fr\/membre\/lmouton\/wp-json\/wp\/v2\/comments?post=10"}],"version-history":[{"count":17,"href":"https:\/\/icar.cnrs.fr\/membre\/lmouton\/wp-json\/wp\/v2\/pages\/10\/revisions"}],"predecessor-version":[{"id":192,"href":"https:\/\/icar.cnrs.fr\/membre\/lmouton\/wp-json\/wp\/v2\/pages\/10\/revisions\/192"}],"wp:attachment":[{"href":"https:\/\/icar.cnrs.fr\/membre\/lmouton\/wp-json\/wp\/v2\/media?parent=10"}],"curies":[{"name":"wp","href":"https:\/\/api.w.org\/{rel}","templated":true}]}}