{"id":164,"date":"2025-07-09T22:42:12","date_gmt":"2025-07-09T20:42:12","guid":{"rendered":"https:\/\/icar.cnrs.fr\/membre\/lmouton\/?page_id=164"},"modified":"2025-07-09T22:42:12","modified_gmt":"2025-07-09T20:42:12","slug":"parcours-et-formation","status":"publish","type":"page","link":"https:\/\/icar.cnrs.fr\/membre\/lmouton\/parcours-et-formation\/","title":{"rendered":"Parcours et formation"},"content":{"rendered":"<h2 style=\"text-align: left;\">Parcours professionnel<\/h2>\n<p style=\"text-align: left;\">2023-2025 : Assistante ing\u00e9nieure (AI)<br \/>\nLaboratoire Langues et Civilisations \u00e0 Tradition Orale (LACITO UMR7107)<\/p>\n<ul>\n<li style=\"text-align: left;\">Appui au traitement et \u00e0 la valorisation de corpus de langues \u00e0 tradition orale \u2013 collection Pangloss<\/li>\n<li style=\"text-align: left;\">Participation aux op\u00e9rations de codage et de recodage de m\u00e9tadonn\u00e9es<\/li>\n<li style=\"text-align: left;\">Aide \u00e0 la pr\u00e9paration des corpus audio\/vid\u00e9o annot\u00e9s pour publication \u00e9lectronique<\/li>\n<li style=\"text-align: left;\">Valorisation et diffusion des r\u00e9sultats via le site <a href=\"https:\/\/pangloss.cnrs.fr\/?mode=pro\">pangloss.cnrs.fr<\/a><\/li>\n<li>Sensibilisation aux m\u00e9thodes d&rsquo;enqu\u00eates en linguistique de terrain, outils d&rsquo;annotation et au traitement des donn\u00e9es<\/li>\n<\/ul>\n<h2 style=\"text-align: left;\">Parcours acad\u00e9mique<\/h2>\n<p>2025 : Qualifications MCF Section 07, Sciences du langage<\/p>\n<p style=\"text-align: left;\">2018-2023 : Doctorat en Sciences du langage<br \/>\nUniversit\u00e9 Lumi\u00e8re-Lyon 2, Laboratoire Dynamique Du Langage, \u00c9cole doctorale 3LA<br \/>\n<u>Intitul\u00e9 de la th\u00e8se<\/u> : <i><a href=\"http:\/\/www.ddl.cnrs.fr\/equipes\/Index.asp?Langue=FR&amp;Equipe=12&amp;Page=Action&amp;ActionNum=162\" target=\"_blank\" rel=\"noopener noreferrer\">Esquisse grammaticale du hmong noir : \u00e9tude comparative de l&rsquo;expression de l&rsquo;espace dans les langues hmong<\/a><\/i><br \/>\nSous la direction de Alice VITTRANT (DDL, CNRS et Universit\u00e9 Lumi\u00e8re Lyon 2)<br \/>\nSoutenue le 30 novembre 2023<\/p>\n<p style=\"text-align: left;\">2016-2018 : Master 2 Recherche en Sciences du langge<br \/>\nUniversit\u00e9 Lumi\u00e8re Lyon 2<\/p>\n<p style=\"text-align: left;\">2015-2016 : Master 1 Recherche en Sciences du langage<br \/>\nUniversit\u00e9 Grenoble Alpes<\/p>\n<p style=\"text-align: left;\">2014-2015 : Licence 3 en Linguistique : Programme ERASMUS<br \/>\nTrinity College Dublin (Irlande)<\/p>\n<p style=\"text-align: left;\">2012-2014 : Licence 1 &amp; Licence 2 en Sciences du langage<br \/>\nUniversit\u00e9 Stendhal Grenoble 3<\/p>\n","protected":false},"excerpt":{"rendered":"<p>Parcours professionnel 2023-2025 : Assistante ing\u00e9nieure (AI) Laboratoire Langues et Civilisations \u00e0 Tradition Orale (LACITO UMR7107) Appui au traitement et \u00e0 la valorisation de corpus de langues \u00e0 tradition orale \u2013 collection Pangloss Participation aux op\u00e9rations de codage et de &hellip; <a href=\"https:\/\/icar.cnrs.fr\/membre\/lmouton\/parcours-et-formation\/\">Continuer la lecture <span class=\"meta-nav\">&rarr;<\/span><\/a><\/p>\n","protected":false},"author":1,"featured_media":0,"parent":0,"menu_order":0,"comment_status":"closed","ping_status":"closed","template":"","meta":{"footnotes":""},"class_list":["post-164","page","type-page","status-publish","hentry"],"_links":{"self":[{"href":"https:\/\/icar.cnrs.fr\/membre\/lmouton\/wp-json\/wp\/v2\/pages\/164","targetHints":{"allow":["GET"]}}],"collection":[{"href":"https:\/\/icar.cnrs.fr\/membre\/lmouton\/wp-json\/wp\/v2\/pages"}],"about":[{"href":"https:\/\/icar.cnrs.fr\/membre\/lmouton\/wp-json\/wp\/v2\/types\/page"}],"author":[{"embeddable":true,"href":"https:\/\/icar.cnrs.fr\/membre\/lmouton\/wp-json\/wp\/v2\/users\/1"}],"replies":[{"embeddable":true,"href":"https:\/\/icar.cnrs.fr\/membre\/lmouton\/wp-json\/wp\/v2\/comments?post=164"}],"version-history":[{"count":1,"href":"https:\/\/icar.cnrs.fr\/membre\/lmouton\/wp-json\/wp\/v2\/pages\/164\/revisions"}],"predecessor-version":[{"id":166,"href":"https:\/\/icar.cnrs.fr\/membre\/lmouton\/wp-json\/wp\/v2\/pages\/164\/revisions\/166"}],"wp:attachment":[{"href":"https:\/\/icar.cnrs.fr\/membre\/lmouton\/wp-json\/wp\/v2\/media?parent=164"}],"curies":[{"name":"wp","href":"https:\/\/api.w.org\/{rel}","templated":true}]}}