{"id":39,"date":"2016-11-09T15:36:16","date_gmt":"2016-11-09T14:36:16","guid":{"rendered":"https:\/\/icar.cnrs.fr\/membre\/lmouton\/?page_id=39"},"modified":"2026-02-25T11:13:49","modified_gmt":"2026-02-25T10:13:49","slug":"axes-de-recherche","status":"publish","type":"page","link":"https:\/\/icar.cnrs.fr\/membre\/lmouton\/axes-de-recherche\/","title":{"rendered":"Recherche"},"content":{"rendered":"<h2>Soutien \u00e0 la recherche<\/h2>\n<ul>\n<li>Projet SAALAM \u2013 sauvegarde, synchronisation et montage des donn\u00e9es<\/li>\n<li>Projet DYSPLAY \u2013 traitement du corpus audiovisuel, transcription automatique<\/li>\n<li>Projet MODIBIL \u2013 transcription automatique<\/li>\n<li>Projet Violences Inter-dites \u2013 construction de la base de donn\u00e9es XML<\/li>\n<\/ul>\n<h2>Th\u00e8mes de recherche<\/h2>\n<p><strong>Docteure en Sciences du langage<\/strong><br \/>\nTh\u00e8se soutenue le 30 novembre 2023<br \/>\n<em><a href=\"https:\/\/theses.fr\/2023LYO20072\">Esquisse grammaticale du hmong noir : \u00e9tude comparative de l\u2019expression de l\u2019espace dans les langues hmong<\/a>.<br \/>\n<\/em>Sous la direction de Alice VITTRANT (DDL, CNRS et Universit\u00e9 Lumi\u00e8re Lyon 2).<br \/>\nUniversit\u00e9 Lumi\u00e8re Lyon 2, Laboratoire Dynamique Du Langage, \u00c9cole doctorale 3LA.<\/p>\n<p><strong>Donn\u00e9es en ligne<\/strong><br \/>\nCollection Pangloss | <a href=\"https:\/\/pangloss.cnrs.fr\/corpus\/Hmong_noir?mode=pro\">Corpus hmong noir<\/a><\/p>\n","protected":false},"excerpt":{"rendered":"<p>Soutien \u00e0 la recherche Projet SAALAM \u2013 sauvegarde, synchronisation et montage des donn\u00e9es Projet DYSPLAY \u2013 traitement du corpus audiovisuel, transcription automatique Projet MODIBIL \u2013 transcription automatique Projet Violences Inter-dites \u2013 construction de la base de donn\u00e9es XML Th\u00e8mes de &hellip; <a href=\"https:\/\/icar.cnrs.fr\/membre\/lmouton\/axes-de-recherche\/\">Continuer la lecture <span class=\"meta-nav\">&rarr;<\/span><\/a><\/p>\n","protected":false},"author":1,"featured_media":0,"parent":0,"menu_order":2,"comment_status":"closed","ping_status":"closed","template":"","meta":{"footnotes":""},"class_list":["post-39","page","type-page","status-publish","hentry"],"_links":{"self":[{"href":"https:\/\/icar.cnrs.fr\/membre\/lmouton\/wp-json\/wp\/v2\/pages\/39","targetHints":{"allow":["GET"]}}],"collection":[{"href":"https:\/\/icar.cnrs.fr\/membre\/lmouton\/wp-json\/wp\/v2\/pages"}],"about":[{"href":"https:\/\/icar.cnrs.fr\/membre\/lmouton\/wp-json\/wp\/v2\/types\/page"}],"author":[{"embeddable":true,"href":"https:\/\/icar.cnrs.fr\/membre\/lmouton\/wp-json\/wp\/v2\/users\/1"}],"replies":[{"embeddable":true,"href":"https:\/\/icar.cnrs.fr\/membre\/lmouton\/wp-json\/wp\/v2\/comments?post=39"}],"version-history":[{"count":19,"href":"https:\/\/icar.cnrs.fr\/membre\/lmouton\/wp-json\/wp\/v2\/pages\/39\/revisions"}],"predecessor-version":[{"id":185,"href":"https:\/\/icar.cnrs.fr\/membre\/lmouton\/wp-json\/wp\/v2\/pages\/39\/revisions\/185"}],"wp:attachment":[{"href":"https:\/\/icar.cnrs.fr\/membre\/lmouton\/wp-json\/wp\/v2\/media?parent=39"}],"curies":[{"name":"wp","href":"https:\/\/api.w.org\/{rel}","templated":true}]}}