{"id":4,"date":"2016-11-02T17:37:52","date_gmt":"2016-11-02T16:37:52","guid":{"rendered":"https:\/\/icar.cnrs.fr\/membre\/lmouton\/?page_id=4"},"modified":"2026-02-25T11:22:42","modified_gmt":"2026-02-25T10:22:42","slug":"accueil","status":"publish","type":"page","link":"https:\/\/icar.cnrs.fr\/membre\/lmouton\/","title":{"rendered":"Accueil"},"content":{"rendered":"<div class=\"cadregris\">\n<h2><strong>L\u00e9a Mouton<\/strong><\/h2>\n<h2><img loading=\"lazy\" decoding=\"async\" class=\"alignright size-full wp-image-159\" src=\"https:\/\/icar.cnrs.fr\/membre\/lmouton\/wp-content\/uploads\/sites\/183\/2025\/07\/lea_mouton.jpeg\" alt=\"\" width=\"150\" height=\"150\" \/><\/h2>\n<p>Assistante Ing\u00e9nieure CNRS<br \/>\nen production, traitement et analyse de donn\u00e9es<br \/>\nMembre de la Cellule Corpus Ing\u00e9nierie Audiovisuelle (CIA)<\/p>\n<p>Email\u00a0: <a href=\"mailto:lea.mouton@cnrs.fr\">lea.mouton AT cnrs.fr<\/a><\/p>\n<p>Membre du Laboratoire <a href=\"http:\/\/icar.univ-lyon2.fr\/\">ICAR<\/a>\u00a0<a href=\"http:\/\/icar.univ-lyon2.fr\/\">UMR 5191<\/a><br \/>\n(Interactions, Corpus, Apprentissages, Repr\u00e9sentations)<\/p>\n<p><strong>Adresse<br \/>\n<\/strong>Laboratoire ICAR<br \/>\n\u00c9cole Normale Sup\u00e9rieure de Lyon<br \/>\n15 parvis Ren\u00e9 Descartes &#8211; BP 7000<br \/>\n69342 LYON Cedex 07<br \/>\nFrance<\/p>\n<\/div>\n<h2><a href=\"https:\/\/icar.cnrs.fr\/recherche\/services\/\"><strong>Cellule Corpus Ing\u00e9nierie Audiovisuelle<\/strong><\/a><\/h2>\n<ul>\n<li>Sauvegarde des donn\u00e9es de la recherche<\/li>\n<li>Synchronisation et montage audiovisuel des donn\u00e9es<\/li>\n<li>Transcriptions automatiques<\/li>\n<li>Formation au mat\u00e9riel de collecte de donn\u00e9es audiovisuelles de l\u2019unit\u00e9<\/li>\n<li>Co-organisatrice des <a href=\"https:\/\/icar.cnrs.fr\/recherche\/services\/cia-seminaires\/\">rencontres m\u00e9thodologiques<\/a><\/li>\n<\/ul>\n<h2>ICAR g\u00e9n\u00e9ral<\/h2>\n<ul>\n<li>R\u00e9f\u00e9rente \u00e9thique et juridique<\/li>\n<li>Gestion de la base de donn\u00e9es <a href=\"http:\/\/clapi.icar.cnrs.fr\/\">CLAPI<\/a><\/li>\n<\/ul>\n<h2><strong>\u00a0<\/strong><\/h2>\n","protected":false},"excerpt":{"rendered":"<p>L\u00e9a Mouton Assistante Ing\u00e9nieure CNRS en production, traitement et analyse de donn\u00e9es Membre de la Cellule Corpus Ing\u00e9nierie Audiovisuelle (CIA) Email\u00a0: lea.mouton AT cnrs.fr Membre du Laboratoire ICAR\u00a0UMR 5191 (Interactions, Corpus, Apprentissages, Repr\u00e9sentations) Adresse Laboratoire ICAR \u00c9cole Normale Sup\u00e9rieure de &hellip; <a href=\"https:\/\/icar.cnrs.fr\/membre\/lmouton\/\">Continuer la lecture <span class=\"meta-nav\">&rarr;<\/span><\/a><\/p>\n","protected":false},"author":1,"featured_media":0,"parent":0,"menu_order":0,"comment_status":"closed","ping_status":"closed","template":"","meta":{"footnotes":""},"class_list":["post-4","page","type-page","status-publish","hentry"],"_links":{"self":[{"href":"https:\/\/icar.cnrs.fr\/membre\/lmouton\/wp-json\/wp\/v2\/pages\/4","targetHints":{"allow":["GET"]}}],"collection":[{"href":"https:\/\/icar.cnrs.fr\/membre\/lmouton\/wp-json\/wp\/v2\/pages"}],"about":[{"href":"https:\/\/icar.cnrs.fr\/membre\/lmouton\/wp-json\/wp\/v2\/types\/page"}],"author":[{"embeddable":true,"href":"https:\/\/icar.cnrs.fr\/membre\/lmouton\/wp-json\/wp\/v2\/users\/1"}],"replies":[{"embeddable":true,"href":"https:\/\/icar.cnrs.fr\/membre\/lmouton\/wp-json\/wp\/v2\/comments?post=4"}],"version-history":[{"count":53,"href":"https:\/\/icar.cnrs.fr\/membre\/lmouton\/wp-json\/wp\/v2\/pages\/4\/revisions"}],"predecessor-version":[{"id":191,"href":"https:\/\/icar.cnrs.fr\/membre\/lmouton\/wp-json\/wp\/v2\/pages\/4\/revisions\/191"}],"wp:attachment":[{"href":"https:\/\/icar.cnrs.fr\/membre\/lmouton\/wp-json\/wp\/v2\/media?parent=4"}],"curies":[{"name":"wp","href":"https:\/\/api.w.org\/{rel}","templated":true}]}}