{"id":8,"date":"2016-11-02T17:38:51","date_gmt":"2016-11-02T16:38:51","guid":{"rendered":"https:\/\/icar.cnrs.fr\/membre\/lmouton\/?page_id=8"},"modified":"2025-07-09T22:41:09","modified_gmt":"2025-07-09T20:41:09","slug":"publications","status":"publish","type":"page","link":"https:\/\/icar.cnrs.fr\/membre\/lmouton\/publications\/","title":{"rendered":"Distinction"},"content":{"rendered":"<p>2024 \u2014 Cristal collectif<em><span class=\"url\"> |<\/span><\/em> <a href=\"https:\/\/cocoon.huma-num.fr\/exist\/crdo\/\"><i>Plateforme COCOON, Collection de Corpus Oraux Num\u00e9riques<\/i><\/a>.<br \/>\nAvec <span class=\"url\">Michel JACOBSON, S\u00e9verine GUILLAUME, Audrey VIAULT, Flora BADIN<br \/>\net Balthazar DO NASCIMENTO<\/span>.<br \/>\nD\u00e9l\u00e9gation Ile-de-France Villejuif du CNRS.<\/p>\n","protected":false},"excerpt":{"rendered":"<p>2024 \u2014 Cristal collectif | Plateforme COCOON, Collection de Corpus Oraux Num\u00e9riques. Avec Michel JACOBSON, S\u00e9verine GUILLAUME, Audrey VIAULT, Flora BADIN et Balthazar DO NASCIMENTO. D\u00e9l\u00e9gation Ile-de-France Villejuif du CNRS.<\/p>\n","protected":false},"author":1,"featured_media":0,"parent":0,"menu_order":2,"comment_status":"closed","ping_status":"closed","template":"","meta":{"footnotes":""},"class_list":["post-8","page","type-page","status-publish","hentry"],"_links":{"self":[{"href":"https:\/\/icar.cnrs.fr\/membre\/lmouton\/wp-json\/wp\/v2\/pages\/8","targetHints":{"allow":["GET"]}}],"collection":[{"href":"https:\/\/icar.cnrs.fr\/membre\/lmouton\/wp-json\/wp\/v2\/pages"}],"about":[{"href":"https:\/\/icar.cnrs.fr\/membre\/lmouton\/wp-json\/wp\/v2\/types\/page"}],"author":[{"embeddable":true,"href":"https:\/\/icar.cnrs.fr\/membre\/lmouton\/wp-json\/wp\/v2\/users\/1"}],"replies":[{"embeddable":true,"href":"https:\/\/icar.cnrs.fr\/membre\/lmouton\/wp-json\/wp\/v2\/comments?post=8"}],"version-history":[{"count":29,"href":"https:\/\/icar.cnrs.fr\/membre\/lmouton\/wp-json\/wp\/v2\/pages\/8\/revisions"}],"predecessor-version":[{"id":163,"href":"https:\/\/icar.cnrs.fr\/membre\/lmouton\/wp-json\/wp\/v2\/pages\/8\/revisions\/163"}],"wp:attachment":[{"href":"https:\/\/icar.cnrs.fr\/membre\/lmouton\/wp-json\/wp\/v2\/media?parent=8"}],"curies":[{"name":"wp","href":"https:\/\/api.w.org\/{rel}","templated":true}]}}