{"id":4,"date":"2016-11-02T17:37:52","date_gmt":"2016-11-02T16:37:52","guid":{"rendered":"https:\/\/icar.cnrs.fr\/membre\/lria\/?page_id=4"},"modified":"2025-11-04T15:27:53","modified_gmt":"2025-11-04T14:27:53","slug":"accueil","status":"publish","type":"page","link":"https:\/\/icar.cnrs.fr\/membre\/lria\/","title":{"rendered":"Accueil"},"content":{"rendered":"<div class=\"cadregris\">\n<h3><strong>Luc Ria<\/strong><\/h3>\n<p><img loading=\"lazy\" decoding=\"async\" class=\"alignright wp-image-237\" src=\"https:\/\/icar.cnrs.fr\/membre\/lria\/wp-content\/uploads\/sites\/164\/2022\/12\/Luc_Ria-1.png\" alt=\"\" width=\"173\" height=\"176\" \/>Professeur des universit\u00e9s<\/p>\n<p><a href=\"http:\/\/ife.ens-lyon.fr\/ife\">Institut Fran\u00e7ais de l&rsquo;\u00c9ducation<\/a> de l&rsquo;ENS de Lyon<\/p>\n<p>Membre permanent du laboratoire\u00a0<a href=\"http:\/\/icar.univ-lyon2.fr\/\">ICAR<\/a>, UMR 5191, (CNRS, ENS de Lyon, Universit\u00e9 Lumi\u00e8re-Lyon 2),<br \/>\nMembre de l&rsquo;\u00e9quipe\u00a0ADIS<\/p>\n<p>Email\u00a0: <a href=\"mailto:Luc.ria@ens-lyon.fr\">luc.ria AT ens-lyon.fr<\/a><\/p>\n<p style=\"text-align: left\"><strong>Adresse<\/strong><\/p>\n<p style=\"text-align: left\">Institut Fran\u00e7ais de l&rsquo;\u00c9ducation<br \/>\n19, all\u00e9e de Fontenay 69007 Lyon.\u00a0France<\/p>\n<\/div>\n<div>\n<h2>Titres et qualifications<\/h2>\n<ul>\n<li>2012 : Professeur des universit\u00e9s \u00e0 l\u2019Institut Fran\u00e7ais de l&rsquo;\u00c9ducation de l&rsquo;ENS de Lyon.<\/li>\n<li>2008 : Professeur des universit\u00e9s en Sciences de l\u2019\u00c9ducation et de la Formation \u00e0 l\u2019IUFM d\u2019Auvergne, Clermont II.<\/li>\n<li>2006\u00a0: Habilitation \u00e0 diriger des recherches en Sciences de l\u2019\u00c9ducation et de la Formation \u00ab\u00a0<a href=\"https:\/\/acte.uca.fr\/productions-scientifiques\/theses-et-hdr\/hdr-soutenues\/hdr-luc-ria\">L\u2019entr\u00e9e dans le m\u00e9tier des enseignants du second degr\u00e9\u00a0: un programme de recherche centr\u00e9 sur l\u2019analyse de l\u2019activit\u00e9<\/a>\u00a0\u00bb\u00a0\u00e0 l\u2019UBP Clermont II.<\/li>\n<li>2001 : Th\u00e8se de doctorat STAPS soutenue \u00e0 l\u2019Universit\u00e9 de Montpellier 1, sous la direction de Marc Durand.<\/li>\n<\/ul>\n<h2>Responsabilit\u00e9s institutionnelles<\/h2>\n<ul>\n<li>Directeur de <a href=\"http:\/\/ife.ens-lyon.fr\/ife\">l\u2019Institut Fran\u00e7ais de l&rsquo;\u00c9ducation<\/a> de l&rsquo;ENS de Lyon (2018-2025).<\/li>\n<li>Pr\u00e9sident du Comit\u00e9 Technique \u00ab\u00a0Formation des enseignants\u00a0\u00bb du <a href=\"https:\/\/www.education.gouv.fr\/conseil-d-evaluation-de-l-ecole-305080\">Conseil d\u2019\u00c9valuation de l\u2019\u00c9cole<\/a> &#8211; France (2021-2025).<\/li>\n<li>Membre du Conseil Scientifique de l\u2019\u00c9ducation Nationale (<a href=\"https:\/\/www.reseau-canope.fr\/conseil-scientifique-de-leducation-nationale.html\">CSEN<\/a>) (2019-2025).<\/li>\n<li>Pr\u00e9sident du concours national de l\u2019agr\u00e9gation externe d\u2019\u00e9ducation physique et sportive pour les sessions de 2017 et 2018.<\/li>\n<li>Membre du jury international du prix\u00a0<a href=\"http:\/\/www.unesco.org\/new\/fr\/hamdan-prize\">Unesco-Hamdan\u00a0bin Rashid Al-Maktoum<\/a>\u00a0de 2016 \u00e0 2020 et Pr\u00e9sident du jury de l&rsquo;\u00e9dition 2018.<\/li>\n<li>Titulaire de la chaire Unesco <a href=\"http:\/\/chaire-unesco-formation.ens-lyon.fr\">\u00abFormer les enseignants au XXI<sup>e<\/sup> si\u00e8cle\u00bb<\/a>\u00a0&#8211;\u00a0<em>Training teachers for the XXIst century.<\/em> Accr\u00e9ditation\u00a0n\u00b0996-2012, de 2012 \u00e0 2024.<\/li>\n<li>Directeur du laboratoire PAEDI [EA 4281] de l\u2019Universit\u00e9 de Blaise Pascal Clermont II [\u00e9valu\u00e9 A+ en 2011] (2008-2012) et co-fondateur du <a href=\"https:\/\/acte.uca.fr\">Laboratoire ACT\u00e9 <\/a>(Universit\u00e9 Clermont II) en 2012.<\/li>\n<\/ul>\n<\/div>\n","protected":false},"excerpt":{"rendered":"<p>Luc Ria Professeur des universit\u00e9s Institut Fran\u00e7ais de l&rsquo;\u00c9ducation de l&rsquo;ENS de Lyon Membre permanent du laboratoire\u00a0ICAR, UMR 5191, (CNRS, ENS de Lyon, Universit\u00e9 Lumi\u00e8re-Lyon 2), Membre de l&rsquo;\u00e9quipe\u00a0ADIS Email\u00a0: luc.ria AT ens-lyon.fr Adresse Institut Fran\u00e7ais de l&rsquo;\u00c9ducation 19, all\u00e9e &hellip; <a href=\"https:\/\/icar.cnrs.fr\/membre\/lria\/\">Continuer la lecture <span class=\"meta-nav\">&rarr;<\/span><\/a><\/p>\n","protected":false},"author":1,"featured_media":0,"parent":0,"menu_order":0,"comment_status":"closed","ping_status":"closed","template":"","meta":{"footnotes":""},"class_list":["post-4","page","type-page","status-publish","hentry"],"_links":{"self":[{"href":"https:\/\/icar.cnrs.fr\/membre\/lria\/wp-json\/wp\/v2\/pages\/4","targetHints":{"allow":["GET"]}}],"collection":[{"href":"https:\/\/icar.cnrs.fr\/membre\/lria\/wp-json\/wp\/v2\/pages"}],"about":[{"href":"https:\/\/icar.cnrs.fr\/membre\/lria\/wp-json\/wp\/v2\/types\/page"}],"author":[{"embeddable":true,"href":"https:\/\/icar.cnrs.fr\/membre\/lria\/wp-json\/wp\/v2\/users\/1"}],"replies":[{"embeddable":true,"href":"https:\/\/icar.cnrs.fr\/membre\/lria\/wp-json\/wp\/v2\/comments?post=4"}],"version-history":[{"count":95,"href":"https:\/\/icar.cnrs.fr\/membre\/lria\/wp-json\/wp\/v2\/pages\/4\/revisions"}],"predecessor-version":[{"id":513,"href":"https:\/\/icar.cnrs.fr\/membre\/lria\/wp-json\/wp\/v2\/pages\/4\/revisions\/513"}],"wp:attachment":[{"href":"https:\/\/icar.cnrs.fr\/membre\/lria\/wp-json\/wp\/v2\/media?parent=4"}],"curies":[{"name":"wp","href":"https:\/\/api.w.org\/{rel}","templated":true}]}}