{"id":139,"date":"2018-04-04T10:47:45","date_gmt":"2018-04-04T08:47:45","guid":{"rendered":"https:\/\/icar.cnrs.fr\/membre\/mdomanchin\/?page_id=139"},"modified":"2021-04-06T13:48:25","modified_gmt":"2021-04-06T11:48:25","slug":"theme-de-recherche","status":"publish","type":"page","link":"https:\/\/icar.cnrs.fr\/membre\/mdomanchin\/theme-de-recherche\/","title":{"rendered":"Publication"},"content":{"rendered":"<h1><strong><em>Chapitre(s) dans ouvrage \/ Contributions in book chapters\u00a0<\/em><\/strong><\/h1>\n<p>Develotte, C., Domanchin M., &amp; Ibnelka\u00efd S (\u00e0 para\u00eetre) Cadrage th\u00e9orique et m\u00e9thodologique pour l&rsquo;\u00e9thologie r\u00e9flexive visuelle.\u00a0In C. Develotte, A. Bouquain, C. Combe, T. Codreanu, M. Domanchin, M. El-Hachani, D. Furnon, J-F. Grassin, S. Ibnelka\u00efd, J. R\u00e9mon &amp; C. Vincent (\u00c9ds.), <i>Fabrique de l\u2019interaction parmi les \u00e9crans : formes de pr\u00e9sences en recherche et en formation <\/i>(\u00e9dition augment\u00e9e)<i>. <\/i>Montr\u00e9al : Les Ateliers de [sens public].<\/p>\n<p class=\"p1\">Domanchin, M., El-Hachani, M., &amp; Grassin, J.-F. (\u00e0 para\u00eetre). Former \u00e0 la recherche dans un s\u00e9minaire doctoral polyartefact\u00e9. In C. Develotte, A. Bouquain, C. Combe, T. Codreanu, M. Domanchin, M. El-Hachani, D. Furnon, J-F. Grassin, S. Ibnelka\u00efd, J. R\u00e9mon &amp; C. Vincent (\u00c9ds.), <i>Fabrique de l\u2019interaction parmi les \u00e9crans : formes de pr\u00e9sences en recherche et en formation <\/i>(\u00e9dition augment\u00e9e)<i>. <\/i>Montr\u00e9al : Les Ateliers de [sens public].<\/p>\n<p>Develotte, C., Domanchin, M., Levet, S. (2018) \u00ab\u00a0Effects of Presence in Videoconference Exchange\u00a0\u00bb, In\u00a0<em>Screens and Scenes: Multimodal Communication in Online Intercultural Encounters,<\/em>\u00a0coordonn\u00e9 par Richard Kern and Christine Develotte, Routledge, pp. 230-255.<a href=\"https:\/\/halshs.archives-ouvertes.fr\/halshs-02091047\" target=\"_blank\" rel=\"noopener\">\u27e8<\/a><a href=\"https:\/\/halshs.archives-ouvertes.fr\/halshs-02099308\" target=\"_blank\" rel=\"noopener\">halshs-02099308\u27e9<\/a><\/p>\n<h1><strong><em>Actes de colloque\u00a0 \/ Conference Proceedings &#8211;<\/em><\/strong><\/h1>\n<p>Domanchin M., (2019) <a href=\"https:\/\/files.eric.ed.gov\/fulltext\/ED600885.pdf\">A case study of a learner\u2019s use of an online translator as a cognitive tool in a SCMC context<\/a>. In F. Meunier, J. Van de Vyver, L. Bradley &amp; S. Thoue\u0308sny (Coord.) Acte du colloque <em>CALL and complexity \u2013 a EUROCALL 2019, <\/em>pp. 113-117.<\/p>\n<h1><strong><em>Compte-rendu d\u2019ouvrages \/ Book Review &#8211;<\/em><\/strong><\/h1>\n<p>Domanchin M., Guo Y. (2017) \u00ab <a href=\"https:\/\/halshs.archives-ouvertes.fr\/halshs-02050521\/document\">Compte-rendu de Herring, S., New frontiers in interactive multimodal communication In The Routledge Handbook of Language and Digital Communication<\/a>.\u00a0A. Georgakopoulou &amp; T. Spilioti (Coord.)\u201d In Interfaces Num\u00e9riques, 6 (2)<\/p>\n<h1><strong><em>Compte-rendu d\u2019exp\u00e9rience \/ Experience Report &#8211;\u00a0<\/em><\/strong><\/h1>\n<p>R\u00e9mon J., Combe C., Domanchin M., \u201cEntretiens\u201d. In\u00a0<em>Le corps et ses metamorphoses \u00e0 l\u2019\u00e8re num\u00e9rique<\/em>. S. Ibnelka\u00efd &amp; I. Colon de Carvajal (2018).\u00a0<em>Interfaces Nume\u0301riques<\/em>. 8 (2), pp. 28-40.\u00a0<a href=\"https:\/\/halshs.archives-ouvertes.fr\/halshs-02091047\" target=\"_blank\" rel=\"noopener\">\u27e8halshs-02091047\u27e9<\/a><\/p>\n<p>&nbsp;<\/p>\n<p>&nbsp;<\/p>\n","protected":false},"excerpt":{"rendered":"<p>Chapitre(s) dans ouvrage \/ Contributions in book chapters\u00a0 Develotte, C., Domanchin M., &amp; Ibnelka\u00efd S (\u00e0 para\u00eetre) Cadrage th\u00e9orique et m\u00e9thodologique pour l&rsquo;\u00e9thologie r\u00e9flexive visuelle.\u00a0In C. Develotte, A. Bouquain, C. Combe, T. Codreanu, M. Domanchin, M. El-Hachani, D. Furnon, J-F. &hellip; <a href=\"https:\/\/icar.cnrs.fr\/membre\/mdomanchin\/theme-de-recherche\/\">Continuer la lecture <span class=\"meta-nav\">&rarr;<\/span><\/a><\/p>\n","protected":false},"author":23,"featured_media":0,"parent":0,"menu_order":0,"comment_status":"closed","ping_status":"closed","template":"","meta":{"footnotes":""},"class_list":["post-139","page","type-page","status-publish","hentry"],"_links":{"self":[{"href":"https:\/\/icar.cnrs.fr\/membre\/mdomanchin\/wp-json\/wp\/v2\/pages\/139","targetHints":{"allow":["GET"]}}],"collection":[{"href":"https:\/\/icar.cnrs.fr\/membre\/mdomanchin\/wp-json\/wp\/v2\/pages"}],"about":[{"href":"https:\/\/icar.cnrs.fr\/membre\/mdomanchin\/wp-json\/wp\/v2\/types\/page"}],"author":[{"embeddable":true,"href":"https:\/\/icar.cnrs.fr\/membre\/mdomanchin\/wp-json\/wp\/v2\/users\/23"}],"replies":[{"embeddable":true,"href":"https:\/\/icar.cnrs.fr\/membre\/mdomanchin\/wp-json\/wp\/v2\/comments?post=139"}],"version-history":[{"count":8,"href":"https:\/\/icar.cnrs.fr\/membre\/mdomanchin\/wp-json\/wp\/v2\/pages\/139\/revisions"}],"predecessor-version":[{"id":248,"href":"https:\/\/icar.cnrs.fr\/membre\/mdomanchin\/wp-json\/wp\/v2\/pages\/139\/revisions\/248"}],"wp:attachment":[{"href":"https:\/\/icar.cnrs.fr\/membre\/mdomanchin\/wp-json\/wp\/v2\/media?parent=139"}],"curies":[{"name":"wp","href":"https:\/\/api.w.org\/{rel}","templated":true}]}}