{"id":208,"date":"2021-04-06T12:23:26","date_gmt":"2021-04-06T10:23:26","guid":{"rendered":"https:\/\/icar.cnrs.fr\/membre\/mdomanchin\/?page_id=208"},"modified":"2021-04-06T12:57:11","modified_gmt":"2021-04-06T10:57:11","slug":"communication","status":"publish","type":"page","link":"https:\/\/icar.cnrs.fr\/membre\/mdomanchin\/communication\/","title":{"rendered":"Communication"},"content":{"rendered":"<h1>Communication sans actes \/ Conference Talk without Proceedings &#8211;<\/h1>\n<h2><span style=\"text-decoration: underline\">2020<\/span><\/h2>\n<p style=\"text-align: left\">Domanchin (2020) \u00ab Visitors\u2019 sensory experiences within a hybrid virtual architecture exhibition\u00bb, communication orale, colloque IMPEC (en ligne)<\/p>\n<p style=\"text-align: left\">Develotte C., Domanchin M et Lascar J (2020) \u00ab\u00a0De l\u2019analyse des interactions\u00a0 \u00e0 celle des sensorialit\u00e9s\u00a0: quelles m\u00e9thodologies\u00a0?\u00a0\u00bb Communication orale dans le cadre du symposium \u00ab\u00a0Sensorialit\u00e9s dans un s\u00e9minaire doctoral hybride polyartefact\u00e9\u00a0: m\u00e9thodologie et points de vue\u00a0\u00bb au colloque IMPEC (en ligne)<\/p>\n<h2><span style=\"text-decoration: underline\">2019<\/span><\/h2>\n<p style=\"text-align: left\">Domanchin M (2019) \u201cLearners\u2019 uses of online resources as cognitive tools \u2013 what complexity for language learning\u00a0?\u201d Communication orale au colloque EUROCALL (Louvain-la-Neuve, Belgique)<\/p>\n<h2><span style=\"text-decoration: underline\">2018<\/span><\/h2>\n<p><span style=\"font-size: 10.0pt\">Domanchin M, Lascar J et Pouchoulin G (2018) \u00ab\u00a0Dans les coulisses du s\u00e9minaire IMPEC\u00a0: la constitution du corpus \u00ab\u00a0Pr\u00e9sences Num\u00e9riques\u00a0\u00bb Communication orale \u00e0 la journ\u00e9e d\u2019\u00e9tude \u00ab\u00a0Communication multimodale \u00ab\u00a0artefact\u00e9e\u00a0\u00bb, Aix-en-Provence,France.<\/span><\/p>\n<p>Domanchin M (2018) The hidden side of language learning in a SCMC telecollaboration project: learner\u2019s online environment. Communication orale au colloque EUROCALL, Jyv\u00e4skyl\u00e4, Finlande<\/p>\n<p>Domanchin M (2018) \u201cThe onscreen visibility of the body in an educational context\u201d Communication orale au colloque IMPEC, Lyon, France.<\/p>\n<p>Domanchin M (2018) \u00ab\u00a0Environnements personnels d\u2019apprentissage en contexte de t\u00e9l\u00e9collaboration\u00a0: pratiques \u00e9craniques et assemblages visuels\u00a0\u00bb, communication orale au colloque EPAL Grenoble, France.<\/p>\n<p>Domanchin M (2018) \u00ab\u00a0Environnements personnelsd\u2019apprentissage encontexte de t\u00e9l\u00e9collaboration: pratiques\u00e9craniques &amp; assemblages visuels\u00a0\u00bb\u00a0 Journ\u00e9e d\u2019\u00e9tude inter-ICAR, Lyon, France.<\/p>\n<h2><span style=\"text-decoration: underline\">2016<\/span><\/h2>\n<p>Domanchin M (2016) \u201cTowards the empowerment of the learner-students\u2019 autonomy and uses of externalresources in a multimodal environment\u201d communication orale au 2e colloque sur la t\u00e9l\u00e9collaboration, Dublin, Irlande.<\/p>\n<h2><span style=\"text-decoration: underline\">2015<\/span><\/h2>\n<p>Domanchin M &amp; C Develotte C (2015) \u00ab\u00a0Super-diversit\u00e9 et TIC\u00a0: R\u00e9flexions didactiques fond\u00e9es sur trois extraitsd\u2019interactions p\u00e9dagogiques par visioconf\u00e9rence\u00a0poste \u00e0 poste\u00a0\u00bb, communication orale au colloque de l\u2019ACEDLE (Lyon, France)<\/p>\n","protected":false},"excerpt":{"rendered":"<p>Communication sans actes \/ Conference Talk without Proceedings &#8211; 2020 Domanchin (2020) \u00ab Visitors\u2019 sensory experiences within a hybrid virtual architecture exhibition\u00bb, communication orale, colloque IMPEC (en ligne) Develotte C., Domanchin M et Lascar J (2020) \u00ab\u00a0De l\u2019analyse des interactions\u00a0 &hellip; <a href=\"https:\/\/icar.cnrs.fr\/membre\/mdomanchin\/communication\/\">Continuer la lecture <span class=\"meta-nav\">&rarr;<\/span><\/a><\/p>\n","protected":false},"author":23,"featured_media":0,"parent":0,"menu_order":0,"comment_status":"closed","ping_status":"closed","template":"","meta":{"footnotes":""},"class_list":["post-208","page","type-page","status-publish","hentry"],"_links":{"self":[{"href":"https:\/\/icar.cnrs.fr\/membre\/mdomanchin\/wp-json\/wp\/v2\/pages\/208","targetHints":{"allow":["GET"]}}],"collection":[{"href":"https:\/\/icar.cnrs.fr\/membre\/mdomanchin\/wp-json\/wp\/v2\/pages"}],"about":[{"href":"https:\/\/icar.cnrs.fr\/membre\/mdomanchin\/wp-json\/wp\/v2\/types\/page"}],"author":[{"embeddable":true,"href":"https:\/\/icar.cnrs.fr\/membre\/mdomanchin\/wp-json\/wp\/v2\/users\/23"}],"replies":[{"embeddable":true,"href":"https:\/\/icar.cnrs.fr\/membre\/mdomanchin\/wp-json\/wp\/v2\/comments?post=208"}],"version-history":[{"count":5,"href":"https:\/\/icar.cnrs.fr\/membre\/mdomanchin\/wp-json\/wp\/v2\/pages\/208\/revisions"}],"predecessor-version":[{"id":222,"href":"https:\/\/icar.cnrs.fr\/membre\/mdomanchin\/wp-json\/wp\/v2\/pages\/208\/revisions\/222"}],"wp:attachment":[{"href":"https:\/\/icar.cnrs.fr\/membre\/mdomanchin\/wp-json\/wp\/v2\/media?parent=208"}],"curies":[{"name":"wp","href":"https:\/\/api.w.org\/{rel}","templated":true}]}}