{"id":4,"date":"2016-11-02T17:37:52","date_gmt":"2016-11-02T16:37:52","guid":{"rendered":"https:\/\/icar.cnrs.fr\/membre\/mdomanchin\/?page_id=4"},"modified":"2021-06-09T10:32:46","modified_gmt":"2021-06-09T08:32:46","slug":"accueil","status":"publish","type":"page","link":"https:\/\/icar.cnrs.fr\/membre\/mdomanchin\/","title":{"rendered":"Pr\u00e9sentation"},"content":{"rendered":"<div class=\"cadregris\">\n<h2><img loading=\"lazy\" decoding=\"async\" class=\"wp-image-251  alignright\" src=\"https:\/\/icar.cnrs.fr\/membre\/mdomanchin\/wp-content\/uploads\/sites\/25\/2021\/06\/20200612_153725-1-e1623227504541-225x300.jpg\" alt=\"\" width=\"145\" height=\"191\" \/><strong style=\"color: #114b5a\">Morgane DOMANCHIN<\/strong><\/h2>\n<p>Docteure en Sciences du Langage<br \/>\nChercheuse associ\u00e9e ICAR<\/p>\n<p>Email : <a href=\"mailto:morgane.domanchin@gmail.com\">morgane.domanchin@gmail.com<\/a><\/p>\n<p>Th\u00e8se obtenue en d\u00e9cembre\u00a02020 \u00e0 l&rsquo;universit\u00e9 Lumi\u00e8re Lyon 2 \u00ab\u00a0<em><strong>Pratiques \u00e9craniques en situation de t\u00e9l\u00e9collaboration pour l\u2019enseignement-apprentissage du FLE<\/strong>\u00a0\u00bb\u00a0Sous la direction de Christine DEVELOTTE (ENS)<\/em><\/p>\n<p>&nbsp;<\/p>\n<ul>\n<li style=\"text-align: left\">Th\u00e8se PDF t\u00e9l\u00e9chargeable\u00a0<a href=\"https:\/\/tel.archives-ouvertes.fr\/tel-03124387v2\/document\">en cliquant ici\u00a0<\/a><\/li>\n<li style=\"text-align: left\">Lien vers <a href=\"https:\/\/domanchin.com\/\">le site de la th\u00e8se<\/a> (mot de passe requis, \u00e9crivez-moi afin que je vous le communique!)<\/li>\n<\/ul>\n<p>&nbsp;<\/p>\n<p style=\"text-align: center\"><a href=\"http:\/\/icar.univ-lyon2.fr\/\">UMR 5191 ICAR<br \/>\n<\/a>(Interactions, Corpus, Apprentissage, Repr\u00e9sentations)<br \/>\nEquipe\u00a0: INteractions : SItuations, praTiques et oUtils (InSitu)<\/p>\n<\/div>\n<p>&nbsp;<\/p>\n","protected":false},"excerpt":{"rendered":"<p>Morgane DOMANCHIN Docteure en Sciences du Langage Chercheuse associ\u00e9e ICAR Email : morgane.domanchin@gmail.com Th\u00e8se obtenue en d\u00e9cembre\u00a02020 \u00e0 l&rsquo;universit\u00e9 Lumi\u00e8re Lyon 2 \u00ab\u00a0Pratiques \u00e9craniques en situation de t\u00e9l\u00e9collaboration pour l\u2019enseignement-apprentissage du FLE\u00a0\u00bb\u00a0Sous la direction de Christine DEVELOTTE (ENS) &nbsp; Th\u00e8se &hellip; <a href=\"https:\/\/icar.cnrs.fr\/membre\/mdomanchin\/\">Continuer la lecture <span class=\"meta-nav\">&rarr;<\/span><\/a><\/p>\n","protected":false},"author":1,"featured_media":0,"parent":0,"menu_order":0,"comment_status":"closed","ping_status":"closed","template":"","meta":{"footnotes":""},"class_list":["post-4","page","type-page","status-publish","hentry"],"_links":{"self":[{"href":"https:\/\/icar.cnrs.fr\/membre\/mdomanchin\/wp-json\/wp\/v2\/pages\/4","targetHints":{"allow":["GET"]}}],"collection":[{"href":"https:\/\/icar.cnrs.fr\/membre\/mdomanchin\/wp-json\/wp\/v2\/pages"}],"about":[{"href":"https:\/\/icar.cnrs.fr\/membre\/mdomanchin\/wp-json\/wp\/v2\/types\/page"}],"author":[{"embeddable":true,"href":"https:\/\/icar.cnrs.fr\/membre\/mdomanchin\/wp-json\/wp\/v2\/users\/1"}],"replies":[{"embeddable":true,"href":"https:\/\/icar.cnrs.fr\/membre\/mdomanchin\/wp-json\/wp\/v2\/comments?post=4"}],"version-history":[{"count":89,"href":"https:\/\/icar.cnrs.fr\/membre\/mdomanchin\/wp-json\/wp\/v2\/pages\/4\/revisions"}],"predecessor-version":[{"id":252,"href":"https:\/\/icar.cnrs.fr\/membre\/mdomanchin\/wp-json\/wp\/v2\/pages\/4\/revisions\/252"}],"wp:attachment":[{"href":"https:\/\/icar.cnrs.fr\/membre\/mdomanchin\/wp-json\/wp\/v2\/media?parent=4"}],"curies":[{"name":"wp","href":"https:\/\/api.w.org\/{rel}","templated":true}]}}