{"id":147,"date":"2018-06-14T17:37:06","date_gmt":"2018-06-14T15:37:06","guid":{"rendered":"https:\/\/icar.cnrs.fr\/membre\/mduclos\/?page_id=147"},"modified":"2026-03-20T15:10:30","modified_gmt":"2026-03-20T14:10:30","slug":"formation","status":"publish","type":"page","link":"https:\/\/icar.cnrs.fr\/membre\/mduclos\/formation\/","title":{"rendered":"Formation"},"content":{"rendered":"<div class=\"page\" title=\"Page 2\">\n<div class=\"section\">\n<div class=\"layoutArea\">\n<div class=\"column\">\n<h1><\/h1>\n<hr \/>\n<h1 style=\"text-align: center\">Formations doctorales<\/h1>\n<hr \/>\n<p><span style=\"color: #008080\"><strong>26 avril 2018<\/strong><span style=\"color: #000000\">\u00a0<\/span><strong><span style=\"color: #3366ff\"><span style=\"color: #333399\">A<\/span><b class=\"\"><span style=\"color: #333399\">telier de d\u00e9couverte de l\u2019entretien d\u2019explicitation<\/span><\/b><\/span><\/strong><span style=\"color: #3366ff\"><span style=\"color: #000000\">:<\/span><\/span><span style=\"color: #3366ff\"><span style=\"color: #000000\">m\u00e9thode de collecte de donn\u00e9es d\u00e9di\u00e9e \u00e0 l\u2019\u00e9tude de l\u2019exp\u00e9rience subjective (13h30-16h30). Formation encadr\u00e9e par: Christophe Coup\u00e9.<\/span><\/span><\/span><\/p>\n<p><strong><span style=\"color: #008080\">19 au 21 septembre 2018 <span style=\"color: #333399\">Atelier doctoral transfrontalier Franco-Italo-Suisse<\/span><\/span><\/strong><\/p>\n<p><span style=\"color: #008080\"><strong>15-19 octobre 2018 <\/strong><\/span><span style=\"color: #333399\"><strong>Ecole th\u00e9matique IR-Vid\u00e9o 3<\/strong><\/span>\u00a0<span style=\"color: #000000\">\u00ab\u00a0Instrumentation des recherches pour l\u2019analyse de donn\u00e9es vid\u00e9os des pratiques \u00e9ducatives\u00a0\u00bb, organis\u00e9e par la SFR VISA, <em>Lyon.\u00a0<\/em><\/span><\/p>\n<hr \/>\n<h1 style=\"text-align: center\">Parcours universitaire<\/h1>\n<hr \/>\n<p><span style=\"color: #008080\"><strong>2016-2022<\/strong>\u00a0<\/span><span style=\"color: #333399\"><strong>Doctorat en Sciences de l\u2019E\u0301ducation<\/strong> <\/span>&#8211;<em>E\u0301cole Normale Supe\u0301rieure de Lyon, ICAR-LLE.<\/em><\/p>\n<p><span style=\"color: #008080\"><strong>2014-2016<\/strong> <\/span><span style=\"color: #3366ff\"><strong><span style=\"color: #333399\">Master Sciences Humaines et Sociales<\/span><\/strong><\/span>, a\u0300 finalite\u0301 Professionnelle, mention Psychologie, spe\u0301cialite\u0301 <span style=\"color: #333399\">Psychologie cognitive et Neuropsychologie <\/span>(mention bien)-<em>Universite\u0301 Lyon2.<\/em><\/p>\n<p><span style=\"color: #008080\"><strong>2012-2014<\/strong> <\/span><span style=\"color: #333399\"><strong>Licence de Psychologie<\/strong><\/span> (mention assez bien)-<em>Universite\u0301 Lyon2<\/em> (dont 3<em><sup>\u00e8me<\/sup> <\/em>anne\u0301e de licence en e\u0301change au Que\u0301bec- UQTR, Universite\u0301 du Que\u0301bec a\u0300 Trois-Rivie\u0300res).<\/p>\n<p><strong><span style=\"color: #008080\">2011-2012<\/span> <\/strong>1e\u0300re anne\u0301e de licence <span style=\"color: #333399\"><strong>Sciences Cognitives\/ Anthropologie<\/strong><\/span>&#8211;<em>Universite\u0301 Lyon2.<\/em><\/p>\n<\/div>\n<\/div>\n<\/div>\n<\/div>\n","protected":false},"excerpt":{"rendered":"<p>Formations doctorales 26 avril 2018\u00a0Atelier de d\u00e9couverte de l\u2019entretien d\u2019explicitation:m\u00e9thode de collecte de donn\u00e9es d\u00e9di\u00e9e \u00e0 l\u2019\u00e9tude de l\u2019exp\u00e9rience subjective (13h30-16h30). Formation encadr\u00e9e par: Christophe Coup\u00e9. 19 au 21 septembre 2018 Atelier doctoral transfrontalier Franco-Italo-Suisse 15-19 octobre 2018 Ecole th\u00e9matique &hellip; <a href=\"https:\/\/icar.cnrs.fr\/membre\/mduclos\/formation\/\">Continuer la lecture <span class=\"meta-nav\">&rarr;<\/span><\/a><\/p>\n","protected":false},"author":100,"featured_media":0,"parent":0,"menu_order":0,"comment_status":"closed","ping_status":"closed","template":"","meta":{"footnotes":""},"class_list":["post-147","page","type-page","status-publish","hentry"],"_links":{"self":[{"href":"https:\/\/icar.cnrs.fr\/membre\/mduclos\/wp-json\/wp\/v2\/pages\/147","targetHints":{"allow":["GET"]}}],"collection":[{"href":"https:\/\/icar.cnrs.fr\/membre\/mduclos\/wp-json\/wp\/v2\/pages"}],"about":[{"href":"https:\/\/icar.cnrs.fr\/membre\/mduclos\/wp-json\/wp\/v2\/types\/page"}],"author":[{"embeddable":true,"href":"https:\/\/icar.cnrs.fr\/membre\/mduclos\/wp-json\/wp\/v2\/users\/100"}],"replies":[{"embeddable":true,"href":"https:\/\/icar.cnrs.fr\/membre\/mduclos\/wp-json\/wp\/v2\/comments?post=147"}],"version-history":[{"count":17,"href":"https:\/\/icar.cnrs.fr\/membre\/mduclos\/wp-json\/wp\/v2\/pages\/147\/revisions"}],"predecessor-version":[{"id":167,"href":"https:\/\/icar.cnrs.fr\/membre\/mduclos\/wp-json\/wp\/v2\/pages\/147\/revisions\/167"}],"wp:attachment":[{"href":"https:\/\/icar.cnrs.fr\/membre\/mduclos\/wp-json\/wp\/v2\/media?parent=147"}],"curies":[{"name":"wp","href":"https:\/\/api.w.org\/{rel}","templated":true}]}}