{"id":148,"date":"2018-06-14T17:37:06","date_gmt":"2018-06-14T15:37:06","guid":{"rendered":"https:\/\/icar.cnrs.fr\/membre\/mduclos\/?page_id=148"},"modified":"2026-03-20T15:16:10","modified_gmt":"2026-03-20T14:16:10","slug":"activites-scientifiques","status":"publish","type":"page","link":"https:\/\/icar.cnrs.fr\/membre\/mduclos\/activites-scientifiques\/","title":{"rendered":"Publications et communications"},"content":{"rendered":"<hr \/>\n<h1 style=\"text-align: center\">Publications<\/h1>\n<div class=\"page\" title=\"Page 3\">\n<div class=\"section\">\n<div class=\"layoutArea\">\n<div class=\"column\">\n<hr \/>\n<p><span style=\"color: #008080\"><strong>Articles<\/strong><\/span><\/p>\n<\/div>\n<\/div>\n<div class=\"layoutArea\">\n<div class=\"column\">\n<p>Duclos, M., Le Hebel, F., Tiberghien, A., Montpied, P., &amp; Fontanieu, V. (2021). \u00c9laboration d\u2019un mod\u00e8le de difficult\u00e9 de questions \u00e9valuant la culture scientifique des \u00e9l\u00e8ves. <em>\u00c9ducation et didactique<\/em>, 15(15\u20113), 103\u2011131. https:\/\/doi.org\/10.4000\/educationdidactique.9274\u00a0<a href=\"https:\/\/hal.science\/hal-03891345\" target=\"_blank\" rel=\"noopener noreferrer\">\u27e8hal-03891345\u27e9<\/a><\/p>\n<p class=\"p1\">Duclos, M., Le Hebel, F., Tiberghien, A., Montpied, P., Fontanieu, V. (soumis). How item characteristics contribute to variations in science achievement among socio-economic-cultural and performance level students\u2019 groups: Insights from PISA. <i>International Journal of Science Education.<\/i><i>\u00a0<\/i><\/p>\n<p>Fabre, M., Duclos, M. (soumis). Enjeux \u00e9thiques d\u2019un dispositif de formation hybride : de la prise en compte des singularit\u00e9s pour une vis\u00e9e inclusive. <em>\u00c9thique en \u00e9ducation et en formation.<\/em><\/p>\n<\/div>\n<div class=\"page\" title=\"Page 3\">\n<div class=\"section\">\n<div class=\"layoutArea\">\n<div class=\"column\">\n<p><strong><span style=\"color: #008080\">Chapitre de livre<\/span><\/strong><\/p>\n<p><span style=\"font-weight: 300\">Osborne, J., Forbes, C., Neuman, K., Schiepe-Tiska, A., Duclos, M., Le Hebel, F., Tiberghien, A., Montpied, P., Fontanieu, V., Dozier, S., Azzolini, D., Bazoli, N., &amp; Vergolini, L. (2021). PISA 2015\u202f: What Can Science Education Learn from the Data? <\/span><span style=\"font-weight: 300\">In O. Levrini, G. Tasquier, T. G. Amin, L. Branchetti, &amp; M. Levin (\u00c9ds.), <em>Engaging with Contemporary Challenges through Science Education Research\u202f: Selected papers from the ESERA 2019 Conference<\/em> (p. 73\u201190). Springer International Publishing. https:\/\/doi.org\/10.1007\/978-3-030-74490-8_7\u00a0<a href=\"https:\/\/hal.science\/hal-03934176\" target=\"_blank\" rel=\"noopener noreferrer\">\u27e8hal-03934176\u27e9<\/a><\/span><\/p>\n<h2><strong><span style=\"color: #008080\">Articles dans des actes de colloque avec comit\u00e9 de lecture<\/span><\/strong><\/h2>\n<p>Duclos, M., Le Hebel, F., Noveck, I., Montpied, P., Tiberghien, A., Van Der Henst, J.-B., &amp; Jayez, J. (2018). PISA science item difficulties according to socio-economical-cultural level. In Finlayson, O.E., McLoughlin, E., Erduran, S., &amp; Childs, P. (Eds.), <em>Electronic Proceedings of the ESERA 2017 Conference. Research, Practice and Collaboration in Science Education, Part 11<\/em> (co-ed. Jens Dolin), (p. 1498\u20111509). Dublin, Ireland: Dublin City University. ISBN 978-1-873769-84-3. <a href=\"https:\/\/www.esera.org\/esera-2017\/\">https:\/\/www.esera.org\/esera-2017\/<\/a><\/p>\n<p>Montpied, P., Duclos, M., Le Hebel, F., Noveck, I., Tiberghien, A., Van Der Henst, J.-B., &amp; Jayez, J. (2017). Origine Socio-\u00e9conomique des \u00e9l\u00e8ves et \u00e9valuation de la culture scientifique par PISA\u202f: Utilisation de L\u2019ASI pour trouver des classes d\u2019items d\u2019int\u00e9r\u00eat pour analyser la probl\u00e9matique. <em>Actes <\/em><em>du 9\u00e8me colloque d\u2019Analyse Statistique Implicative (p. <\/em>375\u2011402). <a href=\"https:\/\/hal.archives-ouvertes.fr\/hal-02902606\">https:\/\/hal.archives-ouvertes.fr\/hal-02902606<\/a><\/p>\n<\/div>\n<div class=\"page\" title=\"Page 3\">\n<div class=\"section\">\n<div class=\"layoutArea\">\n<div class=\"column\">\n<hr \/>\n<\/div>\n<div class=\"page\" title=\"Page 4\">\n<div class=\"section\">\n<div class=\"layoutArea\">\n<div class=\"column\">\n<h1 style=\"text-align: center\">Communications<\/h1>\n<hr \/>\n<\/div>\n<div class=\"page\" title=\"Page 4\">\n<div class=\"section\">\n<div class=\"layoutArea\">\n<div class=\"column\">\n<p><strong><span style=\"color: #008080\">Communications invit\u00e9es dans des s\u00e9minaires, journe\u0301es d\u2019e\u0301tudes ou workshop\u00a0<\/span><\/strong><\/p>\n<p>Duclos, M. (2025, novembre). <em>In\u00e9galit\u00e9s de r\u00e9ussite en sciences : influence diff\u00e9renci\u00e9e des caract\u00e9ristiques des t\u00e2ches selon le statut socioculturel et le niveau de performance des \u00e9l\u00e8ves. Articulation avec les donn\u00e9es qualitatives <\/em>[Communication orale]. S\u00e9minaire Saisir les in\u00e9galit\u00e9s scolaires par les m\u00e9thodes quantitatives, LLE, ENS de Lyon. <a href=\"https:\/\/lle.ens-lyon.fr\/seminaires\/seminaire-saisir-les-inegalites-scolaires-par-les-methodes-quantitatives\">https:\/\/lle.ens-lyon.fr\/seminaires\/seminaire-saisir-les-inegalites-scolaires-par-les-methodes-quantitatives<\/a><\/p>\n<p class=\"p1\">Fabre, M., Duclos, M (2024, oct). <em>Enjeux \u00e9thiques d\u2019un cours magistral : de la prise en compte des singularit\u00e9s.<\/em> S\u00e9minaire \u00ab L\u2019Ethique comme sujet et objet de recherche et d\u2019enseignement en \u00e9ducation\/formation \u00bb. Maison Internationale Des Langues Et Des Cultures (MILC), Universit\u00e9 Lyon 2, Lyon, France. <a href=\"https:\/\/hal.science\/hal-04748483v1\" target=\"_blank\" rel=\"noopener noreferrer\">\u27e8hal-04748483\u27e9<\/a><\/p>\n<p class=\"p1\">Duclos, M., Le Hebel, F. (2024, mai).\u00a0<i>In\u00e9galit\u00e9s socio-\u00e9conomiques et culturelles chez des \u00e9l\u00e8ves de 15 ans en situation de r\u00e9alisation de t\u00e2ches en sciences. Analyse et discussion du corpus.\u00a0<\/i>R\u00e9seau RE.S.E.I.D.A (Recherches sur la Socialisation, l\u2019Enseignement, les In\u00e9galit\u00e9s et les Diff\u00e9renciations dans les Apprentissages). Universit\u00e9 Paris Diderot (Paris-VII). <a href=\"https:\/\/circeft.fr\/escol\/reseau-reseida-escol\/#tab-id-1\">https:\/\/circeft.fr\/escol\/reseau-reseida-escol\/#tab-id-1<\/a><\/p>\n<p>Duclos, M., (2022, d\u00e9cembre). <em>Influence des caract\u00e9ristiques des t\u00e2ches en sciences dans la compr\u00e9hension et la r\u00e9alisation des \u00e9l\u00e8ves selon leur milieu socioculturel et leur niveau en sciences <\/em>[communication orale]<em>.<\/em> Workshop In\u00e9galit\u00e9s \u00e9ducatives, LAPSCO, Universit\u00e9 Clermont Auvergne (UCA), Clermont-Ferrand.<\/p>\n<p><strong style=\"color: #008080\">Communications dans des colloques internationaux a\u0300 comite\u0301 de se\u0301lection<\/strong><\/p>\n<p><strong><span style=\"color: #333399\"><em>Communications orales<\/em><\/span><\/strong><\/p>\n<p>Duclos, M., Le Hebel, F., Tiberghien, A., Caussarieu, A., Fontanieu, V. (2026, juin). Enjeux didactiques dans la construction d&rsquo;une \u00e9valuation de culture scientifique sur les rayonnements ionisants. Une d\u00e9marche it\u00e9rative m\u00ealant approches qualitatives et quantitatives. [communication orale accept\u00e9e]<em>.<\/em> 14<sup>\u00e8mes<\/sup> rencontres scientifiques de l&rsquo;Association de recherches en Didactique des Sciences et Techniques (ARDiST), Lille, France.<\/p>\n<p>Duclos, M., Le Hebel, F., Tiberghien, A., Caussarieu, A., Fontanieu, V. (2025, August). <em>Construction of a scientific literacy assessment related to ionizing radiation: dual qualitative and quantitative approach <\/em>[oral communication proposal submitted]. 16<sup>th<\/sup> Conference of the European Science Education Research Association (ESERA), Copenhagen, Denmark.\u00a0 \u00a0 \u00a0 <a href=\"https:\/\/hal.science\/hal-05559305v1\" target=\"_blank\" rel=\"noopener\">\u27e8hal-05559305\u27e9<\/a><\/p>\n<\/div>\n<p>Duclos, M., Le Hebel, F., Tiberghien, A., Montpied, P., Fontanieu, V. (2024, juin). <em>Niveau de conceptualisation scientifique d\u2019\u00e9l\u00e8ves de seconde en fonction de leur niveau de performance en sciences et de leur statut socio-\u00e9conomique et culturel : analyse multimodale<\/em> [communication orale]. 13<sup>\u00e8mes<\/sup> rencontres scientifiques de l\u2019Association de recherches en Didactique des Sciences et Techniques (ARDiST), Montpellier, France. \u00a0\u00a0 \u00a0\u00a0 \u00a0\u00a0 \u00a0\u00a0 \u00a0\u00a0 \u00a0\u00a0 \u00a0\u00a0 \u00a0\u00a0 \u00a0\u00a0 \u00a0<a href=\"https:\/\/hal.science\/hal-05559338v1\" target=\"_blank\" rel=\"noopener\">\u27e8hal-05559338\u27e9<\/a> <a href=\"https:\/\/ardist2024.sciencesconf.org\/\">https:\/\/ardist2024.sciencesconf.org\/<\/a><\/p>\n<\/div>\n<p>Duclos, M., Le Hebel, F., Tiberghien, A. (2023, August). Degrees of conceptualization of students according to their performance and sociocultural levels when carrying out scientific task: contribution of the analysis of gestures. In K. Otrel-Cass (resp.), <em>Added insights through video based analysis?\u00a0 what different frameworks can reveal <\/em>[symposium]. 15<sup>th<\/sup> Conference of the European Science Education Research Association (ESERA), Cappadocia, Turkey.\u00a0 \u00a0 \u00a0<a href=\"https:\/\/hal.science\/hal-05559327v1\" target=\"_blank\" rel=\"noopener\">\u27e8hal-05559327\u27e9<\/a><\/p>\n<p>Duclos, M., Le Hebel, F., Tiberghien, A., Montpied, P., Fontanieu, V. (2023, juin). Liens entre caract\u00e9ristiques des t\u00e2ches en sciences et leur compr\u00e9hension par les \u00e9l\u00e8ves de 15 ans : r\u00f4le du statut socio-\u00e9conomique et culturel dans la variation des performances. Dans C. Girard (resp.), <em>In\u00e9galit\u00e9s socio-\u00e9conomiques dans le d\u00e9veloppement des comp\u00e9tences en litt\u00e9ratie, num\u00e9ratie et sciences : articuler des objets et des m\u00e9thodes de recherche<\/em> [symposium]. Colloque international PIAGET-RIPSYDEVE, Gen\u00e8ve, Suisse.<strong>\u00a0 <\/strong><a href=\"https:\/\/www.youtube.com\/watch?v=rgdWRM8_ay0&amp;ab_channel=CentreJeanPiaget\">https:\/\/www.youtube.com\/watch?v=rgdWRM8_ay0&amp;ab_channel=CentreJeanPiaget<\/a><\/p>\n<p>Duclos, M., Le Hebel, F., Tiberghien, A., Montpied, P., Fontanieu, V. (2023, mai). <em>Influence des caract\u00e9ristiques de t\u00e2ches en sciences sur la compr\u00e9hension des \u00e9l\u00e8ves selon leur milieu socioculturel et leur niveau <\/em><em>scolaire : apports d&rsquo;un regard interdisciplinaire<\/em> [communication orale]. Colloque scientifique international \u00c9ducation et in\u00e9galit\u00e9s du R\u00e9seau th\u00e9matique pluridisciplinaire (RTP-CNRS) et de la Mission pour les Initiatives Transverses et Interdisciplinaires (MITI-CNRS), Paris. <a href=\"https:\/\/hal.science\/hal-05559352v1\" target=\"_blank\" rel=\"noopener\">\u27e8hal-05559352\u27e9\u00a0\u00a0\u00a0\u00a0\u00a0<\/a> <a href=\"https:\/\/miti.cnrs.fr\/actualite\/synthese-colloque-international-education-et-inegalites\/\">https:\/\/miti.cnrs.fr\/actualite\/synthese-colloque-international-education-et-inegalites\/<\/a><\/p>\n<p>Duclos, M., Le Hebel, F., Tiberghien, A., Montpied, P., Fontanieu, V. (2022, nov). <em>Compr\u00e9hension et r\u00e9solution de t\u00e2ches de sciences par les \u00e9l\u00e8ves de 15 ans en France : Analyse des verbalisations selon le statut socio-\u00e9conomico culturel et le niveau scolaire en sciences <\/em>[communication orale]<em>.<\/em> 12<sup>\u00e8me<\/sup> rencontres scientifiques de l&rsquo;Association de recherches en Didactique des Sciences et Techniques (ARDiST), Toulouse, France.\u00a0 \u00a0 \u00a0 \u00a0 \u00a0<a href=\"https:\/\/hal.science\/hal-02105072\" target=\"_blank\" rel=\"noopener noreferrer\">\u27e8<\/a><a href=\"https:\/\/hal.science\/hal-03947024v1\">hal-03947024<\/a><a href=\"https:\/\/hal.science\/hal-02105072\" target=\"_blank\" rel=\"noopener noreferrer\">\u27e9<\/a> <a href=\"https:\/\/ardist2022.sciencesconf.org\/\">https:\/\/ardist2022.sciencesconf.org\/ \u00a0 \u00a0 \u00a0<\/a><\/p>\n<p><span style=\"font-weight: 300\">Duclos, M. (2022, oct). <\/span><em style=\"font-weight: 300\">Impact des caract\u00e9ristiques de l\u2019item sur la r\u00e9ussite des \u00e9l\u00e8ves en sciences selon leur statut socio-\u00e9conomique et culturel (SESC) et leur niveau de performance : approche double (quantitative et qualitative) <\/em><span style=\"font-weight: 300\">[communication orale]. Colloque doctoral international de l\u2019\u00e9ducation et de la formation (CIDEF), \u00c9ducation et formation : accompagner les transitions, Rennes, France.\u00a0<\/span><a style=\"font-weight: 300\" href=\"https:\/\/hal.science\/hal-03947429\" target=\"_blank\" rel=\"noopener noreferrer\">\u27e8<\/a><a style=\"font-weight: 300\" href=\"https:\/\/hal.science\/hal-04076627v1\">hal-04076627<\/a><a style=\"font-weight: 300\" href=\"https:\/\/hal.science\/hal-03946743\" target=\"_blank\" rel=\"noopener noreferrer\">\u27e9<\/a><\/p>\n<div class=\"layoutArea\">\n<div class=\"page\" title=\"Page 4\">\n<div class=\"section\">\n<div class=\"layoutArea\">\n<div class=\"column\">\n<p>Duclos, M., Le Hebel, F., Tiberghien, A., Montpied, P., Fontanieu, V. (2019, August). Possible characteristics of PISA Science items discriminating students\u2019 performance according to their socio-economico-cultural level and their academic level. In J. Osborne (resp.), <em>PISA 2015: What can science education learn from the data?\u00a0 <\/em>[symposium]. 13<sup>th<\/sup> Conference of the European Science Education Research Association (ESERA), Bologna, Italy. \u00a0<a href=\"https:\/\/hal.science\/hal-03947429\" target=\"_blank\" rel=\"noopener noreferrer\">\u27e8hal-03947429\u27e9<\/a><\/p>\n<p>Duclos, M., Le Hebel, F., Montpied, P., Tiberghien, A., Fontanieu, V., Noveck, I., Van Der Henst, J.B., &amp; Jayez, J. (2018, mars). <em>Quelles caract\u00e9ristiques des t\u00e2ches de Sciences discriminent la performance des \u00e9l\u00e8ves en fonction de leur niveau socio-\u00e9conomique et culturel ? <\/em>[communication orale]. 10<sup>\u00e8me<\/sup> rencontres scientifiques de l&rsquo;Association de recherches en Didactique des Sciences et Techniques (ARDiST), Saint Malo, France.\u00a0\u00a0<a href=\"https:\/\/hal.science\/hal-03947429\" target=\"_blank\" rel=\"noopener noreferrer\">\u27e8<\/a><a href=\"https:\/\/hal.science\/hal-02105066v1\">hal-02105066<\/a><a href=\"https:\/\/hal.science\/hal-03947429\" target=\"_blank\" rel=\"noopener noreferrer\">\u27e9<\/a><\/p>\n<p>Duclos, M., Le Hebel, F., Noveck, I., Montpied, P., Tiberghien, A., Van Der Henst, J.-B., &amp; Jayez, J. (2017, mars). <em>Analyse de la compr\u00e9hension d\u2019une t\u00e2che en sciences des \u00e9l\u00e8ves de 15 ans selon leurs caract\u00e9ristiques socio-culturelles : Exemple des items PISA science 2015<\/em> [communication orale]<em>.<\/em>\u00a0 6<sup>\u00e8me<\/sup> s\u00e9minaire doctoral organis\u00e9 par l\u2019ARDIST.\u00a0<a href=\"https:\/\/hal.science\/hal-03948571\" target=\"_blank\" rel=\"noopener noreferrer\">\u27e8hal-03948571\u27e9<\/a><\/p>\n<p><strong><span style=\"color: #333399\"><em>Communication par capsule vid\u00e9o <\/em><\/span><\/strong><\/p>\n<p>Duclos, M., Le Hebel, F., Tiberghien, A., Montpied, P., Fontanieu, V. (2021, mars-avril). <em>Caract\u00e9ristiques discriminantes de t\u00e2ches de science selon le niveau socio-economico-culturel et la performance des \u00e9l\u00e8ves. Exemple des items PISA science 2015 <\/em>[communication orale]<em>.<\/em> 11<sup>\u00e8me<\/sup> rencontres scientifiques de l&rsquo;Association de recherches en Didactique des Sciences et Techniques (Ardist), Bruxelles, Belgique.\u00a0<a href=\"https:\/\/hal.science\/hal-02105072\" target=\"_blank\" rel=\"noopener noreferrer\">\u27e8<\/a><a href=\"https:\/\/hal.science\/hal-03947280v1\">hal-03947280<\/a><a href=\"https:\/\/hal.science\/hal-02105072\" target=\"_blank\" rel=\"noopener noreferrer\">\u27e9<\/a> <a href=\"https:\/\/youtu.be\/mj9mHtvXMAw?si=S6esa2aCx_j2wrDD\">https:\/\/youtu.be\/mj9mHtvXMAw?si=S6esa2aCx_j2wrDD<\/a><\/p>\n<p><strong><span style=\"color: #333399\"><em>Communications par poster\u00a0<\/em><\/span><\/strong><\/p>\n<p>Duclos, M., Le Hebel, F., Montpied, P., Tiberghien, A., Fontanieu, V., Noveck, I., Van Der Henst, J.B., &amp; Jayez, J. (2018, April). <em>Characteristics of PISA science items according to performance gap of socio-economic-cultural groups <\/em>[communication by poster]. Conference of American Educational Research Association 2018, New York, USA.\u00a0<a href=\"https:\/\/hal.science\/hal-03946743\" target=\"_blank\" rel=\"noopener noreferrer\">\u27e8hal-03946743\u27e9<\/a><\/p>\n<p>Duclos, M., Le Hebel, F., Noveck, I., Montpied, P., Tiberghien, A., Van Der Henst, J.-B., &amp; Jayez, J. (2017, August). <em>PISA science item difficulties according to socio-economical-cultural level <\/em>[communication by poster]. Conference of the European Science Education Research Association (ESERA), Dublin, Ireland.\u00a0\u00a0<a href=\"https:\/\/hal.science\/hal-02105072\" target=\"_blank\" rel=\"noopener noreferrer\">\u27e8hal-02105072\u27e9<\/a><\/p>\n<p><strong><span style=\"color: #008080\">Communications dans des journe\u0301es d\u2019e\u0301tudes ou s\u00e9minaires (en interne)<\/span><\/strong><\/p>\n<p>Duclos, M. (2022, d\u00e9cembre). Influence des caract\u00e9ristiques de t\u00e2ches en sciences sur la compr\u00e9hension des \u00e9l\u00e8ves selon leur milieu socioculturel et leur niveau scolaire : apports d&rsquo;un regard interdisciplinaire [communication orale]. Journ\u00e9es scientifiques du LLE, ENS de Lyon.<\/p>\n<p>Duclos, M., Le Hebel, F. (2017, novembre). <em>La r\u00e9solution d\u2019une t\u00e2che de Sciences par des \u00e9l\u00e8ves de 15 ans en lien avec leurs caract\u00e9ristiques socio-\u00e9conomico-culturelles : Exemple des items PISA science 2015 <\/em>[communication orale]. Journ\u00e9es scientifiques du LLE, ENS de Lyon.<\/p>\n<p>Duclos, M. (2017, mai). <em>Compr\u00e9hension de t\u00e2ches complexes en sciences des \u00e9l\u00e8ves de 15 ans selon leurs caract\u00e9ristiques socio-culturelles : Exemple des items PISA science 2015<\/em> [communication orale]<em>.<\/em> \u00a0S\u00e9minaire de l\u2019\u00e9quipe Apprentissages, Discours, Interactions, Savoirs (ADIS) du laboratoire ICAR, ENS de Lyon.<\/p>\n<p>Duclos, M. (2016, d\u00e9cembre). <em>Compr\u00e9hension d\u2019une t\u00e2che en sciences des \u00e9l\u00e8ves de 15 ans selon leurs caract\u00e9ristiques socio-culturelles. Exemple des items PISA science 2015 <\/em>[communication orale]<em>.<\/em> Journ\u00e9es scientifiques du LLE, ENS de Lyon.<\/p>\n<div class=\"page\" title=\"Page 5\">\n<div class=\"section\">\n<div class=\"layoutArea\">\n<div class=\"column\">\n<h1 style=\"text-align: center\">Responsabilite\u0301s scientifiques<\/h1>\n<hr \/>\n<div class=\"page\" title=\"Page 5\">\n<div class=\"section\">\n<div class=\"layoutArea\">\n<div class=\"column\">\n<p><strong><span style=\"color: #008080\">Membre de la commission doctorale (Com\u2019Doc) du laboratoire ICAR<\/span><\/strong><\/p>\n<p>-Participation a\u0300 l\u2019organisation d\u2019e\u0301ve\u0301nements a\u0300 destination des doctorants du laboratoire (journe\u0301es d\u2019e\u0301tude, formations, re\u0301unions d\u2019information, etc.).<\/p>\n<p>-Participation a\u0300 l\u2019organisation de colloques doctorants et jeunes chercheurs du laboratoire ICAR :<\/p>\n<p><span style=\"font-weight: 300\">\u0097-7-9 octobre 2019. ICODOC 2019 : \u00ab E\u0301motion, empathie, affectivite\u0301. Les\u00a0<\/span><span style=\"font-weight: 300\">sujets et leur subjectivite\u0301 a\u0300 travers les pratiques langagie\u0300res et e\u0301ducatives \u00bb, 3e colloque doctorants et jeunes chercheurs du laboratoire ICAR. Organise\u0301 par la\u00a0<\/span><span style=\"font-weight: 300\">Com\u2019Doc.<\/span><\/p>\n<\/div>\n<\/div>\n<div class=\"layoutArea\">\n<div class=\"column\">\n<p>\u0097-15-16 juin 2017. ICODOC 2017 : \u00ab Objets, supports, instruments : regards\u00a0<span style=\"font-weight: 300\">croise\u0301s sur la diversite\u0301 des ressources mobilise\u0301es en interaction \u00bb, 2e colloque\u00a0<\/span><span style=\"font-weight: 300\">doctorants et jeunes chercheurs du laboratoire ICAR. Organise\u0301 par la Com\u2019Doc.<\/span><\/p>\n<\/div>\n<\/div>\n<\/div>\n<\/div>\n<\/div>\n<\/div>\n<\/div>\n<\/div>\n<\/div>\n<\/div>\n<\/div>\n<\/div>\n<\/div>\n<\/div>\n<\/div>\n<\/div>\n<\/div>\n<\/div>\n<\/div>\n<\/div>\n<\/div>\n<\/div>\n<\/div>\n<\/div>\n<\/div>\n<\/div>\n<\/div>\n","protected":false},"excerpt":{"rendered":"<p>Publications Articles Duclos, M., Le Hebel, F., Tiberghien, A., Montpied, P., &amp; Fontanieu, V. (2021). \u00c9laboration d\u2019un mod\u00e8le de difficult\u00e9 de questions \u00e9valuant la culture scientifique des \u00e9l\u00e8ves. \u00c9ducation et didactique, 15(15\u20113), 103\u2011131. https:\/\/doi.org\/10.4000\/educationdidactique.9274\u00a0\u27e8hal-03891345\u27e9 Duclos, M., Le Hebel, F., Tiberghien, &hellip; <a href=\"https:\/\/icar.cnrs.fr\/membre\/mduclos\/activites-scientifiques\/\">Continuer la lecture <span class=\"meta-nav\">&rarr;<\/span><\/a><\/p>\n","protected":false},"author":100,"featured_media":0,"parent":0,"menu_order":0,"comment_status":"closed","ping_status":"closed","template":"","meta":{"footnotes":""},"class_list":["post-148","page","type-page","status-publish","hentry"],"_links":{"self":[{"href":"https:\/\/icar.cnrs.fr\/membre\/mduclos\/wp-json\/wp\/v2\/pages\/148","targetHints":{"allow":["GET"]}}],"collection":[{"href":"https:\/\/icar.cnrs.fr\/membre\/mduclos\/wp-json\/wp\/v2\/pages"}],"about":[{"href":"https:\/\/icar.cnrs.fr\/membre\/mduclos\/wp-json\/wp\/v2\/types\/page"}],"author":[{"embeddable":true,"href":"https:\/\/icar.cnrs.fr\/membre\/mduclos\/wp-json\/wp\/v2\/users\/100"}],"replies":[{"embeddable":true,"href":"https:\/\/icar.cnrs.fr\/membre\/mduclos\/wp-json\/wp\/v2\/comments?post=148"}],"version-history":[{"count":38,"href":"https:\/\/icar.cnrs.fr\/membre\/mduclos\/wp-json\/wp\/v2\/pages\/148\/revisions"}],"predecessor-version":[{"id":300,"href":"https:\/\/icar.cnrs.fr\/membre\/mduclos\/wp-json\/wp\/v2\/pages\/148\/revisions\/300"}],"wp:attachment":[{"href":"https:\/\/icar.cnrs.fr\/membre\/mduclos\/wp-json\/wp\/v2\/media?parent=148"}],"curies":[{"name":"wp","href":"https:\/\/api.w.org\/{rel}","templated":true}]}}