{"id":4,"date":"2016-11-02T17:37:52","date_gmt":"2016-11-02T16:37:52","guid":{"rendered":"https:\/\/icar.cnrs.fr\/membre\/mduclos\/?page_id=4"},"modified":"2026-03-20T09:24:53","modified_gmt":"2026-03-20T08:24:53","slug":"accueil","status":"publish","type":"page","link":"https:\/\/icar.cnrs.fr\/membre\/mduclos\/","title":{"rendered":"Accueil"},"content":{"rendered":"<div class=\"cadregris\">\n<h1 style=\"text-align: center\">\ud835\udd44\ud835\udd6a\ud835\udd5d\ud835\udd56\u0300\ud835\udd5f\ud835\udd56 \ud835\udd3b\ud835\udd66\ud835\udd54\ud835\udd5d\ud835\udd60\ud835\udd64<\/h1>\n<p style=\"text-align: center\"><img loading=\"lazy\" decoding=\"async\" class=\"wp-image-161 aligncenter\" src=\"https:\/\/icar.cnrs.fr\/membre\/mduclos\/wp-content\/uploads\/sites\/114\/2020\/08\/IMG_20200722_150541-300x263.png\" alt=\"\" width=\"159\" height=\"140\" srcset=\"https:\/\/icar.cnrs.fr\/membre\/mduclos\/wp-content\/uploads\/sites\/114\/2020\/08\/IMG_20200722_150541-300x263.png 300w, https:\/\/icar.cnrs.fr\/membre\/mduclos\/wp-content\/uploads\/sites\/114\/2020\/08\/IMG_20200722_150541-342x300.png 342w, https:\/\/icar.cnrs.fr\/membre\/mduclos\/wp-content\/uploads\/sites\/114\/2020\/08\/IMG_20200722_150541.png 735w\" sizes=\"auto, (max-width: 159px) 100vw, 159px\" \/><\/p>\n<h3 style=\"text-align: center\">Docteure en Sciences de l&rsquo;\u00c9ducation<\/h3>\n<p>Mail : <a href=\"mailto:mylene.duclos@ens-lyon.fr\">mylene.duclos@ens-lyon.fr\u00a0<\/a>ou <a href=\"mailto:mduclos42@gmail.com\">mduclos42@gmail.com<\/a><\/p>\n<p style=\"text-align: left\">Laboratoire :<br \/>\n<a href=\"http:\/\/icar.univ-lyon2.fr\/\">UMR 5191 ICAR<\/a>\u00a0(Interactions, Corpus, Apprentissage, Repr\u00e9sentations)<br \/>\n<em>Equipe<\/em> : Apprentissages, discours, interactions, savoirs (ADIS). \u00a0\u00a0 \u00a0\u00a0 \u00a0\u00a0 \u00a0\u00a0 \u00a0\u00a0 \u00a0\u00a0 \u00a0\u00a0 \u00a0\u00a0 \u00a0\u00a0 \u00a0\u00a0 \u00a0\u00a0 \u00a0\u00a0 \u00a0 <a href=\"http:\/\/lle.ens-lyon.fr\/\">UAR 3773 LLE\u00a0<\/a>(Laboratoire de L&rsquo;\u00c9ducation)<\/p>\n<p><strong>Th\u00e8se soutenue\u00a0<\/strong><br \/>\n<span style=\"font-weight: 300\"><a href=\"https:\/\/www.theses.fr\/2022ENSL0013\">Influence du contexte socio-culturel et du niveau scolaire sur la r\u00e9alisation de t\u00e2ches en sciences: liens entre caract\u00e9ristiques des t\u00e2ches et compr\u00e9hension des \u00e9l\u00e8ves.<\/a>\u00a0 \u00a0 \u00a0 \u00a0 \u00a0 \u00a0 \u00a0<\/span>Sous la direction de Florence Le Hebel<\/p>\n<p><strong>Projet de recherche en cours\u00a0 \u00a0 \u00a0 \u00a0 \u00a0 \u00a0 \u00a0 \u00a0 \u00a0 \u00a0 \u00a0 \u00a0 \u00a0 \u00a0 \u00a0 \u00a0 \u00a0 \u00a0 \u00a0 \u00a0 \u00a0 \u00a0 \u00a0 \u00a0 \u00a0 \u00a0 \u00a0 \u00a0 \u00a0 \u00a0 \u00a0 \u00a0 \u00a0 \u00a0 \u00a0 \u00a0 \u00a0 \u00a0 \u00a0 \u00a0 \u00a0 \u00a0 \u00a0 \u00a0 \u00a0 <\/strong>Projet ANR POLARIS : Perception des risques et culture scientifique relative aux rayonnements ionisants.\u00a0 \u00a0 \u00a0 \u00a0 \u00a0 \u00a0 \u00a0 \u00a0 \u00a0 \u00a0 \u00a0 \u00a0 \u00a0 \u00a0 \u00a0 \u00a0 \u00a0 \u00a0 \u00a0 \u00a0 \u00a0 \u00a0 \u00a0 \u00a0 \u00a0 \u00a0 \u00a0 \u00a0 \u00a0 \u00a0 \u00a0 \u00a0 \u00a0 \u00a0\u00a0 \u00a0 \u00a0 \u00a0 \u00a0 \u00a0 \u00a0 \u00a0 \u00a0 \u00a0 \u00a0 \u00a0 \u00a0 \u00a0 \u00a0 \u00a0 \u00a0 \u00a0 Post-doctorante au sein du WP1 pour le d\u00e9veloppement d&rsquo;une \u00e9chelle de mesure de la culture scientifique relative aux rayonnements ionisants (conceptions des items, etc.) et sa passation aupr\u00e8s d&rsquo;\u00e9l\u00e8ves du secondaire.<\/p>\n<p><strong>Adresse<\/strong><br \/>\nLaboratoire ICAR &#8211;\u00a0Laboratoire LLE<br \/>\nEcole Normale Sup\u00e9rieure, Site Descartes<br \/>\n15, parvis Ren\u00e9 Descartes, BP 7000<br \/>\n69 342 Lyon Cedex 07<\/p>\n<\/div>\n<p>&nbsp;<\/p>\n","protected":false},"excerpt":{"rendered":"<p>\ud835\udd44\ud835\udd6a\ud835\udd5d\ud835\udd56\u0300\ud835\udd5f\ud835\udd56 \ud835\udd3b\ud835\udd66\ud835\udd54\ud835\udd5d\ud835\udd60\ud835\udd64 Docteure en Sciences de l&rsquo;\u00c9ducation Mail : mylene.duclos@ens-lyon.fr\u00a0ou mduclos42@gmail.com Laboratoire : UMR 5191 ICAR\u00a0(Interactions, Corpus, Apprentissage, Repr\u00e9sentations) Equipe : Apprentissages, discours, interactions, savoirs (ADIS). \u00a0\u00a0 \u00a0\u00a0 \u00a0\u00a0 \u00a0\u00a0 \u00a0\u00a0 \u00a0\u00a0 \u00a0\u00a0 \u00a0\u00a0 \u00a0\u00a0 \u00a0\u00a0 \u00a0\u00a0 \u00a0\u00a0 \u00a0 UAR &hellip; <a href=\"https:\/\/icar.cnrs.fr\/membre\/mduclos\/\">Continuer la lecture <span class=\"meta-nav\">&rarr;<\/span><\/a><\/p>\n","protected":false},"author":1,"featured_media":0,"parent":0,"menu_order":0,"comment_status":"closed","ping_status":"closed","template":"","meta":{"footnotes":""},"class_list":["post-4","page","type-page","status-publish","hentry"],"_links":{"self":[{"href":"https:\/\/icar.cnrs.fr\/membre\/mduclos\/wp-json\/wp\/v2\/pages\/4","targetHints":{"allow":["GET"]}}],"collection":[{"href":"https:\/\/icar.cnrs.fr\/membre\/mduclos\/wp-json\/wp\/v2\/pages"}],"about":[{"href":"https:\/\/icar.cnrs.fr\/membre\/mduclos\/wp-json\/wp\/v2\/types\/page"}],"author":[{"embeddable":true,"href":"https:\/\/icar.cnrs.fr\/membre\/mduclos\/wp-json\/wp\/v2\/users\/1"}],"replies":[{"embeddable":true,"href":"https:\/\/icar.cnrs.fr\/membre\/mduclos\/wp-json\/wp\/v2\/comments?post=4"}],"version-history":[{"count":87,"href":"https:\/\/icar.cnrs.fr\/membre\/mduclos\/wp-json\/wp\/v2\/pages\/4\/revisions"}],"predecessor-version":[{"id":255,"href":"https:\/\/icar.cnrs.fr\/membre\/mduclos\/wp-json\/wp\/v2\/pages\/4\/revisions\/255"}],"wp:attachment":[{"href":"https:\/\/icar.cnrs.fr\/membre\/mduclos\/wp-json\/wp\/v2\/media?parent=4"}],"curies":[{"name":"wp","href":"https:\/\/api.w.org\/{rel}","templated":true}]}}