{"id":39,"date":"2016-11-09T15:36:16","date_gmt":"2016-11-09T14:36:16","guid":{"rendered":"https:\/\/icar.cnrs.fr\/membre\/mgroccia\/?page_id=39"},"modified":"2020-03-10T21:34:55","modified_gmt":"2020-03-10T20:34:55","slug":"axes-de-recherche","status":"publish","type":"page","link":"https:\/\/icar.cnrs.fr\/membre\/mgroccia\/axes-de-recherche\/","title":{"rendered":"Axes de recherche"},"content":{"rendered":"<h2>Principaux axes de recherche<\/h2>\n<p>Th\u00e9orie s\u00e9miotique g\u00e9n\u00e9rale et s\u00e9miotique appliqu\u00e9e, th\u00e9orie de l\u2019\u00e9nonciation, s\u00e9miotique des ph\u00e9nom\u00e8nes sensibles, s\u00e9miotique de la voix, s\u00e9miotique du son, des musiques actuelles, et de la chanson, s\u00e9miotique des pratiques d\u2019\u00e9coutes.<\/p>\n<p><strong>Formation :<\/strong><\/p>\n<p>Doctorat en Sciences du Langage, Universit\u00e9 Lyon 2 (2008). Jury : Louis PANIER (Directeur de recherche, Lyon 2), Jean-Fran\u00e7ois BORDRON (Limoges), Hugues CONSTANTIN de CHANAY (Lyon 2), Eero TARASTI (Helsinki), C\u00e9cile PREVOST-THOMAS (Paris 4), Pierre SABY (Lyon 2). Qualification en musicologie.<\/p>\n<p>&nbsp;<\/p>\n<h2>Responsabilit\u00e9s scientifiques<\/h2>\n<h3><u>Membre de comit\u00e9 d&rsquo;organisation de colloques ou journ\u00e9es d&rsquo;\u00e9tudes<\/u><\/h3>\n<p>2019 : Congr\u00e8s de l&rsquo;Association Fran\u00e7aise de S\u00e9miotique 2019,\u00a0(D\u00e9s)accords : \u00e0 la recherche de la diff\u00e9rence propice, Laboratoire ICAR (UMR 5191), AFS, LabEx ASLAN, CNRS, Universit\u00e9 Lyon 2, ENS de\u00a0Lyon, 11-14\u00a0juin 2019, Lyon, ENS.<\/p>\n<p>2018 :\u00a0Colloque international Discours Programmateurs, 25-27 juin 2018, Lyon, \u00c9cole Normale Sup\u00e9rieure, France<\/p>\n<p>2017 :\u00a0Journ\u00e9es d&rsquo;\u00e9tudes internationales\u00a0\u00ab\u00a0 Les discours programmateurs\u00a0\u00bb,\u00a019-20 octobre 2017, Lyon, \u00c9cole Normale Sup\u00e9rieure, France.<\/p>\n<p>2016 :\u00a0Colloque international de s\u00e9miotique \u00ab\u00a0L&rsquo;appropriation : l&rsquo;interpr\u00e9tation de l&rsquo;alt\u00e9rit\u00e9 et l&rsquo;inscription du soi\u00a0\u00bb , Laboratoire ICAR (UMR 5191), 28-29 avril 2016, Lyon.<\/p>\n<p>2010 : Membre du comit\u00e9 d\u2019organisation du Congr\u00e8s de l\u2019Association Fran\u00e7aise de S\u00e9miotique, AFS SEMIO2010 \u00ab Des \u00e9critures fragmentaires : questions d\u2019\u00e9nonciation \u00bb, Universit\u00e9 Lumi\u00e8re Lyon 2, 2-3-4 d\u00e9cembre 2010.<\/p>\n<h3>Organisation journ\u00e9e d\u2019\u00e9tude<\/h3>\n<p>2013 : Co-organisatrice de la journ\u00e9e d\u2019\u00e9tude La pr\u00e9dication : notion inutile ou indispensable ? Universit\u00e9 Lyon2 et ENS-Lyon, 17-18 janvier 2013.<br \/>\n(<a href=\"http:\/\/www.univ-lyon2.fr\/actualite\/actualites-scientifiques\/la-predication-notion-inutile-ou-indispensable--491736.kjsp?RH=WWW306\" target=\"_blank\" rel=\"noopener\">http:\/\/www.univ-lyon2.fr\/actualite\/actualites-scientifiques\/la-predication-notion-inutile-ou-indispensable&#8211;491736.kjsp?RH=WWW306<\/a>)<\/p>\n<h3>Comit\u00e9s scientifiques<\/h3>\n<p>2016 : Membre du comit\u00e9 scientifique du Colloque International des Jeunes Chercheurs de l&rsquo;\u00e9cole doctorale Cognition, Langage et Interaction (CLI, ED 224), Universit\u00e9 Paris 8 Vincennes-Saint-Denis, \u00ab Construction du\u00a0sens, sens des constructions \u00bb (CLI 2016, 13 et 14 octobre 2016, Universit\u00e9 Paris 8)<\/p>\n<p>2014 : Membre du Comit\u00e9 Scientifique du Colloque international des Etudiants chercheurs en Didactique des langues et en Linguistique, Universit\u00e9 Stendhal Grenoble 3 (CEDIL 2014 &#8211; http:\/\/cedil2014.u-grenoble3.fr\/).<\/p>\n<p>&nbsp;<\/p>\n","protected":false},"excerpt":{"rendered":"<p>Principaux axes de recherche Th\u00e9orie s\u00e9miotique g\u00e9n\u00e9rale et s\u00e9miotique appliqu\u00e9e, th\u00e9orie de l\u2019\u00e9nonciation, s\u00e9miotique des ph\u00e9nom\u00e8nes sensibles, s\u00e9miotique de la voix, s\u00e9miotique du son, des musiques actuelles, et de la chanson, s\u00e9miotique des pratiques d\u2019\u00e9coutes. Formation : Doctorat en Sciences &hellip; <a href=\"https:\/\/icar.cnrs.fr\/membre\/mgroccia\/axes-de-recherche\/\">Continuer la lecture <span class=\"meta-nav\">&rarr;<\/span><\/a><\/p>\n","protected":false},"author":1,"featured_media":0,"parent":0,"menu_order":2,"comment_status":"closed","ping_status":"closed","template":"","meta":{"footnotes":""},"class_list":["post-39","page","type-page","status-publish","hentry"],"_links":{"self":[{"href":"https:\/\/icar.cnrs.fr\/membre\/mgroccia\/wp-json\/wp\/v2\/pages\/39","targetHints":{"allow":["GET"]}}],"collection":[{"href":"https:\/\/icar.cnrs.fr\/membre\/mgroccia\/wp-json\/wp\/v2\/pages"}],"about":[{"href":"https:\/\/icar.cnrs.fr\/membre\/mgroccia\/wp-json\/wp\/v2\/types\/page"}],"author":[{"embeddable":true,"href":"https:\/\/icar.cnrs.fr\/membre\/mgroccia\/wp-json\/wp\/v2\/users\/1"}],"replies":[{"embeddable":true,"href":"https:\/\/icar.cnrs.fr\/membre\/mgroccia\/wp-json\/wp\/v2\/comments?post=39"}],"version-history":[{"count":28,"href":"https:\/\/icar.cnrs.fr\/membre\/mgroccia\/wp-json\/wp\/v2\/pages\/39\/revisions"}],"predecessor-version":[{"id":185,"href":"https:\/\/icar.cnrs.fr\/membre\/mgroccia\/wp-json\/wp\/v2\/pages\/39\/revisions\/185"}],"wp:attachment":[{"href":"https:\/\/icar.cnrs.fr\/membre\/mgroccia\/wp-json\/wp\/v2\/media?parent=39"}],"curies":[{"name":"wp","href":"https:\/\/api.w.org\/{rel}","templated":true}]}}