{"id":4,"date":"2016-11-02T17:37:52","date_gmt":"2016-11-02T16:37:52","guid":{"rendered":"https:\/\/icar.cnrs.fr\/membre\/mgroccia\/?page_id=4"},"modified":"2017-01-03T11:27:38","modified_gmt":"2017-01-03T10:27:38","slug":"accueil","status":"publish","type":"page","link":"https:\/\/icar.cnrs.fr\/membre\/mgroccia\/","title":{"rendered":"Accueil"},"content":{"rendered":"<div class=\"cadregris\">\n<h2><strong>Martine\u00a0GROCCIA<\/strong><\/h2>\n<p>Ma\u00eetre de conf\u00e9rences en s\u00e9miotique<br \/>\nUniversit\u00e9 Lumi\u00e8re Lyon 2<\/p>\n<p style=\"text-align: left;\">Laboratoire\u00a0<a href=\"http:\/\/icar.univ-lyon2.fr\/\">ICAR<\/a>\u00a0<a href=\"http:\/\/icar.univ-lyon2.fr\/\">UMR 5191<\/a><br \/>\n(Interactions, Corpus, Apprentissage, Repr\u00e9sentations)<br \/>\n<em>Equipe<\/em>\u00a0:\u00a0Corpus \u00c9nonciation Discours Informatique Linguistique<br \/>\nLangues Et S\u00e9miotiques (C\u00c9DILLES)<\/p>\n<p><span class=\"Apple-style-span\">M\u00e8l :\u00a0<a href=\"http:\/\/icar.univ-lyon2.fr\/membres\/mgroccia\/Martine.Groccia@univ-lyon2.fr\">Martine.Groccia@univ-lyon2.fr<\/a><br \/>\nT\u00e9l\u00e9phone bureau\u00a0: 04 37 37 62 99<\/span><\/p>\n<p style=\"text-align: left;\"><strong>Adresse<br \/>\n<\/strong>Laboratoire ICAR<br \/>\nEcole Normale Sup\u00e9rieure de Lyon<br \/>\n15 parvis Ren\u00e9 Descartes &#8211; BP 7000<br \/>\n69342 LYON Cedex 07<br \/>\nFrance<\/p>\n<\/div>\n","protected":false},"excerpt":{"rendered":"<p>Martine\u00a0GROCCIA Ma\u00eetre de conf\u00e9rences en s\u00e9miotique Universit\u00e9 Lumi\u00e8re Lyon 2 Laboratoire\u00a0ICAR\u00a0UMR 5191 (Interactions, Corpus, Apprentissage, Repr\u00e9sentations) Equipe\u00a0:\u00a0Corpus \u00c9nonciation Discours Informatique Linguistique Langues Et S\u00e9miotiques (C\u00c9DILLES) M\u00e8l :\u00a0Martine.Groccia@univ-lyon2.fr T\u00e9l\u00e9phone bureau\u00a0: 04 37 37 62 99 Adresse Laboratoire ICAR Ecole Normale Sup\u00e9rieure &hellip; <a href=\"https:\/\/icar.cnrs.fr\/membre\/mgroccia\/\">Continuer la lecture <span class=\"meta-nav\">&rarr;<\/span><\/a><\/p>\n","protected":false},"author":1,"featured_media":0,"parent":0,"menu_order":0,"comment_status":"closed","ping_status":"closed","template":"","meta":{"footnotes":""},"class_list":["post-4","page","type-page","status-publish","hentry"],"_links":{"self":[{"href":"https:\/\/icar.cnrs.fr\/membre\/mgroccia\/wp-json\/wp\/v2\/pages\/4","targetHints":{"allow":["GET"]}}],"collection":[{"href":"https:\/\/icar.cnrs.fr\/membre\/mgroccia\/wp-json\/wp\/v2\/pages"}],"about":[{"href":"https:\/\/icar.cnrs.fr\/membre\/mgroccia\/wp-json\/wp\/v2\/types\/page"}],"author":[{"embeddable":true,"href":"https:\/\/icar.cnrs.fr\/membre\/mgroccia\/wp-json\/wp\/v2\/users\/1"}],"replies":[{"embeddable":true,"href":"https:\/\/icar.cnrs.fr\/membre\/mgroccia\/wp-json\/wp\/v2\/comments?post=4"}],"version-history":[{"count":47,"href":"https:\/\/icar.cnrs.fr\/membre\/mgroccia\/wp-json\/wp\/v2\/pages\/4\/revisions"}],"predecessor-version":[{"id":171,"href":"https:\/\/icar.cnrs.fr\/membre\/mgroccia\/wp-json\/wp\/v2\/pages\/4\/revisions\/171"}],"wp:attachment":[{"href":"https:\/\/icar.cnrs.fr\/membre\/mgroccia\/wp-json\/wp\/v2\/media?parent=4"}],"curies":[{"name":"wp","href":"https:\/\/api.w.org\/{rel}","templated":true}]}}