{"id":4,"date":"2016-11-02T17:37:52","date_gmt":"2016-11-02T16:37:52","guid":{"rendered":"https:\/\/icar.cnrs.fr\/membre\/mmarquillo\/?page_id=4"},"modified":"2018-02-09T16:20:25","modified_gmt":"2018-02-09T15:20:25","slug":"accueil","status":"publish","type":"page","link":"https:\/\/icar.cnrs.fr\/membre\/mmarquillo\/","title":{"rendered":"Accueil"},"content":{"rendered":"<div class=\"cadregris\">\n<h2><strong>Martine <span class=\"Apple-style-span\">Marquill\u00f3 Larruy<\/span><\/strong><\/h2>\n<p><span class=\"Apple-style-span\"><img loading=\"lazy\" decoding=\"async\" class=\"alignright size-full wp-image-157\" src=\"https:\/\/icar.cnrs.fr\/membre\/mmarquillo\/wp-content\/uploads\/sites\/62\/2016\/11\/photo-2.jpg\" alt=\"photo-2\" width=\"191\" height=\"270\" \/>Professeur des universit\u00e9s en sciences du langage,<br \/>\n7\u00e8me section CNU<\/span><\/p>\n<p>Laboratoire\u00a0<a href=\"http:\/\/icar.univ-lyon2.fr\/\">ICAR<\/a>\u00a0<a href=\"http:\/\/icar.univ-lyon2.fr\/\">UMR 5191<\/a>\u00a0(Interactions, Corpus, Apprentissage, Repr\u00e9sentations)<br \/>\n<em>Equipe<\/em>\u00a0:\u00a0Apprentissages, discours, interactions, savoirs (ADIS)<\/p>\n<p>Email\u00a0: <span class=\"Apple-style-span\"><a href=\"mailto:Martine.marquillo.larruy@univ-lyon2.fr\">Martine.marquillo.larruy@univ-lyon2.fr<\/a><\/span><\/p>\n<p style=\"text-align: left\"><strong>Adresse<br \/>\n<\/strong>Laboratoire ICAR<br \/>\nEcole Normale Sup\u00e9rieure de Lyon<br \/>\n15 parvis Ren\u00e9 Descartes &#8211; BP 7000<br \/>\n69342 LYON Cedex 07<br \/>\nFrance<\/p>\n<h3 style=\"text-align: left\">Parcours<\/h3>\n<p>2013 : Professeur des universit\u00e9 \u00e0 l\u2019Universit\u00e9 Lumi\u00e8re Lyon 2<\/p>\n<p>2012 : Habilitation \u00e0 diriger des recherches (23 novembre) : \u00ab\u00c9critures, contextes et outils en didactique des langues\u00a0\u00bb. Garant : Jean-Louis Chiss, Sorbonne Nouvelle Paris 3. Jury compos\u00e9 de Francine Cicurel, Sorbonne Nouvelle Paris 3, pr\u00e9sidente, Sylvie Plane, IUFM de Paris, Universit\u00e9 de la Sorbonne ParisIV, rapporteur, Joaquim Dolz &#8211; Mestre, Universit\u00e9 de Gen\u00e8ve, rapporteur, Claude Germain, Universit\u00e9 du Qu\u00e9bec \u00e0 Montr\u00e9al, examinateur, Georges L\u00fcdi, universit\u00e9 de B\u00e2le, examinateur, Georges-Daniel V\u00e9ronique, Universit\u00e9 de Provence, examinateur.<\/p>\n<p>1996 : maitre de conf\u00e9rences , en sciences du langage \u00e0 l\u2019Universit\u00e9 de Poitiers<\/p>\n<p>1994 : Th\u00e8se nouveau r\u00e9gime : \u201c<em>La correction guid\u00e9e comme aide \u00e0 la r\u00e9\u00e9criture pour des \u00e9tudiants non francophones :\u00a0une \u00e9tude de cas<\/em>\u201d, sous la direction de R. Galisson et de Cl. Fabre, soutenue \u00e0 l\u2019universit\u00e9 de Paris III le 14 d\u00e9cembre, mention tr\u00e8s honorable avec f\u00e9licitations du jury. Jury compos\u00e9 de M. Dab\u00e8ne, Daniel Coste, Jean-Louis Chiss, Claudine Fabre, Robert Galisson.<\/p>\n<p>1990\u00a0:\u00a0DEA\u00a0\u201c Didactique des Langues et des Cultures\u201d, R. Galisson, directeur, Universit\u00e9 de Paris III, mention tr\u00e8s bien.<\/p>\n<p>1984\u00a0:\u00a0Maitrise de Lettres Modernes, option linguistique, sous la direction de Cl. Fabre, \u201cDialogues d\u2019enfants en situation de jeu, deux ans et demi &#8211; quatre ans\u201d, mention tr\u00e8s bien.<\/p>\n<p style=\"text-align: left\">\n<\/div>\n","protected":false},"excerpt":{"rendered":"<p>Martine Marquill\u00f3 Larruy Professeur des universit\u00e9s en sciences du langage, 7\u00e8me section CNU Laboratoire\u00a0ICAR\u00a0UMR 5191\u00a0(Interactions, Corpus, Apprentissage, Repr\u00e9sentations) Equipe\u00a0:\u00a0Apprentissages, discours, interactions, savoirs (ADIS) Email\u00a0: Martine.marquillo.larruy@univ-lyon2.fr Adresse Laboratoire ICAR Ecole Normale Sup\u00e9rieure de Lyon 15 parvis Ren\u00e9 Descartes &#8211; BP 7000 &hellip; <a href=\"https:\/\/icar.cnrs.fr\/membre\/mmarquillo\/\">Continuer la lecture <span class=\"meta-nav\">&rarr;<\/span><\/a><\/p>\n","protected":false},"author":1,"featured_media":0,"parent":0,"menu_order":0,"comment_status":"closed","ping_status":"closed","template":"","meta":{"footnotes":""},"class_list":["post-4","page","type-page","status-publish","hentry"],"_links":{"self":[{"href":"https:\/\/icar.cnrs.fr\/membre\/mmarquillo\/wp-json\/wp\/v2\/pages\/4","targetHints":{"allow":["GET"]}}],"collection":[{"href":"https:\/\/icar.cnrs.fr\/membre\/mmarquillo\/wp-json\/wp\/v2\/pages"}],"about":[{"href":"https:\/\/icar.cnrs.fr\/membre\/mmarquillo\/wp-json\/wp\/v2\/types\/page"}],"author":[{"embeddable":true,"href":"https:\/\/icar.cnrs.fr\/membre\/mmarquillo\/wp-json\/wp\/v2\/users\/1"}],"replies":[{"embeddable":true,"href":"https:\/\/icar.cnrs.fr\/membre\/mmarquillo\/wp-json\/wp\/v2\/comments?post=4"}],"version-history":[{"count":44,"href":"https:\/\/icar.cnrs.fr\/membre\/mmarquillo\/wp-json\/wp\/v2\/pages\/4\/revisions"}],"predecessor-version":[{"id":170,"href":"https:\/\/icar.cnrs.fr\/membre\/mmarquillo\/wp-json\/wp\/v2\/pages\/4\/revisions\/170"}],"wp:attachment":[{"href":"https:\/\/icar.cnrs.fr\/membre\/mmarquillo\/wp-json\/wp\/v2\/media?parent=4"}],"curies":[{"name":"wp","href":"https:\/\/api.w.org\/{rel}","templated":true}]}}