{"id":205,"date":"2017-07-24T11:32:55","date_gmt":"2017-07-24T09:32:55","guid":{"rendered":"https:\/\/icar.cnrs.fr\/membre\/mollagnierbeldame\/?page_id=205"},"modified":"2026-03-18T16:48:11","modified_gmt":"2026-03-18T15:48:11","slug":"news","status":"publish","type":"page","link":"https:\/\/icar.cnrs.fr\/membre\/mollagnierbeldame\/news\/","title":{"rendered":"News"},"content":{"rendered":"<p>J&rsquo;animerai un <strong>stage de base \u00e0 l\u2019entretien d\u2019explicitation<\/strong> (4 jours), via <a href=\"https:\/\/cnrsformation.cnrs.fr\/\">CNRS Formation Entreprises<\/a> \u00e0 Lyon\u00a0du <a href=\"https:\/\/cnrsformation.cnrs.fr\/catalogue\/formation\/205\/entretien-dexplicitation-niveau-1\/\">9 au 12 juin 2026<\/a>, du <a href=\"https:\/\/cnrsformation.cnrs.fr\/catalogue\/formation\/205\/entretien-dexplicitation-niveau-1\/\">17 au 20 novembre 2026<\/a><\/p>\n<p>Le 25 mars 2026, avec Thomas Le Guennic, nous serons aux <strong><a href=\"https:\/\/rencontres-enfance-nature.fr\/\">Rencontres Enfance et Nature<\/a><\/strong> \u00e0 Passy en Haute-Savoie, pour animer un <a href=\"https:\/\/rencontres-enfance-nature.fr\/ren_evenement\/atelier-ecologie-sensible\/\">atelier<\/a> et contribuer \u00e0 une <a href=\"https:\/\/rencontres-enfance-nature.fr\/ren_evenement\/soiree-douverture-comment-nos-sens-nous-relient-a-la-nature\/\">table ronde<\/a>.<\/p>\n<p>Nouvelle publication accept\u00e9e : Ollagnier-Beldame, M. &amp; Sombrun, C. (2026). <strong>Revitalizing the fleshly bond to the web of life with auto-induced cognitive trance<\/strong>. <em>World Futures,\u00a0<\/em>Taylor &amp; Francis. <a href=\"https:\/\/www.tandfonline.com\/eprint\/NQAVSHRKXXPBZTXZGG7V\/full?target=10.1080\/02604027.2026.2622292\">Click here<\/a> to get a free access.<\/p>\n<p>Nouvelle parution sur <strong>\u00ab\u00a0Ce que vivent ceux qui soignent\u00a0\u00bb<\/strong>, dans le livre de Pourchez, Lustman et Humblot \u00ab\u00a0<a href=\"https:\/\/eac.ac\/publications\/9782813004017\">Regards crois\u00e9s sur les relations soignants-soign\u00e9s<\/a>\u00a0\u00bb<\/p>\n<h1><img loading=\"lazy\" decoding=\"async\" class=\"wp-image-592 aligncenter\" src=\"https:\/\/icar.cnrs.fr\/membre\/mollagnierbeldame\/wp-content\/uploads\/sites\/64\/2025\/10\/livreLP-213x300.png\" alt=\"\" width=\"165\" height=\"229\" \/><\/h1>\n<h1><\/h1>\n<p>&nbsp;<\/p>\n<h1 style=\"text-align: center\"><strong><em>\u00c9v\u00e8nements pass\u00e9s r\u00e9cents<\/em><br \/>\n<\/strong><\/h1>\n<p>Je suis\u00a0en <a href=\"https:\/\/umr-pimit.fr\/magali-ollagnier-beldame-rejoint-lunite\/\">mission longue \u00e0 La R\u00e9union,<\/a> sur le projet <a href=\"http:\/\/www.icar.cnrs.fr\/membre\/mollagnierbeldame\/wp-content\/uploads\/sites\/64\/2024\/08\/EnVOH-%E2%80%93-Encountering-the-Voice-Of-the-earth-Healing-Plants-1.pdf\">EnVOH-HP<\/a>, jusqu&rsquo;en juillet 2025<\/p>\n<p>Mars 2025 : <a href=\"https:\/\/www.billetweb.fr\/tcai-et-ecologie-la-dimension-transformative-des-vecus-de-transe-avec-les-autres-qu-humains1\">S\u00e9minaire<\/a> sur la <a href=\"https:\/\/trancescience.org\/fr\/\">Transe Cognitive Auto-Induite<\/a> et les interactions avec les autres qu&rsquo;humain<em>s<\/em><\/p>\n<h1><strong><em><img loading=\"lazy\" decoding=\"async\" class=\"size-thumbnail wp-image-571 aligncenter\" src=\"https:\/\/icar.cnrs.fr\/membre\/mollagnierbeldame\/wp-content\/uploads\/sites\/64\/2025\/07\/TCAI-et-Ecologie-150x150.png\" alt=\"\" width=\"150\" height=\"150\" srcset=\"https:\/\/icar.cnrs.fr\/membre\/mollagnierbeldame\/wp-content\/uploads\/sites\/64\/2025\/07\/TCAI-et-Ecologie-150x150.png 150w, https:\/\/icar.cnrs.fr\/membre\/mollagnierbeldame\/wp-content\/uploads\/sites\/64\/2025\/07\/TCAI-et-Ecologie.png 300w\" sizes=\"auto, (max-width: 150px) 100vw, 150px\" \/><\/em><\/strong><\/h1>\n<p><span class=\"x193iq5w xeuugli x13faqbe x1vvkbs xlh3980 xvmahel x1n0sxbx x1lliihq x1s928wv xhkezso x1gmr53x x1cpjm7i x1fgarty x1943h6x xudqn12 x3x7a5m x6prxxf xvq8zen xo1l8bm xzsf02u x1yc453h\" dir=\"auto\">Novembre 2024 : A <a href=\"https:\/\/www.taylorfrancis.com\/books\/oa-edit\/10.4324\/9781003397939\/practicing-embodied-thinking-research-learning-donata-schoeller-sigridur-thorgeirsdottir-greg-walkerden\">fascinating book<\/a> to which I had the honor of contributing with my dear colleague V\u00e9ronique Servais!<\/span><\/p>\n<h1><img loading=\"lazy\" decoding=\"async\" class=\" wp-image-572 aligncenter\" src=\"https:\/\/icar.cnrs.fr\/membre\/mollagnierbeldame\/wp-content\/uploads\/sites\/64\/2025\/07\/Practicing.png\" alt=\"\" width=\"151\" height=\"208\" \/><\/h1>\n<p>Avril 2024 : \u00ab Face \u00e0 la transition \u00e9cologique, nos sensations et \u00e9motions sont utiles. Elles expriment nos aspirations profondes \u00bb : Une <a href=\"https:\/\/www.insa-lyon.fr\/fr\/actualites\/face-transition-ecologique-nos-sensations-et-emotions-sont-utiles-elles-expriment-nos\">r\u00e9cente interview<\/a> donn\u00e9e avec mon coll\u00e8gue Thomas Le Guennic<\/p>\n<p>Sortie du <a href=\"https:\/\/legrandsecretdulien.org\/dans-la-trame-du-vivant\/\">film : Dans la Trame du vivant<\/a> de Fr\u00e9d\u00e9ric Pl\u00e9nard<\/p>\n<p><a href=\"https:\/\/tepcare.hypotheses.org\/ecole-dete-2023-dans-la-trame-du-vivant\">\u00c9cole d\u2019\u00e9t\u00e9 2023: Dans la trame du vivant, laboratoire d\u2019\u00e9cologie sensible <\/a><\/p>\n<p><a href=\"https:\/\/www.museedesconfluences.fr\/fr\/agenda\/la-transe-et-le-cerveau\">Journ\u00e9e th\u00e9matique : Transe chamanique et cerveau <\/a><\/p>\n<p><a href=\"https:\/\/www.youtube.com\/watch?v=DDbZsZARkfc\">Ressentir le monde<\/a>, cours commun du CHEL(s) : intervention de Magali Ollagnier-Beldame et Fran\u00e7ois Gneri<\/p>\n<p>&nbsp;<\/p>\n<p>&nbsp;<\/p>\n","protected":false},"excerpt":{"rendered":"<p>J&rsquo;animerai un stage de base \u00e0 l\u2019entretien d\u2019explicitation (4 jours), via CNRS Formation Entreprises \u00e0 Lyon\u00a0du 9 au 12 juin 2026, du 17 au 20 novembre 2026 Le 25 mars 2026, avec Thomas Le Guennic, nous serons aux Rencontres Enfance &hellip; <a href=\"https:\/\/icar.cnrs.fr\/membre\/mollagnierbeldame\/news\/\">Continuer la lecture <span class=\"meta-nav\">&rarr;<\/span><\/a><\/p>\n","protected":false},"author":58,"featured_media":0,"parent":0,"menu_order":0,"comment_status":"closed","ping_status":"closed","template":"","meta":{"footnotes":""},"class_list":["post-205","page","type-page","status-publish","hentry"],"_links":{"self":[{"href":"https:\/\/icar.cnrs.fr\/membre\/mollagnierbeldame\/wp-json\/wp\/v2\/pages\/205","targetHints":{"allow":["GET"]}}],"collection":[{"href":"https:\/\/icar.cnrs.fr\/membre\/mollagnierbeldame\/wp-json\/wp\/v2\/pages"}],"about":[{"href":"https:\/\/icar.cnrs.fr\/membre\/mollagnierbeldame\/wp-json\/wp\/v2\/types\/page"}],"author":[{"embeddable":true,"href":"https:\/\/icar.cnrs.fr\/membre\/mollagnierbeldame\/wp-json\/wp\/v2\/users\/58"}],"replies":[{"embeddable":true,"href":"https:\/\/icar.cnrs.fr\/membre\/mollagnierbeldame\/wp-json\/wp\/v2\/comments?post=205"}],"version-history":[{"count":85,"href":"https:\/\/icar.cnrs.fr\/membre\/mollagnierbeldame\/wp-json\/wp\/v2\/pages\/205\/revisions"}],"predecessor-version":[{"id":692,"href":"https:\/\/icar.cnrs.fr\/membre\/mollagnierbeldame\/wp-json\/wp\/v2\/pages\/205\/revisions\/692"}],"wp:attachment":[{"href":"https:\/\/icar.cnrs.fr\/membre\/mollagnierbeldame\/wp-json\/wp\/v2\/media?parent=205"}],"curies":[{"name":"wp","href":"https:\/\/api.w.org\/{rel}","templated":true}]}}