{"id":39,"date":"2016-11-09T15:36:16","date_gmt":"2016-11-09T14:36:16","guid":{"rendered":"https:\/\/icar.cnrs.fr\/membre\/mquignard\/?page_id=39"},"modified":"2025-08-28T11:37:47","modified_gmt":"2025-08-28T09:37:47","slug":"axes-de-recherche","status":"publish","type":"page","link":"https:\/\/icar.cnrs.fr\/membre\/mquignard\/axes-de-recherche\/","title":{"rendered":"Recherche"},"content":{"rendered":"<h2>Projets en cours<\/h2>\n<ul>\n<li>Projet BRUNEAU (analyse de l&rsquo;exp\u00e9rience v\u00e9cue de Charles BRUNEAU durant la Grande Guerre)<\/li>\n<li>Projet FLEXIDYS (analyse de la production langagi\u00e8re de jeunes adultes dyslexiques ; financement ASLAN)<\/li>\n<li>Projet DYSTRACKER (\u00e9tude grapho-oculo-m\u00e9trique de la production \u00e9crite des jeunes adultes dyslexiques ; financement ASLAN)<\/li>\n<li>Synesth\u00e9sie et langage<\/li>\n<\/ul>\n<h2>Projets pass\u00e9s<\/h2>\n<ul>\n<li>Projet BODEGA (impact de l&#8217;embodiment sur l&rsquo;alignement et l&rsquo;engagement dans le cadre de jeux s\u00e9rieux, financement ASLAN)<\/li>\n<li>ANR DEMOCRAT (cha\u00eenes de cor\u00e9f\u00e9rence)<\/li>\n<li>ANR SoSweet (Sociolinguistique sur Twitter)<\/li>\n<li>ANR JEN.Lab (Jeux \u00e9pist\u00e9miques num\u00e9riques)<\/li>\n<li>ANR ORFEO (Emotions et interaction)<\/li>\n<li>Projet MALICE (Alzheimer et Empathie, financement ASLAN)<\/li>\n<li>Projet MEN&rsquo;HIR (\u00e9tude d&rsquo;un fonds de menus de restaurant, financement ASLAN)<\/li>\n<li>ANR CCCP-Prosodie (profils de participation dans des communaut\u00e9s \u00e9pist\u00e9miques, d\u00e9tection de conflits)<\/li>\n<li>ANR PORTMEDIA (codage s\u00e9mantique d&rsquo;interactions orales)<\/li>\n<li>IST AMIGO (interactions multimodales et domotique)<\/li>\n<li>IST SCALE (apprendre par l&rsquo;argumentation)<\/li>\n<\/ul>\n<p>&nbsp;<\/p>\n","protected":false},"excerpt":{"rendered":"<p>Projets en cours Projet BRUNEAU (analyse de l&rsquo;exp\u00e9rience v\u00e9cue de Charles BRUNEAU durant la Grande Guerre) Projet FLEXIDYS (analyse de la production langagi\u00e8re de jeunes adultes dyslexiques ; financement ASLAN) Projet DYSTRACKER (\u00e9tude grapho-oculo-m\u00e9trique de la production \u00e9crite des jeunes &hellip; <a href=\"https:\/\/icar.cnrs.fr\/membre\/mquignard\/axes-de-recherche\/\">Continuer la lecture <span class=\"meta-nav\">&rarr;<\/span><\/a><\/p>\n","protected":false},"author":1,"featured_media":0,"parent":0,"menu_order":2,"comment_status":"closed","ping_status":"closed","template":"","meta":{"footnotes":""},"class_list":["post-39","page","type-page","status-publish","hentry"],"_links":{"self":[{"href":"https:\/\/icar.cnrs.fr\/membre\/mquignard\/wp-json\/wp\/v2\/pages\/39","targetHints":{"allow":["GET"]}}],"collection":[{"href":"https:\/\/icar.cnrs.fr\/membre\/mquignard\/wp-json\/wp\/v2\/pages"}],"about":[{"href":"https:\/\/icar.cnrs.fr\/membre\/mquignard\/wp-json\/wp\/v2\/types\/page"}],"author":[{"embeddable":true,"href":"https:\/\/icar.cnrs.fr\/membre\/mquignard\/wp-json\/wp\/v2\/users\/1"}],"replies":[{"embeddable":true,"href":"https:\/\/icar.cnrs.fr\/membre\/mquignard\/wp-json\/wp\/v2\/comments?post=39"}],"version-history":[{"count":7,"href":"https:\/\/icar.cnrs.fr\/membre\/mquignard\/wp-json\/wp\/v2\/pages\/39\/revisions"}],"predecessor-version":[{"id":311,"href":"https:\/\/icar.cnrs.fr\/membre\/mquignard\/wp-json\/wp\/v2\/pages\/39\/revisions\/311"}],"wp:attachment":[{"href":"https:\/\/icar.cnrs.fr\/membre\/mquignard\/wp-json\/wp\/v2\/media?parent=39"}],"curies":[{"name":"wp","href":"https:\/\/api.w.org\/{rel}","templated":true}]}}