{"id":4,"date":"2016-11-02T17:37:52","date_gmt":"2016-11-02T16:37:52","guid":{"rendered":"https:\/\/icar.cnrs.fr\/membre\/nacioly\/?page_id=4"},"modified":"2020-02-09T12:56:19","modified_gmt":"2020-02-09T11:56:19","slug":"accueil","status":"publish","type":"page","link":"https:\/\/icar.cnrs.fr\/membre\/nacioly\/","title":{"rendered":"Accueil"},"content":{"rendered":"<div class=\"cadregris\">\n<h2><strong>Nadja\u00a0Acioly-R\u00e9gnier<\/strong><\/h2>\n<h2><img loading=\"lazy\" decoding=\"async\" class=\"wp-image-163 alignright\" src=\"https:\/\/icar.cnrs.fr\/membre\/nacioly\/wp-content\/uploads\/sites\/111\/2016\/11\/servletrecuperafoto-245x300.jpg\" width=\"128\" height=\"155\" \/><\/h2>\n<p>Professeur des Universit\u00e9s<br \/>\nINSPE (ex-ESPE, ex-IUFM) &#8211; Universit\u00e9 Claude Bernard Lyon 1<\/p>\n<p>Membre de\u00a0<a href=\"https:\/\/recherche.univ-lyon2.fr\/ecp\">L\u2019\u00c9quipe d\u2019Accueil (EA) 4571 \u00c9ducation, Cultures, Politiques (ECP<\/a>)<\/p>\n<p>Email\u00a0: <a href=\"mailto:nadja.acioly-regnier@univ-lyon1.fr\">nadja.acioly-regnier@univ-lyon1.fr<\/a><\/p>\n<p>Tel. : 33 (0)4 37 37 62 99<\/p>\n<p>Chercheuse associ\u00e9e au Laboratoire\u00a0<a href=\"http:\/\/icar.univ-lyon2.fr\/\">ICAR<\/a>\u00a0<a href=\"http:\/\/icar.univ-lyon2.fr\/\">UMR 5191<\/a>\u00a0(Interactions, Corpus, Apprentissage, Repr\u00e9sentations)<br \/>\n<em>Equipe<\/em>\u00a0:\u00a0Apprentissages, discours, interactions, savoirs (ADIS)<\/p>\n<p style=\"text-align: left\">\n<\/div>\n","protected":false},"excerpt":{"rendered":"<p>Nadja\u00a0Acioly-R\u00e9gnier Professeur des Universit\u00e9s INSPE (ex-ESPE, ex-IUFM) &#8211; Universit\u00e9 Claude Bernard Lyon 1 Membre de\u00a0L\u2019\u00c9quipe d\u2019Accueil (EA) 4571 \u00c9ducation, Cultures, Politiques (ECP) Email\u00a0: nadja.acioly-regnier@univ-lyon1.fr Tel. : 33 (0)4 37 37 62 99 Chercheuse associ\u00e9e au Laboratoire\u00a0ICAR\u00a0UMR 5191\u00a0(Interactions, Corpus, Apprentissage, Repr\u00e9sentations) &hellip; <a href=\"https:\/\/icar.cnrs.fr\/membre\/nacioly\/\">Continuer la lecture <span class=\"meta-nav\">&rarr;<\/span><\/a><\/p>\n","protected":false},"author":98,"featured_media":163,"parent":0,"menu_order":0,"comment_status":"closed","ping_status":"closed","template":"","meta":{"footnotes":""},"class_list":["post-4","page","type-page","status-publish","has-post-thumbnail","hentry"],"_links":{"self":[{"href":"https:\/\/icar.cnrs.fr\/membre\/nacioly\/wp-json\/wp\/v2\/pages\/4","targetHints":{"allow":["GET"]}}],"collection":[{"href":"https:\/\/icar.cnrs.fr\/membre\/nacioly\/wp-json\/wp\/v2\/pages"}],"about":[{"href":"https:\/\/icar.cnrs.fr\/membre\/nacioly\/wp-json\/wp\/v2\/types\/page"}],"author":[{"embeddable":true,"href":"https:\/\/icar.cnrs.fr\/membre\/nacioly\/wp-json\/wp\/v2\/users\/98"}],"replies":[{"embeddable":true,"href":"https:\/\/icar.cnrs.fr\/membre\/nacioly\/wp-json\/wp\/v2\/comments?post=4"}],"version-history":[{"count":53,"href":"https:\/\/icar.cnrs.fr\/membre\/nacioly\/wp-json\/wp\/v2\/pages\/4\/revisions"}],"predecessor-version":[{"id":176,"href":"https:\/\/icar.cnrs.fr\/membre\/nacioly\/wp-json\/wp\/v2\/pages\/4\/revisions\/176"}],"wp:featuredmedia":[{"embeddable":true,"href":"https:\/\/icar.cnrs.fr\/membre\/nacioly\/wp-json\/wp\/v2\/media\/163"}],"wp:attachment":[{"href":"https:\/\/icar.cnrs.fr\/membre\/nacioly\/wp-json\/wp\/v2\/media?parent=4"}],"curies":[{"name":"wp","href":"https:\/\/api.w.org\/{rel}","templated":true}]}}