{"id":2,"date":"2016-11-02T17:35:25","date_gmt":"2016-11-02T16:35:25","guid":{"rendered":"https:\/\/icar.cnrs.fr\/membre\/nblanc\/?page_id=2"},"modified":"2017-01-03T17:29:08","modified_gmt":"2017-01-03T16:29:08","slug":"page-d-exemple","status":"publish","type":"page","link":"https:\/\/icar.cnrs.fr\/membre\/nblanc\/page-d-exemple\/","title":{"rendered":"Relations internationales"},"content":{"rendered":"<h2><strong> Relations internationales \u2013 IUFM Universit\u00e9 Lyon 1 <\/strong><\/h2>\n<p><strong>Responsable de la Formation crois\u00e9e Franco-britannique. Programme bi national, TDA &amp; CDIUFM. Partenariat avec l\u2019Universit\u00e9 Christ Church de Canterbury, Faculty of Education.<\/strong> Accueil annuel de 15 stagiaires britanniques PostGraduates, placement en stage dans les \u00e9coles primaires de l\u2019agglom\u00e9ration lyonnaise, interface avec les inspecteurs, pr\u00e9paration avec les Directeurs d\u2019\u00e9cole et les Professeurs d\u2019\u00e9cole, suivi de stage, formation didactique, visites formatives et certificatives avec entretiens et rapport de visite en anglais. Missions annuelles \u00e0 Canterbury Christ Church University pour collaboration avec les partenaires, visites certificatives des stagiaires fran\u00e7ais dans les \u00e9coles britanniques. Depuis 2007.<\/p>\n<p><strong> Responsable du stage de pratique accompagn\u00e9e des professeurs d\u2019\u00e9cole stagiaires et \u00e9tudiants\u00a0\u00e0 l\u2019international\u00a0: <\/strong><\/p>\n<p>&#8211; \u00e0 Canterbury, Royaume Uni. Depuis 2007.<\/p>\n<p>&#8211; \u00e0 Ouagadougou, Burkina Faso. En 2008.<\/p>\n<p>&#8211; \u00e0 Montr\u00e9al \u2013 Qu\u00e9bec, Canada. \u00c9cole des Nations, C\u00f4te des Neiges. En 2009.<\/p>\n<p>&#8211; \u00e0 Montr\u00e9al, Baie d\u2019Urf\u00e9. \u00c9cole allemande internationale Alexander Von Humboldt. Depuis 2010.<\/p>\n<p>&#8211; \u00e0 Minneapolis, USA. Edina Normandale French Immersion school. Depuis 2010.<\/p>\n<p>Mise en place et organisation p\u00e9dagogique et administrative du stage, partenariat avec les \u00e9coles \u00e9trang\u00e8res, pr\u00e9paration au d\u00e9part des stagiaires, suivi \u00e0 distance, mutualisation au retour de stage et mise en \u00e9vidence des comp\u00e9tences acquises, encadrement du rapport de stage.<\/p>\n<p><strong> Responsable du s\u00e9minaire universitaire tri-national \u00ab\u00a0<em>Plurilinguisme et pluriculturalisme\u00a0\u00bb. <\/em>Partenariat avec l\u2019Universit\u00e9 de Koblenz-Landau (Allemagne) et l\u2019Universit\u00e9 du Luxembourg. <\/strong><\/p>\n<p>Rencontres bi-annuelles, organisation et conception de s\u00e9minaires. Depuis 2008.<\/p>\n<p>Organisation administrative et p\u00e9dagogique des s\u00e9minaires, accueil des \u00e9tudiants \u00e9trangers, partenariat avec les Universit\u00e9s.<\/p>\n<p><strong> Mission pour l\u2019AEFE (Agence des Etablissements Fran\u00e7ais \u00e0 l\u2019Etranger) <\/strong><\/p>\n<p>Conception et animation du stage \u00ab Enseigner \u00e0 des enfants non &#8211; francophones\u00a0\u00bb de formation continue des professeurs d\u2019\u00e9cole pour la zone Asie Pacifique. Vientiane, Laos. Novembre 2006.<\/p>\n","protected":false},"excerpt":{"rendered":"<p>Relations internationales \u2013 IUFM Universit\u00e9 Lyon 1 Responsable de la Formation crois\u00e9e Franco-britannique. Programme bi national, TDA &amp; CDIUFM. Partenariat avec l\u2019Universit\u00e9 Christ Church de Canterbury, Faculty of Education. Accueil annuel de 15 stagiaires britanniques PostGraduates, placement en stage dans &hellip; <a href=\"https:\/\/icar.cnrs.fr\/membre\/nblanc\/page-d-exemple\/\">Continuer la lecture <span class=\"meta-nav\">&rarr;<\/span><\/a><\/p>\n","protected":false},"author":1,"featured_media":0,"parent":0,"menu_order":5,"comment_status":"closed","ping_status":"closed","template":"","meta":{"footnotes":""},"class_list":["post-2","page","type-page","status-publish","hentry"],"_links":{"self":[{"href":"https:\/\/icar.cnrs.fr\/membre\/nblanc\/wp-json\/wp\/v2\/pages\/2","targetHints":{"allow":["GET"]}}],"collection":[{"href":"https:\/\/icar.cnrs.fr\/membre\/nblanc\/wp-json\/wp\/v2\/pages"}],"about":[{"href":"https:\/\/icar.cnrs.fr\/membre\/nblanc\/wp-json\/wp\/v2\/types\/page"}],"author":[{"embeddable":true,"href":"https:\/\/icar.cnrs.fr\/membre\/nblanc\/wp-json\/wp\/v2\/users\/1"}],"replies":[{"embeddable":true,"href":"https:\/\/icar.cnrs.fr\/membre\/nblanc\/wp-json\/wp\/v2\/comments?post=2"}],"version-history":[{"count":3,"href":"https:\/\/icar.cnrs.fr\/membre\/nblanc\/wp-json\/wp\/v2\/pages\/2\/revisions"}],"predecessor-version":[{"id":208,"href":"https:\/\/icar.cnrs.fr\/membre\/nblanc\/wp-json\/wp\/v2\/pages\/2\/revisions\/208"}],"wp:attachment":[{"href":"https:\/\/icar.cnrs.fr\/membre\/nblanc\/wp-json\/wp\/v2\/media?parent=2"}],"curies":[{"name":"wp","href":"https:\/\/api.w.org\/{rel}","templated":true}]}}