{"id":226,"date":"2019-10-10T17:48:51","date_gmt":"2019-10-10T15:48:51","guid":{"rendered":"https:\/\/icar.cnrs.fr\/membre\/nguichon\/?page_id=226"},"modified":"2020-06-17T14:24:06","modified_gmt":"2020-06-17T12:24:06","slug":"encadrement","status":"publish","type":"page","link":"https:\/\/icar.cnrs.fr\/membre\/nguichon\/encadrement\/","title":{"rendered":"Encadrement"},"content":{"rendered":"<p>J&rsquo;encadre des recherches doctorales dans le domaine de l&rsquo;enseignement-apprentissage des langues m\u00e9diatis\u00e9 par les technologies. Je\u00a0 supervise seulement des doctorats s&rsquo;inscrivant dans\u00a0<a href=\"https:\/\/icar.cnrs.fr\/membre\/nguichon\/axes-de-recherche\/\">mes axes de recherche<\/a>. Les doctorants qui travaillent sous ma direction b\u00e9n\u00e9ficient, en plus de toutes les activit\u00e9s de l&rsquo;Ecole Doctorale <a href=\"http:\/\/3la.univ-lyon2.fr\/\">3LA<\/a> \u00e0 laquelle ils sont rattach\u00e9s et des activit\u00e9s du laboratoire ICAR, d&rsquo;un s\u00e9minaire doctoral &#8211; 3MA.<\/p>\n<p>Pour les candidats souhaitant solliciter une direction de th\u00e8se, merci d&rsquo;envoyer un CV mentionnant le niveau en anglais et en fran\u00e7ais (le niveau C1 est attendu dans ces deux langues), le m\u00e9moire de Master 2 et\u00a0un projet de th\u00e8se (environ 5000 mots) expliquant l\u2019int\u00e9r\u00eat de la recherche dans le domaine de la didactique des langues, quelques indications th\u00e9oriques, le contexte dans lequel sera conduite la recherche ainsi que le public, l\u2019originalit\u00e9 du sujet et sa pertinence sociale et p\u00e9dagogique et, enfin, une liste d\u2019une quinzaine de r\u00e9f\u00e9rences bibliographiques. Jay Lemke prodigue d&rsquo;excellents conseils sur cette \u00e9tape de la construction du projet sur <a href=\"http:\/\/static1.1.sqspcdn.com\/static\/f\/694454\/12425716\/1306522896003\/Should+I+Get+a+PhD.pdf?token=9do%2BeItepFh7VJl6rGsqnJ%2B%2BNNE%3D\">son site professionnel<\/a>.<\/p>\n","protected":false},"excerpt":{"rendered":"<p>J&rsquo;encadre des recherches doctorales dans le domaine de l&rsquo;enseignement-apprentissage des langues m\u00e9diatis\u00e9 par les technologies. Je\u00a0 supervise seulement des doctorats s&rsquo;inscrivant dans\u00a0mes axes de recherche. Les doctorants qui travaillent sous ma direction b\u00e9n\u00e9ficient, en plus de toutes les activit\u00e9s de &hellip; <a href=\"https:\/\/icar.cnrs.fr\/membre\/nguichon\/encadrement\/\">Continuer la lecture <span class=\"meta-nav\">&rarr;<\/span><\/a><\/p>\n","protected":false},"author":52,"featured_media":0,"parent":0,"menu_order":0,"comment_status":"closed","ping_status":"closed","template":"","meta":{"footnotes":""},"class_list":["post-226","page","type-page","status-publish","hentry"],"_links":{"self":[{"href":"https:\/\/icar.cnrs.fr\/membre\/nguichon\/wp-json\/wp\/v2\/pages\/226","targetHints":{"allow":["GET"]}}],"collection":[{"href":"https:\/\/icar.cnrs.fr\/membre\/nguichon\/wp-json\/wp\/v2\/pages"}],"about":[{"href":"https:\/\/icar.cnrs.fr\/membre\/nguichon\/wp-json\/wp\/v2\/types\/page"}],"author":[{"embeddable":true,"href":"https:\/\/icar.cnrs.fr\/membre\/nguichon\/wp-json\/wp\/v2\/users\/52"}],"replies":[{"embeddable":true,"href":"https:\/\/icar.cnrs.fr\/membre\/nguichon\/wp-json\/wp\/v2\/comments?post=226"}],"version-history":[{"count":4,"href":"https:\/\/icar.cnrs.fr\/membre\/nguichon\/wp-json\/wp\/v2\/pages\/226\/revisions"}],"predecessor-version":[{"id":342,"href":"https:\/\/icar.cnrs.fr\/membre\/nguichon\/wp-json\/wp\/v2\/pages\/226\/revisions\/342"}],"wp:attachment":[{"href":"https:\/\/icar.cnrs.fr\/membre\/nguichon\/wp-json\/wp\/v2\/media?parent=226"}],"curies":[{"name":"wp","href":"https:\/\/api.w.org\/{rel}","templated":true}]}}