{"id":247,"date":"2019-10-10T18:12:21","date_gmt":"2019-10-10T16:12:21","guid":{"rendered":"https:\/\/icar.cnrs.fr\/membre\/nguichon\/?page_id=247"},"modified":"2020-06-17T14:29:22","modified_gmt":"2020-06-17T12:29:22","slug":"elise-merlet","status":"publish","type":"page","link":"https:\/\/icar.cnrs.fr\/membre\/nguichon\/elise-merlet\/","title":{"rendered":"Elise Merlet"},"content":{"rendered":"<p><strong><em>Le tableau num\u00e9rique dans la classe de FLE\u00a0: fonctions pour les apprentissages langagiers et reconfigurations p\u00e9dagogiques<\/em><\/strong><\/p>\n<p><img loading=\"lazy\" decoding=\"async\" class=\" wp-image-266 alignright\" src=\"https:\/\/icar.cnrs.fr\/membre\/nguichon\/wp-content\/uploads\/sites\/58\/2019\/10\/Merlet.png\" alt=\"\" width=\"125\" height=\"166\" \/>Cette recherche a pour but de d\u00e9terminer et d\u2019\u00e9valuer les fonctions et usages du Tableau Num\u00e9rique Interactif susceptibles de servir l\u2019apprentissage du FLE et qui auraient valeur \u00e0 \u00eatre int\u00e9gr\u00e9s aux pratiques p\u00e9dagogiques des enseignants. Le travail se concentrera principalement sur l\u2019\u00e9tude des potentialit\u00e9s du TNI pour l\u2019enseignement des langues et sur l\u2019observation de leurs utilisations en classe de FLE et s&rsquo;appuiera en grande partie sur des films de classe.<br \/>\nL\u2019hypoth\u00e8se de recherche est que, en introduisant l\u2019usage du TNI \u00e0 ses pratiques, l\u2019enseignant peut proposer un nouvel agencement de l\u2019espace d\u2019enseignement-apprentissage qui conduit \u00e0 une redistribution des r\u00f4les et favorise l\u2019implication des apprenants. Egalement, l\u2019utilisation du TNI favorise les interactions entre l\u2019apprenant et la langue (contact visuel, tactile) et\u00a0 les apprenants entre eux (compr\u00e9hension et acquisition langagi\u00e8res en partie collaboratives).<br \/>\nA la lumi\u00e8re des th\u00e9ories sur les interactions et l\u2019agir professoral, et par l\u2019analyse des s\u00e9quences de cours observ\u00e9es (enregistrement de cours, entretiens semi-directifs avec les enseignants, collecte et classement des \u00e9changes et des interactions), nous proposerons une typologie des fonctions du TNI qui pourraient servir l\u2019apprentissage des langues et \u00eatre int\u00e9gr\u00e9es aux pratiques p\u00e9dagogiques des enseignants de FLE.<\/p>\n<p>Elise Merlet est enseignante de fran\u00e7ais au CIDEF d&rsquo;Angers.<\/p>\n","protected":false},"excerpt":{"rendered":"<p>Le tableau num\u00e9rique dans la classe de FLE\u00a0: fonctions pour les apprentissages langagiers et reconfigurations p\u00e9dagogiques Cette recherche a pour but de d\u00e9terminer et d\u2019\u00e9valuer les fonctions et usages du Tableau Num\u00e9rique Interactif susceptibles de servir l\u2019apprentissage du FLE et &hellip; <a href=\"https:\/\/icar.cnrs.fr\/membre\/nguichon\/elise-merlet\/\">Continuer la lecture <span class=\"meta-nav\">&rarr;<\/span><\/a><\/p>\n","protected":false},"author":52,"featured_media":0,"parent":0,"menu_order":0,"comment_status":"closed","ping_status":"closed","template":"","meta":{"footnotes":""},"class_list":["post-247","page","type-page","status-publish","hentry"],"_links":{"self":[{"href":"https:\/\/icar.cnrs.fr\/membre\/nguichon\/wp-json\/wp\/v2\/pages\/247","targetHints":{"allow":["GET"]}}],"collection":[{"href":"https:\/\/icar.cnrs.fr\/membre\/nguichon\/wp-json\/wp\/v2\/pages"}],"about":[{"href":"https:\/\/icar.cnrs.fr\/membre\/nguichon\/wp-json\/wp\/v2\/types\/page"}],"author":[{"embeddable":true,"href":"https:\/\/icar.cnrs.fr\/membre\/nguichon\/wp-json\/wp\/v2\/users\/52"}],"replies":[{"embeddable":true,"href":"https:\/\/icar.cnrs.fr\/membre\/nguichon\/wp-json\/wp\/v2\/comments?post=247"}],"version-history":[{"count":4,"href":"https:\/\/icar.cnrs.fr\/membre\/nguichon\/wp-json\/wp\/v2\/pages\/247\/revisions"}],"predecessor-version":[{"id":348,"href":"https:\/\/icar.cnrs.fr\/membre\/nguichon\/wp-json\/wp\/v2\/pages\/247\/revisions\/348"}],"wp:attachment":[{"href":"https:\/\/icar.cnrs.fr\/membre\/nguichon\/wp-json\/wp\/v2\/media?parent=247"}],"curies":[{"name":"wp","href":"https:\/\/api.w.org\/{rel}","templated":true}]}}