{"id":382,"date":"2025-07-09T15:16:46","date_gmt":"2025-07-09T13:16:46","guid":{"rendered":"https:\/\/icar.cnrs.fr\/membre\/nguichon\/?page_id=382"},"modified":"2025-07-09T15:17:35","modified_gmt":"2025-07-09T13:17:35","slug":"teagan-holmes","status":"publish","type":"page","link":"https:\/\/icar.cnrs.fr\/membre\/nguichon\/teagan-holmes\/","title":{"rendered":"Teagan Holmes"},"content":{"rendered":"<div><img loading=\"lazy\" decoding=\"async\" class=\"size-full wp-image-383 alignright\" src=\"https:\/\/icar.cnrs.fr\/membre\/nguichon\/wp-content\/uploads\/sites\/58\/2025\/07\/Taegan-Holmes-pic-284x300-1.jpg\" alt=\"\" width=\"284\" height=\"300\" \/><\/div>\n<div class=\"x_elementToProof\"><strong>La r\u00e9vision textuelle interactive avec ChatGPT en apprentissage du fran\u00e7ais<\/strong><\/div>\n<div class=\"x_elementToProof\"><strong>\u00a0langue seconde<\/strong><\/div>\n<div>(th\u00e8se financ\u00e9e par 3LA)<\/div>\n<div><\/div>\n<div class=\"x_elementToProof\">ChatGPT est un g\u00e9n\u00e9rateur textuel issu de l\u2019intelligence artificielle interactive qui semble proposer de nombreuses affordances en apprentissage des langues secondes, surtout en ce qui a trait \u00e0 la r\u00e9vision textuelle (Creely, 2023). La pr\u00e9sente \u00e9tude vise \u00e0 explorer le potentiel didactique de ChatGPT pour la r\u00e9vision textuelle interactive en apprentissage du fran\u00e7ais langue seconde en \u00e9valuant d\u2019une part la qualit\u00e9 de ses r\u00e9troactions et d\u2019autre part l\u2019effet d\u2019interagir avec ChatGPT sur la qualit\u00e9 de la production finale. Les participants \u00e0 cette \u00e9tude (n=55) ont r\u00e9dig\u00e9 des textes de mani\u00e8re non assist\u00e9e. Ils sont ensuite entr\u00e9s en interaction avec ChatGPT pour r\u00e9viser leurs textes afin de r\u00e9diger une version d\u00e9finitive, y int\u00e9grant uniquement les r\u00e9troactions jug\u00e9es pertinentes. Une comparaison des versions originales et d\u00e9finitives des textes a permis de voir en quoi l\u2019interaction avec ChatGPT a affect\u00e9 la qualit\u00e9 de la production. Les fils de discussion ont \u00e9t\u00e9 analys\u00e9s pour voir les interactions qui ont men\u00e9 aux diff\u00e9rentes r\u00e9troactions, ainsi que la qualit\u00e9 de ces derni\u00e8res. Des entrevues d\u2019autoconfrontation ont \u00e9t\u00e9 men\u00e9es aupr\u00e8s d\u2019un \u00e9chantillon de participants pour analyser leurs attitudes envers cette exp\u00e9rience. Enfin, des recommandations p\u00e9dagogiques pour l\u2019utilisation de ChatGPT pour la r\u00e9vision textuelle interactive ont \u00e9t\u00e9 \u00e9labor\u00e9es \u00e0 la lumi\u00e8re des r\u00e9sultats.<\/div>\n","protected":false},"excerpt":{"rendered":"<p>La r\u00e9vision textuelle interactive avec ChatGPT en apprentissage du fran\u00e7ais \u00a0langue seconde (th\u00e8se financ\u00e9e par 3LA) ChatGPT est un g\u00e9n\u00e9rateur textuel issu de l\u2019intelligence artificielle interactive qui semble proposer de nombreuses affordances en apprentissage des langues secondes, surtout en ce &hellip; <a href=\"https:\/\/icar.cnrs.fr\/membre\/nguichon\/teagan-holmes\/\">Continuer la lecture <span class=\"meta-nav\">&rarr;<\/span><\/a><\/p>\n","protected":false},"author":1,"featured_media":0,"parent":0,"menu_order":0,"comment_status":"closed","ping_status":"closed","template":"","meta":{"footnotes":""},"class_list":["post-382","page","type-page","status-publish","hentry"],"_links":{"self":[{"href":"https:\/\/icar.cnrs.fr\/membre\/nguichon\/wp-json\/wp\/v2\/pages\/382","targetHints":{"allow":["GET"]}}],"collection":[{"href":"https:\/\/icar.cnrs.fr\/membre\/nguichon\/wp-json\/wp\/v2\/pages"}],"about":[{"href":"https:\/\/icar.cnrs.fr\/membre\/nguichon\/wp-json\/wp\/v2\/types\/page"}],"author":[{"embeddable":true,"href":"https:\/\/icar.cnrs.fr\/membre\/nguichon\/wp-json\/wp\/v2\/users\/1"}],"replies":[{"embeddable":true,"href":"https:\/\/icar.cnrs.fr\/membre\/nguichon\/wp-json\/wp\/v2\/comments?post=382"}],"version-history":[{"count":2,"href":"https:\/\/icar.cnrs.fr\/membre\/nguichon\/wp-json\/wp\/v2\/pages\/382\/revisions"}],"predecessor-version":[{"id":386,"href":"https:\/\/icar.cnrs.fr\/membre\/nguichon\/wp-json\/wp\/v2\/pages\/382\/revisions\/386"}],"wp:attachment":[{"href":"https:\/\/icar.cnrs.fr\/membre\/nguichon\/wp-json\/wp\/v2\/media?parent=382"}],"curies":[{"name":"wp","href":"https:\/\/api.w.org\/{rel}","templated":true}]}}