{"id":4,"date":"2016-11-02T17:37:52","date_gmt":"2016-11-02T16:37:52","guid":{"rendered":"https:\/\/icar.cnrs.fr\/membre\/nguichon\/?page_id=4"},"modified":"2025-07-09T15:23:26","modified_gmt":"2025-07-09T13:23:26","slug":"accueil","status":"publish","type":"page","link":"https:\/\/icar.cnrs.fr\/membre\/nguichon\/","title":{"rendered":"Accueil"},"content":{"rendered":"<div class=\"cadregris\">\n<h2 style=\"padding-left: 30px;\"><strong>Nicolas GUICHON\u00a0<img loading=\"lazy\" decoding=\"async\" class=\"alignright wp-image-394\" src=\"https:\/\/icar.cnrs.fr\/membre\/nguichon\/wp-content\/uploads\/sites\/58\/2025\/07\/Nicolas-Guichon.jpg\" alt=\"\" width=\"200\" height=\"133\" \/><\/strong><span class=\"Apple-style-span\" style=\"color: #333333; font-weight: 300;\"><br \/>\n<\/span><\/h2>\n<p style=\"padding-left: 30px;\">Professeur des universit\u00e9s<br \/>\nUniversit\u00e9 Lumi\u00e8re Lyon 2<\/p>\n<p style=\"text-align: left; padding-left: 30px;\">Laboratoire\u00a0<a href=\"http:\/\/icar.univ-lyon2.fr\/\">ICAR<\/a>\u00a0<a href=\"http:\/\/icar.univ-lyon2.fr\/\">UMR 5191<\/a>\u00a0(Interactions, Corpus, Apprentissage,Repr\u00e9sentations)<br \/>\n<em>Equipe<\/em>\u00a0:\u00a0Apprentissages, discours, interactions, savoirs (ADIS)<\/p>\n<p style=\"padding-left: 30px;\">Email\u00a0:\u00a0<a href=\"mailto:Nicolas.Guichon@univ-lyon2.fr\">Nicolas.Guichon@univ-lyon2.fr<\/a><br \/>\nTel. : 33 (0)4 37 37 62 27<\/p>\n<p style=\"text-align: left;\"><strong>Adresse<br \/>\n<\/strong>Nicolas Guichon,\u00a0Laboratoire ICAR<br \/>\nEcole Normale Sup\u00e9rieure de Lyon<br \/>\n15 parvis Ren\u00e9 Descartes &#8211; BP 7000<br \/>\n69342 LYON Cedex 07<br \/>\nFrance<\/p>\n<\/div>\n","protected":false},"excerpt":{"rendered":"<p>Nicolas GUICHON\u00a0 Professeur des universit\u00e9s Universit\u00e9 Lumi\u00e8re Lyon 2 Laboratoire\u00a0ICAR\u00a0UMR 5191\u00a0(Interactions, Corpus, Apprentissage,Repr\u00e9sentations) Equipe\u00a0:\u00a0Apprentissages, discours, interactions, savoirs (ADIS) Email\u00a0:\u00a0Nicolas.Guichon@univ-lyon2.fr Tel. : 33 (0)4 37 37 62 27 Adresse Nicolas Guichon,\u00a0Laboratoire ICAR Ecole Normale Sup\u00e9rieure de Lyon 15 parvis Ren\u00e9 Descartes &hellip; <a href=\"https:\/\/icar.cnrs.fr\/membre\/nguichon\/\">Continuer la lecture <span class=\"meta-nav\">&rarr;<\/span><\/a><\/p>\n","protected":false},"author":1,"featured_media":0,"parent":0,"menu_order":0,"comment_status":"closed","ping_status":"closed","template":"","meta":{"footnotes":""},"class_list":["post-4","page","type-page","status-publish","hentry"],"_links":{"self":[{"href":"https:\/\/icar.cnrs.fr\/membre\/nguichon\/wp-json\/wp\/v2\/pages\/4","targetHints":{"allow":["GET"]}}],"collection":[{"href":"https:\/\/icar.cnrs.fr\/membre\/nguichon\/wp-json\/wp\/v2\/pages"}],"about":[{"href":"https:\/\/icar.cnrs.fr\/membre\/nguichon\/wp-json\/wp\/v2\/types\/page"}],"author":[{"embeddable":true,"href":"https:\/\/icar.cnrs.fr\/membre\/nguichon\/wp-json\/wp\/v2\/users\/1"}],"replies":[{"embeddable":true,"href":"https:\/\/icar.cnrs.fr\/membre\/nguichon\/wp-json\/wp\/v2\/comments?post=4"}],"version-history":[{"count":52,"href":"https:\/\/icar.cnrs.fr\/membre\/nguichon\/wp-json\/wp\/v2\/pages\/4\/revisions"}],"predecessor-version":[{"id":395,"href":"https:\/\/icar.cnrs.fr\/membre\/nguichon\/wp-json\/wp\/v2\/pages\/4\/revisions\/395"}],"wp:attachment":[{"href":"https:\/\/icar.cnrs.fr\/membre\/nguichon\/wp-json\/wp\/v2\/media?parent=4"}],"curies":[{"name":"wp","href":"https:\/\/api.w.org\/{rel}","templated":true}]}}