{"id":39,"date":"2016-11-09T15:36:16","date_gmt":"2016-11-09T14:36:16","guid":{"rendered":"https:\/\/icar.cnrs.fr\/membre\/nrossigensane\/?page_id=39"},"modified":"2017-01-03T12:02:10","modified_gmt":"2017-01-03T11:02:10","slug":"axes-de-recherche","status":"publish","type":"page","link":"https:\/\/icar.cnrs.fr\/membre\/nrossigensane\/axes-de-recherche\/","title":{"rendered":"Axes de recherche"},"content":{"rendered":"<h2>Principaux axes de recherche<\/h2>\n<p>Axe\u00a0: Equipe<em>\u00a0Syntaxe, S\u00e9mantique, S\u00e9miotique. Corpus. Diachronie\u00a0<\/em>(S3CoDi)\u00a0; Sous-\u00e9quipe<em>\u00a0Langue Discours \u00c9nonciation S\u00e9miotique<\/em>\u00a0(LanDES)<\/p>\n<p>Domaines de recherche\u00a0: Syntaxe et s\u00e9mantique du fran\u00e7ais, fran\u00e7ais \u00e9crit et fran\u00e7ais oral<\/p>\n","protected":false},"excerpt":{"rendered":"<p>Principaux axes de recherche Axe\u00a0: Equipe\u00a0Syntaxe, S\u00e9mantique, S\u00e9miotique. Corpus. Diachronie\u00a0(S3CoDi)\u00a0; Sous-\u00e9quipe\u00a0Langue Discours \u00c9nonciation S\u00e9miotique\u00a0(LanDES) Domaines de recherche\u00a0: Syntaxe et s\u00e9mantique du fran\u00e7ais, fran\u00e7ais \u00e9crit et fran\u00e7ais oral<\/p>\n","protected":false},"author":1,"featured_media":0,"parent":0,"menu_order":2,"comment_status":"closed","ping_status":"closed","template":"","meta":{"footnotes":""},"class_list":["post-39","page","type-page","status-publish","hentry"],"_links":{"self":[{"href":"https:\/\/icar.cnrs.fr\/membre\/nrossigensane\/wp-json\/wp\/v2\/pages\/39","targetHints":{"allow":["GET"]}}],"collection":[{"href":"https:\/\/icar.cnrs.fr\/membre\/nrossigensane\/wp-json\/wp\/v2\/pages"}],"about":[{"href":"https:\/\/icar.cnrs.fr\/membre\/nrossigensane\/wp-json\/wp\/v2\/types\/page"}],"author":[{"embeddable":true,"href":"https:\/\/icar.cnrs.fr\/membre\/nrossigensane\/wp-json\/wp\/v2\/users\/1"}],"replies":[{"embeddable":true,"href":"https:\/\/icar.cnrs.fr\/membre\/nrossigensane\/wp-json\/wp\/v2\/comments?post=39"}],"version-history":[{"count":17,"href":"https:\/\/icar.cnrs.fr\/membre\/nrossigensane\/wp-json\/wp\/v2\/pages\/39\/revisions"}],"predecessor-version":[{"id":167,"href":"https:\/\/icar.cnrs.fr\/membre\/nrossigensane\/wp-json\/wp\/v2\/pages\/39\/revisions\/167"}],"wp:attachment":[{"href":"https:\/\/icar.cnrs.fr\/membre\/nrossigensane\/wp-json\/wp\/v2\/media?parent=39"}],"curies":[{"name":"wp","href":"https:\/\/api.w.org\/{rel}","templated":true}]}}