{"id":4,"date":"2016-11-02T17:37:52","date_gmt":"2016-11-02T16:37:52","guid":{"rendered":"https:\/\/icar.cnrs.fr\/membre\/nrossigensane\/?page_id=4"},"modified":"2016-12-07T16:00:43","modified_gmt":"2016-12-07T15:00:43","slug":"accueil","status":"publish","type":"page","link":"https:\/\/icar.cnrs.fr\/membre\/nrossigensane\/","title":{"rendered":"Accueil"},"content":{"rendered":"<div class=\"cadregris\">\n<h2><strong>Nathalie Rossi-Gensane<\/strong><\/h2>\n<p>Professeure des Universit\u00e9s<br \/>\nUniversit\u00e9 Lumi\u00e8re Lyon 2<\/p>\n<p><strong>Titre(s) et qualification(s)\u00a0:<br \/>\n<\/strong>Habilitation \u00e0 diriger des recherches, novembre 2011<\/p>\n<p><span lang=\"de\" xml:lang=\"de\">Mail :\u00a0<a href=\"mailto:Nathalie.Rossi-Gensane@univ-lyon2.fr\">Nathalie.Rossi-Gensane@univ-lyon2.fr<\/a><\/span><\/p>\n<p style=\"text-align: left;\"><strong>Adresse<br \/>\n<\/strong>Laboratoire <a href=\"http:\/\/icar.univ-lyon2.fr\/\">ICAR<\/a>\u00a0<a href=\"http:\/\/icar.univ-lyon2.fr\/\">UMR 5191<\/a>\u00a0(Interactions, Corpus, Apprentissage, Repr\u00e9sentations)<br \/>\n<em>Equipe<\/em>\u00a0:\u00a0Corpus \u00c9nonciation Discours Informatique Linguistique Langues Et S\u00e9miotiques (C\u00c9DILLES)<br \/>\nEcole Normale Sup\u00e9rieure de Lyon<br \/>\n15 parvis Ren\u00e9 Descartes &#8211; BP 7000<br \/>\n69342 LYON Cedex 07<br \/>\nFrance<\/p>\n<\/div>\n","protected":false},"excerpt":{"rendered":"<p>Nathalie Rossi-Gensane Professeure des Universit\u00e9s Universit\u00e9 Lumi\u00e8re Lyon 2 Titre(s) et qualification(s)\u00a0: Habilitation \u00e0 diriger des recherches, novembre 2011 Mail :\u00a0Nathalie.Rossi-Gensane@univ-lyon2.fr Adresse Laboratoire ICAR\u00a0UMR 5191\u00a0(Interactions, Corpus, Apprentissage, Repr\u00e9sentations) Equipe\u00a0:\u00a0Corpus \u00c9nonciation Discours Informatique Linguistique Langues Et S\u00e9miotiques (C\u00c9DILLES) Ecole Normale Sup\u00e9rieure &hellip; <a href=\"https:\/\/icar.cnrs.fr\/membre\/nrossigensane\/\">Continuer la lecture <span class=\"meta-nav\">&rarr;<\/span><\/a><\/p>\n","protected":false},"author":1,"featured_media":0,"parent":0,"menu_order":0,"comment_status":"closed","ping_status":"closed","template":"","meta":{"footnotes":""},"class_list":["post-4","page","type-page","status-publish","hentry"],"_links":{"self":[{"href":"https:\/\/icar.cnrs.fr\/membre\/nrossigensane\/wp-json\/wp\/v2\/pages\/4","targetHints":{"allow":["GET"]}}],"collection":[{"href":"https:\/\/icar.cnrs.fr\/membre\/nrossigensane\/wp-json\/wp\/v2\/pages"}],"about":[{"href":"https:\/\/icar.cnrs.fr\/membre\/nrossigensane\/wp-json\/wp\/v2\/types\/page"}],"author":[{"embeddable":true,"href":"https:\/\/icar.cnrs.fr\/membre\/nrossigensane\/wp-json\/wp\/v2\/users\/1"}],"replies":[{"embeddable":true,"href":"https:\/\/icar.cnrs.fr\/membre\/nrossigensane\/wp-json\/wp\/v2\/comments?post=4"}],"version-history":[{"count":43,"href":"https:\/\/icar.cnrs.fr\/membre\/nrossigensane\/wp-json\/wp\/v2\/pages\/4\/revisions"}],"predecessor-version":[{"id":159,"href":"https:\/\/icar.cnrs.fr\/membre\/nrossigensane\/wp-json\/wp\/v2\/pages\/4\/revisions\/159"}],"wp:attachment":[{"href":"https:\/\/icar.cnrs.fr\/membre\/nrossigensane\/wp-json\/wp\/v2\/media?parent=4"}],"curies":[{"name":"wp","href":"https:\/\/api.w.org\/{rel}","templated":true}]}}