{"id":10,"date":"2016-11-02T17:39:41","date_gmt":"2016-11-02T16:39:41","guid":{"rendered":"https:\/\/icar.cnrs.fr\/membre\/pbasso\/?page_id=10"},"modified":"2025-07-09T16:10:58","modified_gmt":"2025-07-09T14:10:58","slug":"enseignements","status":"publish","type":"page","link":"https:\/\/icar.cnrs.fr\/membre\/pbasso\/enseignements\/","title":{"rendered":"Enseignements"},"content":{"rendered":"<p>Actuellement en d\u00e9tachement \u00e0 l&rsquo;Universit\u00e9 de Bologne<\/p>\n<p>Linguistique et s\u00e9miotique (CM-L1)<br \/>\nS\u00e9miotique (TD-L2, TD-M2)<br \/>\nTh\u00e9ories des images\/\u00c9tudes visuelles (CM\/TD-M2)<br \/>\nPragmatique (CM-L2)<br \/>\nApproches polys\u00e9miotiques (TD M1 \/ TD-M2)<br \/>\nMode et cin\u00e9ma (TD-M2)<\/p>\n<h3><\/h3>\n","protected":false},"excerpt":{"rendered":"<p>Actuellement en d\u00e9tachement \u00e0 l&rsquo;Universit\u00e9 de Bologne Linguistique et s\u00e9miotique (CM-L1) S\u00e9miotique (TD-L2, TD-M2) Th\u00e9ories des images\/\u00c9tudes visuelles (CM\/TD-M2) Pragmatique (CM-L2) Approches polys\u00e9miotiques (TD M1 \/ TD-M2) Mode et cin\u00e9ma (TD-M2)<\/p>\n","protected":false},"author":1,"featured_media":0,"parent":0,"menu_order":3,"comment_status":"closed","ping_status":"closed","template":"","meta":{"footnotes":""},"class_list":["post-10","page","type-page","status-publish","hentry"],"_links":{"self":[{"href":"https:\/\/icar.cnrs.fr\/membre\/pbasso\/wp-json\/wp\/v2\/pages\/10","targetHints":{"allow":["GET"]}}],"collection":[{"href":"https:\/\/icar.cnrs.fr\/membre\/pbasso\/wp-json\/wp\/v2\/pages"}],"about":[{"href":"https:\/\/icar.cnrs.fr\/membre\/pbasso\/wp-json\/wp\/v2\/types\/page"}],"author":[{"embeddable":true,"href":"https:\/\/icar.cnrs.fr\/membre\/pbasso\/wp-json\/wp\/v2\/users\/1"}],"replies":[{"embeddable":true,"href":"https:\/\/icar.cnrs.fr\/membre\/pbasso\/wp-json\/wp\/v2\/comments?post=10"}],"version-history":[{"count":13,"href":"https:\/\/icar.cnrs.fr\/membre\/pbasso\/wp-json\/wp\/v2\/pages\/10\/revisions"}],"predecessor-version":[{"id":198,"href":"https:\/\/icar.cnrs.fr\/membre\/pbasso\/wp-json\/wp\/v2\/pages\/10\/revisions\/198"}],"wp:attachment":[{"href":"https:\/\/icar.cnrs.fr\/membre\/pbasso\/wp-json\/wp\/v2\/media?parent=10"}],"curies":[{"name":"wp","href":"https:\/\/api.w.org\/{rel}","templated":true}]}}