{"id":39,"date":"2016-11-09T15:36:16","date_gmt":"2016-11-09T14:36:16","guid":{"rendered":"https:\/\/icar.cnrs.fr\/membre\/pbasso\/?page_id=39"},"modified":"2020-03-10T19:57:58","modified_gmt":"2020-03-10T18:57:58","slug":"axes-de-recherche","status":"publish","type":"page","link":"https:\/\/icar.cnrs.fr\/membre\/pbasso\/axes-de-recherche\/","title":{"rendered":"Axes de recherche"},"content":{"rendered":"<h2>Cadres disciplinaires et domaines de recherche<\/h2>\n<ul>\n<li>S\u00e9miotique g\u00e9n\u00e9rale, s\u00e9miotique des cultures, s\u00e9miotique visuelle (cin\u00e9ma, photographie, peinture), s\u00e9miotique des pratiques interactionnelles, s\u00e9mantique interpr\u00e9tative, th\u00e9orie de l\u2019\u00e9nonciation, s\u00e9miotique du corps et th\u00e9ories de la perception, s\u00e9miotique des passions, th\u00e9ories de l\u2019art et de la cr\u00e9ativit\u00e9, pragmatique, musique contemporaine.<\/li>\n<\/ul>\n<h2>Recherches actuelles<\/h2>\n<p>(i) Discours programmateurs et modalisations<\/p>\n<p>(ii) Ecologie s\u00e9miotique de la culture<\/p>\n<p>(iii) Subjectivit\u00e9 et vuln\u00e9rabilit\u00e9 &#8211; Ethos et intimit\u00e9<\/p>\n<p>(iv) Th\u00e9ories des images et histoire des formes<\/p>\n<p>(v) Th\u00e9orie de la complexit\u00e9 dans les sciences du langage<\/p>\n<p>(vi) Repr\u00e9sentations et interactions dans les espaces institutionnels (\u00e0 partir des mus\u00e9es et des prisons comme polarisations extr\u00eames).<\/p>\n","protected":false},"excerpt":{"rendered":"<p>Cadres disciplinaires et domaines de recherche S\u00e9miotique g\u00e9n\u00e9rale, s\u00e9miotique des cultures, s\u00e9miotique visuelle (cin\u00e9ma, photographie, peinture), s\u00e9miotique des pratiques interactionnelles, s\u00e9mantique interpr\u00e9tative, th\u00e9orie de l\u2019\u00e9nonciation, s\u00e9miotique du corps et th\u00e9ories de la perception, s\u00e9miotique des passions, th\u00e9ories de l\u2019art et &hellip; <a href=\"https:\/\/icar.cnrs.fr\/membre\/pbasso\/axes-de-recherche\/\">Continuer la lecture <span class=\"meta-nav\">&rarr;<\/span><\/a><\/p>\n","protected":false},"author":1,"featured_media":0,"parent":0,"menu_order":2,"comment_status":"closed","ping_status":"closed","template":"","meta":{"footnotes":""},"class_list":["post-39","page","type-page","status-publish","hentry"],"_links":{"self":[{"href":"https:\/\/icar.cnrs.fr\/membre\/pbasso\/wp-json\/wp\/v2\/pages\/39","targetHints":{"allow":["GET"]}}],"collection":[{"href":"https:\/\/icar.cnrs.fr\/membre\/pbasso\/wp-json\/wp\/v2\/pages"}],"about":[{"href":"https:\/\/icar.cnrs.fr\/membre\/pbasso\/wp-json\/wp\/v2\/types\/page"}],"author":[{"embeddable":true,"href":"https:\/\/icar.cnrs.fr\/membre\/pbasso\/wp-json\/wp\/v2\/users\/1"}],"replies":[{"embeddable":true,"href":"https:\/\/icar.cnrs.fr\/membre\/pbasso\/wp-json\/wp\/v2\/comments?post=39"}],"version-history":[{"count":18,"href":"https:\/\/icar.cnrs.fr\/membre\/pbasso\/wp-json\/wp\/v2\/pages\/39\/revisions"}],"predecessor-version":[{"id":186,"href":"https:\/\/icar.cnrs.fr\/membre\/pbasso\/wp-json\/wp\/v2\/pages\/39\/revisions\/186"}],"wp:attachment":[{"href":"https:\/\/icar.cnrs.fr\/membre\/pbasso\/wp-json\/wp\/v2\/media?parent=39"}],"curies":[{"name":"wp","href":"https:\/\/api.w.org\/{rel}","templated":true}]}}