{"id":64,"date":"2016-11-16T11:20:11","date_gmt":"2016-11-16T10:20:11","guid":{"rendered":"https:\/\/icar.cnrs.fr\/membre\/pbasso\/?page_id=64"},"modified":"2025-07-09T16:11:44","modified_gmt":"2025-07-09T14:11:44","slug":"administration","status":"publish","type":"page","link":"https:\/\/icar.cnrs.fr\/membre\/pbasso\/administration\/","title":{"rendered":"Responsabilit\u00e9s scientifiques"},"content":{"rendered":"<h2><strong>Responsabilit\u00e9s scientifiques et administratives<\/strong><\/h2>\n<p>Ancien directeur du laboratoire ICAR<\/p>\n<p><span style=\"color: #333333; font-style: normal;\">Coordinateur du Conseil scientifique du\u00a0 S\u00e9minaire International de S\u00e9miotique \u00e0 Paris (Maison Suger, FMSH)<\/span><\/p>\n<h2><strong>Responsabilit\u00e9s \u00e9ditoriales<\/strong><\/h2>\n<p>2008- \u00a0 \u00a0 Directeur de la collection <em>Teorie resistenti<\/em>, Pisa, ETS.<\/p>\n<p>2010- \u00a0 \u00a0 Co-directeur de la revue <em>Signata (Annales des s\u00e9miotiques)<\/em>, Li\u00e8ge, PULG.<\/p>\n<p>2012- \u00a0 \u00a0 \u00a0Co-directeur de la collection <em>Sigilla<\/em>, Li\u00e8ge, PULG.<\/p>\n<p>2016- \u00a0 \u00a0 \u00a0Membre du comit\u00e9 \u00e9ditorial de la revue <em>Intellectica<\/em><\/p>\n<p>2016- \u00a0 \u00a0 \u00a0Membre du comit\u00e9 scientifique de la revue <em>Nuove musiche<\/em><\/p>\n<p>2019- \u00a0 \u00a0 \u00a0Membre du comit\u00e9 scientifique de la revue <em>Linguistique de l&rsquo;\u00e9crit<\/em><\/p>\n<p>&nbsp;<\/p>\n<p>&nbsp;<\/p>\n<p>&nbsp;<\/p>\n","protected":false},"excerpt":{"rendered":"<p>Responsabilit\u00e9s scientifiques et administratives Ancien directeur du laboratoire ICAR Coordinateur du Conseil scientifique du\u00a0 S\u00e9minaire International de S\u00e9miotique \u00e0 Paris (Maison Suger, FMSH) Responsabilit\u00e9s \u00e9ditoriales 2008- \u00a0 \u00a0 Directeur de la collection Teorie resistenti, Pisa, ETS. 2010- \u00a0 \u00a0 Co-directeur &hellip; <a href=\"https:\/\/icar.cnrs.fr\/membre\/pbasso\/administration\/\">Continuer la lecture <span class=\"meta-nav\">&rarr;<\/span><\/a><\/p>\n","protected":false},"author":4,"featured_media":0,"parent":0,"menu_order":0,"comment_status":"closed","ping_status":"closed","template":"","meta":{"footnotes":""},"class_list":["post-64","page","type-page","status-publish","hentry"],"_links":{"self":[{"href":"https:\/\/icar.cnrs.fr\/membre\/pbasso\/wp-json\/wp\/v2\/pages\/64","targetHints":{"allow":["GET"]}}],"collection":[{"href":"https:\/\/icar.cnrs.fr\/membre\/pbasso\/wp-json\/wp\/v2\/pages"}],"about":[{"href":"https:\/\/icar.cnrs.fr\/membre\/pbasso\/wp-json\/wp\/v2\/types\/page"}],"author":[{"embeddable":true,"href":"https:\/\/icar.cnrs.fr\/membre\/pbasso\/wp-json\/wp\/v2\/users\/4"}],"replies":[{"embeddable":true,"href":"https:\/\/icar.cnrs.fr\/membre\/pbasso\/wp-json\/wp\/v2\/comments?post=64"}],"version-history":[{"count":23,"href":"https:\/\/icar.cnrs.fr\/membre\/pbasso\/wp-json\/wp\/v2\/pages\/64\/revisions"}],"predecessor-version":[{"id":199,"href":"https:\/\/icar.cnrs.fr\/membre\/pbasso\/wp-json\/wp\/v2\/pages\/64\/revisions\/199"}],"wp:attachment":[{"href":"https:\/\/icar.cnrs.fr\/membre\/pbasso\/wp-json\/wp\/v2\/media?parent=64"}],"curies":[{"name":"wp","href":"https:\/\/api.w.org\/{rel}","templated":true}]}}