{"id":39,"date":"2016-11-09T15:36:16","date_gmt":"2016-11-09T14:36:16","guid":{"rendered":"https:\/\/icar.cnrs.fr\/membre\/pmontpied\/?page_id=39"},"modified":"2016-11-29T17:00:36","modified_gmt":"2016-11-29T16:00:36","slug":"axes-de-recherche","status":"publish","type":"page","link":"https:\/\/icar.cnrs.fr\/membre\/pmontpied\/axes-de-recherche\/","title":{"rendered":"Axes de recherche"},"content":{"rendered":"<h3>Principaux axes de recherche<\/h3>\n<p style=\"text-align: justify;\">Initialement neurobiologiste et biologiste mol\u00e9culaire sur un poste du National Institute of Health de Washington DC (USA) pendant 7ans au sein du Mental Health Institute dans le laboratoire de Steven.M. PAUL puis charg\u00e9e de recherche sur poste CR1 au sein du CNRS dans les laboratoires\u00a0: de M\u00e9decine exp\u00e9rimentale du Pr Baldy-Moulinier puis de Prot\u00e9omique du prion et de la maladie d\u2019Alzheimer Biorad (UMR5169) du Pr Petit. Rejoint en 2005 l\u2019UMR 5191 ICAR, en effectuant une reconversion th\u00e9matique importante pour aller vers des recherches li\u00e9es aux questions de l\u2019apprentissage, de la cognition, de l\u2019acquisition de concepts et de comp\u00e9tences en sciences ou \u00e0 propos des sciences en raison d\u2019une conviction que les connaissances de neurobiologie humaine pouvaient s\u2019ouvrir et servir \u00e0 des applications en sciences humaines. Actuellement chercheur en Sciences de l\u2019\u00e9ducation au sein du laboratoire ICAR dans l\u2019\u00e9quipe COAST dirig\u00e9e par Laurent Veillard avec pour axe de recherche principal soit dans le cadre des \u00e9tudes internationales (projet ROSE et PISA) soit sur le terrain en relation avec une \u00e9quipe mixte recherche-enseignants de diverses disciplines (fran\u00e7ais, maths, physique, chimie, langues EPS, SES)\u00a0:<\/p>\n<p style=\"text-align: justify;\">La compr\u00e9hension des difficult\u00e9s de gestion du travail, d\u2019apprentissage et de motivation des adolescents et l\u2019\u00e9tat de d\u00e9veloppement de leur culture scientifique afin de proposer des modifications de la vie de classe et des activit\u00e9s en accord avec les besoins de l\u2019adolescent dans notre culture.<\/p>\n","protected":false},"excerpt":{"rendered":"<p>Principaux axes de recherche Initialement neurobiologiste et biologiste mol\u00e9culaire sur un poste du National Institute of Health de Washington DC (USA) pendant 7ans au sein du Mental Health Institute dans le laboratoire de Steven.M. PAUL puis charg\u00e9e de recherche sur &hellip; <a href=\"https:\/\/icar.cnrs.fr\/membre\/pmontpied\/axes-de-recherche\/\">Continuer la lecture <span class=\"meta-nav\">&rarr;<\/span><\/a><\/p>\n","protected":false},"author":1,"featured_media":0,"parent":0,"menu_order":2,"comment_status":"closed","ping_status":"closed","template":"","meta":{"footnotes":""},"class_list":["post-39","page","type-page","status-publish","hentry"],"_links":{"self":[{"href":"https:\/\/icar.cnrs.fr\/membre\/pmontpied\/wp-json\/wp\/v2\/pages\/39","targetHints":{"allow":["GET"]}}],"collection":[{"href":"https:\/\/icar.cnrs.fr\/membre\/pmontpied\/wp-json\/wp\/v2\/pages"}],"about":[{"href":"https:\/\/icar.cnrs.fr\/membre\/pmontpied\/wp-json\/wp\/v2\/types\/page"}],"author":[{"embeddable":true,"href":"https:\/\/icar.cnrs.fr\/membre\/pmontpied\/wp-json\/wp\/v2\/users\/1"}],"replies":[{"embeddable":true,"href":"https:\/\/icar.cnrs.fr\/membre\/pmontpied\/wp-json\/wp\/v2\/comments?post=39"}],"version-history":[{"count":15,"href":"https:\/\/icar.cnrs.fr\/membre\/pmontpied\/wp-json\/wp\/v2\/pages\/39\/revisions"}],"predecessor-version":[{"id":156,"href":"https:\/\/icar.cnrs.fr\/membre\/pmontpied\/wp-json\/wp\/v2\/pages\/39\/revisions\/156"}],"wp:attachment":[{"href":"https:\/\/icar.cnrs.fr\/membre\/pmontpied\/wp-json\/wp\/v2\/media?parent=39"}],"curies":[{"name":"wp","href":"https:\/\/api.w.org\/{rel}","templated":true}]}}