{"id":10,"date":"2016-11-02T17:39:41","date_gmt":"2016-11-02T16:39:41","guid":{"rendered":"https:\/\/icar.cnrs.fr\/membre\/sbruxelles\/?page_id=10"},"modified":"2016-12-16T15:54:06","modified_gmt":"2016-12-16T14:54:06","slug":"enseignements","status":"publish","type":"page","link":"https:\/\/icar.cnrs.fr\/membre\/sbruxelles\/enseignements\/","title":{"rendered":"Enseignements"},"content":{"rendered":"<p>\u2022\u00a0Charg\u00e9e d\u2019enseignement \u00e0 l\u2019Universit\u00e9 Lumi\u00e8re Lyon 2\u00a0:<\/p>\n<p style=\"padding-left: 30px;\">&#8211; d\u00e9partement des Sciences du Langage (Licence et Master) 1994 \u2013 2008\u00a0: linguistique fran\u00e7aise, interactions verbales<\/p>\n<p style=\"padding-left: 30px;\">&#8211; d\u00e9partement de Psychologie (Master Psychosociologie des communications) 2001 \u2013 2007\u00a0: analyse des interactions<\/p>\n<p style=\"padding-left: 30px;\">&#8211; d\u00e9partement des Sciences juridiques (DU sociologie du droit) 2005 \u2013 2006\u00a0: langage et droit<\/p>\n<p>\u2022\u00a0Co-conception d\u2019une exp\u00e9rimentation d\u2019apprentissage coop\u00e9ratif fond\u00e9 sur les TICE : \u00e9laboration d\u2019un site web \u00ab\u00a0Linguistinet\u00a0\u00bb, auto-formation guid\u00e9e destin\u00e9e \u00e0 des \u00e9tudiants de Linguistique Fran\u00e7aise en premi\u00e8re ann\u00e9e de Licence<\/p>\n<p>\u2022\u00a0Interventions au CNAM-Lyon, formation <em>Langage et Travail, <\/em>1999 \u2013 2007\u00a0: approche de la n\u00e9gociation en situation institutionnelle<\/p>\n","protected":false},"excerpt":{"rendered":"<p>\u2022\u00a0Charg\u00e9e d\u2019enseignement \u00e0 l\u2019Universit\u00e9 Lumi\u00e8re Lyon 2\u00a0: &#8211; d\u00e9partement des Sciences du Langage (Licence et Master) 1994 \u2013 2008\u00a0: linguistique fran\u00e7aise, interactions verbales &#8211; d\u00e9partement de Psychologie (Master Psychosociologie des communications) 2001 \u2013 2007\u00a0: analyse des interactions &#8211; d\u00e9partement des &hellip; <a href=\"https:\/\/icar.cnrs.fr\/membre\/sbruxelles\/enseignements\/\">Continuer la lecture <span class=\"meta-nav\">&rarr;<\/span><\/a><\/p>\n","protected":false},"author":1,"featured_media":0,"parent":0,"menu_order":3,"comment_status":"closed","ping_status":"closed","template":"","meta":{"footnotes":""},"class_list":["post-10","page","type-page","status-publish","hentry"],"_links":{"self":[{"href":"https:\/\/icar.cnrs.fr\/membre\/sbruxelles\/wp-json\/wp\/v2\/pages\/10","targetHints":{"allow":["GET"]}}],"collection":[{"href":"https:\/\/icar.cnrs.fr\/membre\/sbruxelles\/wp-json\/wp\/v2\/pages"}],"about":[{"href":"https:\/\/icar.cnrs.fr\/membre\/sbruxelles\/wp-json\/wp\/v2\/types\/page"}],"author":[{"embeddable":true,"href":"https:\/\/icar.cnrs.fr\/membre\/sbruxelles\/wp-json\/wp\/v2\/users\/1"}],"replies":[{"embeddable":true,"href":"https:\/\/icar.cnrs.fr\/membre\/sbruxelles\/wp-json\/wp\/v2\/comments?post=10"}],"version-history":[{"count":13,"href":"https:\/\/icar.cnrs.fr\/membre\/sbruxelles\/wp-json\/wp\/v2\/pages\/10\/revisions"}],"predecessor-version":[{"id":171,"href":"https:\/\/icar.cnrs.fr\/membre\/sbruxelles\/wp-json\/wp\/v2\/pages\/10\/revisions\/171"}],"wp:attachment":[{"href":"https:\/\/icar.cnrs.fr\/membre\/sbruxelles\/wp-json\/wp\/v2\/media?parent=10"}],"curies":[{"name":"wp","href":"https:\/\/api.w.org\/{rel}","templated":true}]}}