{"id":39,"date":"2016-11-09T15:36:16","date_gmt":"2016-11-09T14:36:16","guid":{"rendered":"https:\/\/icar.cnrs.fr\/membre\/sbruxelles\/?page_id=39"},"modified":"2016-12-16T15:42:00","modified_gmt":"2016-12-16T14:42:00","slug":"axes-de-recherche","status":"publish","type":"page","link":"https:\/\/icar.cnrs.fr\/membre\/sbruxelles\/axes-de-recherche\/","title":{"rendered":"Axes de recherche"},"content":{"rendered":"<h2>Principaux axes de recherche<\/h2>\n<p>\u2013 Analyse des interactions, analyse conversationnelle<\/p>\n<p>\u2013 Pragmatique, th\u00e9orie de l\u2019argumentation dans la langue<\/p>\n<p>\u2013 Base de donn\u00e9es de corpus de langue parl\u00e9e en interaction<\/p>\n<p><strong>Th\u00e8mes et activit\u00e9s de recherche<\/strong><\/p>\n<p>\u2013 Analyse d\u2019interactions professionnelles en contexte institutionnel (proc\u00e9dures de conciliation devant notaires) ou non institutionnel (qualification des demandes aux guichets des CAF, activit\u00e9 collaborative de conception dans une r\u00e9union entre architectes)<\/p>\n<p>\u2013 Programme grammaire de l\u2019interaction : description des connecteurs, particules \u00e9nonciatives et \u201cpetits mots\u201den fran\u00e7ais parl\u00e9 en interaction ; articulation entre la probl\u00e9matique de la th\u00e9orie de l\u2019argumentation dans la langue et celle de l\u2019analyse des interactions<\/p>\n<p>\u2013 Informatisation de l\u2019archivage, la mise \u00e0 disposition et l\u2019interrogation de corpus de langue parl\u00e9e en interaction\u00a0: aspects juridiques, th\u00e9oriques et m\u00e9thodologiques. Membre du groupe ICOR, responsable de la conception et de la mise en \u0153uvre de la plateforme CLAPI\u00a0: <a href=\"http:\/\/clapi.univ-lyon2.fr\/\" target=\"_blank\">http:\/\/clapi.univ-lyon2.fr\/<\/a> et du site Corinte\u00a0: <a href=\"http:\/\/icar.univ-lyon2.fr\/projets\/corinte\/\" target=\"_blank\">http:\/\/icar.univ-lyon2.fr\/projets\/corinte\/<\/a>)<\/p>\n","protected":false},"excerpt":{"rendered":"<p>Principaux axes de recherche \u2013 Analyse des interactions, analyse conversationnelle \u2013 Pragmatique, th\u00e9orie de l\u2019argumentation dans la langue \u2013 Base de donn\u00e9es de corpus de langue parl\u00e9e en interaction Th\u00e8mes et activit\u00e9s de recherche \u2013 Analyse d\u2019interactions professionnelles en contexte &hellip; <a href=\"https:\/\/icar.cnrs.fr\/membre\/sbruxelles\/axes-de-recherche\/\">Continuer la lecture <span class=\"meta-nav\">&rarr;<\/span><\/a><\/p>\n","protected":false},"author":1,"featured_media":0,"parent":0,"menu_order":2,"comment_status":"closed","ping_status":"closed","template":"","meta":{"footnotes":""},"class_list":["post-39","page","type-page","status-publish","hentry"],"_links":{"self":[{"href":"https:\/\/icar.cnrs.fr\/membre\/sbruxelles\/wp-json\/wp\/v2\/pages\/39","targetHints":{"allow":["GET"]}}],"collection":[{"href":"https:\/\/icar.cnrs.fr\/membre\/sbruxelles\/wp-json\/wp\/v2\/pages"}],"about":[{"href":"https:\/\/icar.cnrs.fr\/membre\/sbruxelles\/wp-json\/wp\/v2\/types\/page"}],"author":[{"embeddable":true,"href":"https:\/\/icar.cnrs.fr\/membre\/sbruxelles\/wp-json\/wp\/v2\/users\/1"}],"replies":[{"embeddable":true,"href":"https:\/\/icar.cnrs.fr\/membre\/sbruxelles\/wp-json\/wp\/v2\/comments?post=39"}],"version-history":[{"count":15,"href":"https:\/\/icar.cnrs.fr\/membre\/sbruxelles\/wp-json\/wp\/v2\/pages\/39\/revisions"}],"predecessor-version":[{"id":160,"href":"https:\/\/icar.cnrs.fr\/membre\/sbruxelles\/wp-json\/wp\/v2\/pages\/39\/revisions\/160"}],"wp:attachment":[{"href":"https:\/\/icar.cnrs.fr\/membre\/sbruxelles\/wp-json\/wp\/v2\/media?parent=39"}],"curies":[{"name":"wp","href":"https:\/\/api.w.org\/{rel}","templated":true}]}}