{"id":4,"date":"2016-11-02T17:37:52","date_gmt":"2016-11-02T16:37:52","guid":{"rendered":"https:\/\/icar.cnrs.fr\/membre\/sbruxelles\/?page_id=4"},"modified":"2017-02-27T15:22:49","modified_gmt":"2017-02-27T14:22:49","slug":"accueil","status":"publish","type":"page","link":"https:\/\/icar.cnrs.fr\/membre\/sbruxelles\/","title":{"rendered":"Accueil"},"content":{"rendered":"<div class=\"cadregris\">\n<h1>Sylvie Bruxelles<\/h1>\n<h1><img loading=\"lazy\" decoding=\"async\" class=\"alignright size-full wp-image-137\" src=\"https:\/\/icar.cnrs.fr\/membre\/sbruxelles\/wp-content\/uploads\/sites\/99\/2016\/11\/images.png\" alt=\"\" width=\"104\" height=\"104\" \/><\/h1>\n<p>Chercheur associ\u00e9 \u00e0 la retraite<\/p>\n<p>Email : <span lang=\"de\" xml:lang=\"de\"><a href=\"mailto:Sylvie.Bruxelles@univ-lyon2.fr\">Sylvie.Bruxelles@univ-lyon2.fr<\/a><\/span><\/p>\n<p style=\"text-align: left;\"><strong>Adresse<br \/>\n<\/strong>Laboratoire ICAR<br \/>\nEcole Normale Sup\u00e9rieure de Lyon<br \/>\n15 parvis Ren\u00e9 Descartes &#8211; BP 7000<br \/>\n69342 LYON Cedex 07<br \/>\nFrance<\/p>\n<\/div>\n","protected":false},"excerpt":{"rendered":"<p>Sylvie Bruxelles Chercheur associ\u00e9 \u00e0 la retraite Email : Sylvie.Bruxelles@univ-lyon2.fr Adresse Laboratoire ICAR Ecole Normale Sup\u00e9rieure de Lyon 15 parvis Ren\u00e9 Descartes &#8211; BP 7000 69342 LYON Cedex 07 France<\/p>\n","protected":false},"author":1,"featured_media":0,"parent":0,"menu_order":0,"comment_status":"closed","ping_status":"closed","template":"","meta":{"footnotes":""},"class_list":["post-4","page","type-page","status-publish","hentry"],"_links":{"self":[{"href":"https:\/\/icar.cnrs.fr\/membre\/sbruxelles\/wp-json\/wp\/v2\/pages\/4","targetHints":{"allow":["GET"]}}],"collection":[{"href":"https:\/\/icar.cnrs.fr\/membre\/sbruxelles\/wp-json\/wp\/v2\/pages"}],"about":[{"href":"https:\/\/icar.cnrs.fr\/membre\/sbruxelles\/wp-json\/wp\/v2\/types\/page"}],"author":[{"embeddable":true,"href":"https:\/\/icar.cnrs.fr\/membre\/sbruxelles\/wp-json\/wp\/v2\/users\/1"}],"replies":[{"embeddable":true,"href":"https:\/\/icar.cnrs.fr\/membre\/sbruxelles\/wp-json\/wp\/v2\/comments?post=4"}],"version-history":[{"count":47,"href":"https:\/\/icar.cnrs.fr\/membre\/sbruxelles\/wp-json\/wp\/v2\/pages\/4\/revisions"}],"predecessor-version":[{"id":172,"href":"https:\/\/icar.cnrs.fr\/membre\/sbruxelles\/wp-json\/wp\/v2\/pages\/4\/revisions\/172"}],"wp:attachment":[{"href":"https:\/\/icar.cnrs.fr\/membre\/sbruxelles\/wp-json\/wp\/v2\/media?parent=4"}],"curies":[{"name":"wp","href":"https:\/\/api.w.org\/{rel}","templated":true}]}}