{"id":10,"date":"2016-11-02T17:39:41","date_gmt":"2016-11-02T16:39:41","guid":{"rendered":"https:\/\/icar.cnrs.fr\/membre\/sderolez\/?page_id=10"},"modified":"2025-10-09T15:36:49","modified_gmt":"2025-10-09T13:36:49","slug":"enseignements","status":"publish","type":"page","link":"https:\/\/icar.cnrs.fr\/membre\/sderolez\/enseignements\/","title":{"rendered":"Enseignements"},"content":{"rendered":"<div class=\"page\" title=\"Page 3\">\n<h2 class=\"layoutArea\" style=\"text-align: left\">2019 \u2013 2025<\/h2>\n<h2 class=\"layoutArea\" style=\"text-align: left\">Master (1 &amp; 2) Didactique des sciences<\/h2>\n<p>ENS de Lyon, Universite\u0301 de Lyon, Universite\u0301 de Montpellier<\/p>\n<h5>-Didactique et e\u0301piste\u0301mologie des sciences expe\u0301rimentales et des mathe\u0301matiques, M1<\/h5>\n<h5>-Fondamentaux en m\u00e9diation des sciences, M2<\/h5>\n<h5>-Me\u0301diation scientifique et technique, M1 (co-coordinatrice de l&rsquo;UE)<\/h5>\n<h5>-Projet enseignement, diffusion et valorisation des sciences, M2<br \/>\n-Me\u0301thodologie de re\u0301daction de me\u0301moire de recherche, M2<br \/>\n-Organisation des se\u0301minaires de me\u0301moire, M2<\/h5>\n<\/div>\n<div title=\"Page 3\"><\/div>\n<div class=\"page\" title=\"Page 3\">\n<div>\n<div class=\"page\" title=\"Page 3\">\n<div class=\"layoutArea\">\n<h2>Master 2 FEADe\u0301P (Formation a\u0300 l&rsquo;Enseignement, Agre\u0301gation et De\u0301veloppement Professionnel)<\/h2>\n<\/div>\n<\/div>\n<\/div>\n<div class=\"column\">\n<div class=\"page\" title=\"Page 3\">\n<div class=\"layoutArea\">\n<p class=\"column\">ENS de Lyon (L3, M1 et M2)<\/p>\n<h5 class=\"column\">-Posture enseignante (corps et voix)<\/h5>\n<h5 class=\"column\">-Construire et mettre en sc\u00e8ne une controverse socio-scientifique<br \/>\n-Construire et e\u0301valuer son enseignement<br \/>\n-Me\u0301diation scientifique et enseignement<\/h5>\n<\/div>\n<h5 class=\"layoutArea\">-Activite\u0301 d\u2019e\u0301valuation dans l\u2019enseignement<\/h5>\n<h5 class=\"layoutArea\">-Participation a\u0300 une activite\u0301 de tutorat<\/h5>\n<h5 class=\"layoutArea\">-Animer un dispositif de m\u00e9diation scientifique<br \/>\n-Construire et animer un dispositif de m\u00e9diation scientifique<\/h5>\n<h2><\/h2>\n<h2>Autres enseignements :<\/h2>\n<p>&#8211; Cours pour non sp\u00e9cialistes (CPNS du dipl\u00f4me de l&rsquo;ENS) : initiation \u00e0 l&rsquo;astronomie<br \/>\n&#8211; Master Biosciences de l&rsquo;ENS de Lyon : Cr\u00e9er un dispositif de m\u00e9diation des sciences (CM et TD)<\/p>\n<div class=\"layoutArea\">\n<h4><\/h4>\n<h2 class=\"column\">2018 \u2013 2019<\/h2>\n<h2 class=\"column\">Master 2 Didactique des sciences<\/h2>\n<\/div>\n<\/div>\n<\/div>\n<div class=\"column\">\n<div class=\"page\" title=\"Page 3\">\n<div class=\"layoutArea\">\n<p class=\"column\" style=\"text-align: left\">ENS de Lyon, Universite\u0301 de Lyon, Universite\u0301 de Montpellier<\/p>\n<h5 class=\"column\" style=\"text-align: left\">-Me\u0301thodologie de re\u0301daction de me\u0301moire et perspectives<\/h5>\n<div class=\"column\">\n<div class=\"page\" title=\"Page 4\">\n<div class=\"layoutArea\">\n<div class=\"column\">\n<div class=\"page\" title=\"Page 4\">\n<h2><\/h2>\n<h2 class=\"column\" style=\"text-align: left\">Master 2 FEADe\u0301P (Formation a\u0300 l&rsquo;Enseignement, Agre\u0301gation et De\u0301veloppement Professionnel)<\/h2>\n<h5 class=\"column\" style=\"text-align: left\">-Re\u0301fle\u0301chir et adapter l&rsquo;enseignement des sciences : la re\u0301solution de proble\u0300mes<\/h5>\n<h2><\/h2>\n<h2 class=\"column\" style=\"text-align: left\">3e\u0300me anne\u0301e en formation d\u2019inge\u0301nieur, de\u0301partement des Humanite\u0301s INSA de Lyon<\/h2>\n<h5 class=\"column\" style=\"text-align: left\">-Innovation et socie\u0301te\u0301s<\/h5>\n<h2><\/h2>\n<h2 class=\"layoutArea\">Exp\u00e9riences dans l&rsquo;enseignement secondaire :<\/h2>\n<p>Formatrice en physique chimie et \u00e9cologie pour les \u00e9l\u00e8ves de la 4\u00e8me \u00e0 la terminale, \u00e0 la maison Familiale rurale MFR de Pont de Veyle (2017-2018)<\/p>\n<\/div>\n<\/div>\n<\/div>\n<\/div>\n<\/div>\n<\/div>\n<\/div>\n<\/div>\n<\/div>\n","protected":false},"excerpt":{"rendered":"<p>2019 \u2013 2025 Master (1 &amp; 2) Didactique des sciences ENS de Lyon, Universite\u0301 de Lyon, Universite\u0301 de Montpellier -Didactique et e\u0301piste\u0301mologie des sciences expe\u0301rimentales et des mathe\u0301matiques, M1 -Fondamentaux en m\u00e9diation des sciences, M2 -Me\u0301diation scientifique et technique, M1 &hellip; <a href=\"https:\/\/icar.cnrs.fr\/membre\/sderolez\/enseignements\/\">Continuer la lecture <span class=\"meta-nav\">&rarr;<\/span><\/a><\/p>\n","protected":false},"author":1,"featured_media":0,"parent":0,"menu_order":3,"comment_status":"closed","ping_status":"closed","template":"","meta":{"footnotes":""},"class_list":["post-10","page","type-page","status-publish","hentry"],"_links":{"self":[{"href":"https:\/\/icar.cnrs.fr\/membre\/sderolez\/wp-json\/wp\/v2\/pages\/10","targetHints":{"allow":["GET"]}}],"collection":[{"href":"https:\/\/icar.cnrs.fr\/membre\/sderolez\/wp-json\/wp\/v2\/pages"}],"about":[{"href":"https:\/\/icar.cnrs.fr\/membre\/sderolez\/wp-json\/wp\/v2\/types\/page"}],"author":[{"embeddable":true,"href":"https:\/\/icar.cnrs.fr\/membre\/sderolez\/wp-json\/wp\/v2\/users\/1"}],"replies":[{"embeddable":true,"href":"https:\/\/icar.cnrs.fr\/membre\/sderolez\/wp-json\/wp\/v2\/comments?post=10"}],"version-history":[{"count":18,"href":"https:\/\/icar.cnrs.fr\/membre\/sderolez\/wp-json\/wp\/v2\/pages\/10\/revisions"}],"predecessor-version":[{"id":188,"href":"https:\/\/icar.cnrs.fr\/membre\/sderolez\/wp-json\/wp\/v2\/pages\/10\/revisions\/188"}],"wp:attachment":[{"href":"https:\/\/icar.cnrs.fr\/membre\/sderolez\/wp-json\/wp\/v2\/media?parent=10"}],"curies":[{"name":"wp","href":"https:\/\/api.w.org\/{rel}","templated":true}]}}