{"id":4,"date":"2016-11-02T17:37:52","date_gmt":"2016-11-02T16:37:52","guid":{"rendered":"https:\/\/icar.cnrs.fr\/membre\/sderolez\/?page_id=4"},"modified":"2025-10-09T15:58:39","modified_gmt":"2025-10-09T13:58:39","slug":"accueil","status":"publish","type":"page","link":"https:\/\/icar.cnrs.fr\/membre\/sderolez\/","title":{"rendered":"Accueil"},"content":{"rendered":"<h1>Ma\u00eetresse de Conf\u00e9rence, \u00c9cole de normale sup\u00e9rieure de Lyon, D\u00e9partement \u00c9ducation et Humanit\u00e9s Num\u00e9riques.<\/h1>\n<h2><img loading=\"lazy\" decoding=\"async\" class=\"alignright wp-image-179 size-full\" src=\"https:\/\/icar.cnrs.fr\/membre\/sderolez\/wp-content\/uploads\/sites\/140\/2025\/07\/DSCF0366-e1752131179587.jpeg\" alt=\"\" width=\"90\" height=\"135\" \/><\/h2>\n<p>Email\u00a0: <a href=\"mailto:severine.derolez@ens-lyon.fr\">severine.derolez@ens-lyon.fr<\/a><\/p>\n<p>Membre du comit\u00e9 de pilotage du <a href=\"http:\/\/lle.ens-lyon.fr\">Laboratoire de l\u2019Education<\/a> (UAR 3773, CNRS \/ ENS de Lyon)<\/p>\n<h2>Recherche :<\/h2>\n<p>Laboratoire de recherche : Interactions, Corpus, Apprentissage, Repr\u00e9sentations (CNRS, ENS de Lyon, Universit\u00e9 Lyon 2) <a href=\"http:\/\/icar.univ-lyon2.fr\/\">ICAR<\/a>\u00a0<a href=\"http:\/\/icar.univ-lyon2.fr\/\">UMR 5191<\/a><br \/>\n<em>\u00c9quipe : <a href=\"https:\/\/icar.cnrs.fr\/recherche\/interactions-cognitions\/\">Interactions, Cognitions<\/a><\/em><br \/>\n<em>Axe transversal : <a href=\"https:\/\/icar.cnrs.fr\/langage-travail-et-apprentissage\/\">Langage, Travail, Apprentissage<\/a><\/em><\/p>\n<h2>Enseignement :<\/h2>\n<p>D\u00e9partement <a href=\"https:\/\/ehn.ens-lyon.fr\/\">\u00c9ducation et Humanit\u00e9s Num\u00e9riques<\/a><\/p>\n<h2>Autres responsabilit\u00e9s :<\/h2>\n<p>Membre du conseil scientifique de la f\u00eate de la science \u00e0 l&rsquo;ENS de Lyon<br \/>\nMembre du conseil scientifique pour la r\u00e9daction du PSC de Isarnodurum \/ Mus\u00e9e arch\u00e9ologique d&rsquo;Izernore<br \/>\nMembre du comit\u00e9 d&rsquo;organisation des journ\u00e9es \u00ab\u00a0sciences : un m\u00e9tier de femmes\u00a0\u00bb<\/p>\n<h2>Bureau :<\/h2>\n<p>B\u00e2timent D4.149, ENS de Lyon (site Descartes, m\u00e9tro Debourg, Lyon7e)<\/p>\n<p style=\"text-align: left\"><strong>Adresse<br \/>\n<\/strong>Laboratoire ICAR<br \/>\nEcole Normale Sup\u00e9rieure de Lyon<br \/>\n15 parvis Ren\u00e9 Descartes &#8211; BP 7000<br \/>\n69342 LYON Cedex 07<br \/>\nFrance<\/p>\n","protected":false},"excerpt":{"rendered":"<p>Ma\u00eetresse de Conf\u00e9rence, \u00c9cole de normale sup\u00e9rieure de Lyon, D\u00e9partement \u00c9ducation et Humanit\u00e9s Num\u00e9riques. Email\u00a0: severine.derolez@ens-lyon.fr Membre du comit\u00e9 de pilotage du Laboratoire de l\u2019Education (UAR 3773, CNRS \/ ENS de Lyon) Recherche : Laboratoire de recherche : Interactions, Corpus, &hellip; <a href=\"https:\/\/icar.cnrs.fr\/membre\/sderolez\/\">Continuer la lecture <span class=\"meta-nav\">&rarr;<\/span><\/a><\/p>\n","protected":false},"author":1,"featured_media":0,"parent":0,"menu_order":0,"comment_status":"closed","ping_status":"closed","template":"","meta":{"footnotes":""},"class_list":["post-4","page","type-page","status-publish","hentry"],"_links":{"self":[{"href":"https:\/\/icar.cnrs.fr\/membre\/sderolez\/wp-json\/wp\/v2\/pages\/4","targetHints":{"allow":["GET"]}}],"collection":[{"href":"https:\/\/icar.cnrs.fr\/membre\/sderolez\/wp-json\/wp\/v2\/pages"}],"about":[{"href":"https:\/\/icar.cnrs.fr\/membre\/sderolez\/wp-json\/wp\/v2\/types\/page"}],"author":[{"embeddable":true,"href":"https:\/\/icar.cnrs.fr\/membre\/sderolez\/wp-json\/wp\/v2\/users\/1"}],"replies":[{"embeddable":true,"href":"https:\/\/icar.cnrs.fr\/membre\/sderolez\/wp-json\/wp\/v2\/comments?post=4"}],"version-history":[{"count":49,"href":"https:\/\/icar.cnrs.fr\/membre\/sderolez\/wp-json\/wp\/v2\/pages\/4\/revisions"}],"predecessor-version":[{"id":190,"href":"https:\/\/icar.cnrs.fr\/membre\/sderolez\/wp-json\/wp\/v2\/pages\/4\/revisions\/190"}],"wp:attachment":[{"href":"https:\/\/icar.cnrs.fr\/membre\/sderolez\/wp-json\/wp\/v2\/media?parent=4"}],"curies":[{"name":"wp","href":"https:\/\/api.w.org\/{rel}","templated":true}]}}