{"id":8,"date":"2016-11-02T17:38:51","date_gmt":"2016-11-02T16:38:51","guid":{"rendered":"https:\/\/icar.cnrs.fr\/membre\/sderolez\/?page_id=8"},"modified":"2020-02-21T10:06:27","modified_gmt":"2020-02-21T09:06:27","slug":"publications","status":"publish","type":"page","link":"https:\/\/icar.cnrs.fr\/membre\/sderolez\/publications\/","title":{"rendered":"Publications"},"content":{"rendered":"<h2>Liste des publications sur HAL<\/h2>\n<p>\n\n\n<!-- Piwik -->\n<script type=\"text\/javascript\">\n  var _paq = _paq || [];\n  _paq.push(['trackPageView']);\n  _paq.push(['enableLinkTracking']);\n  (function() {\n    var u=\"\/\/piwik.inria.fr\/\";\n    _paq.push(['setTrackerUrl', u+'piwik.php']);\n    _paq.push(['setSiteId', 26]);\n    var d=document, g=d.createElement('script'), s=d.getElementsByTagName('script')[0];\n    g.type='text\/javascript'; g.async=true; g.defer=true; g.src=u+'piwik.js'; s.parentNode.insertBefore(g,s);\n  })();\n<\/script>\n<noscript><p><img decoding=\"async\" src=\"\/\/piwik.inria.fr\/piwik.php?idsite=26\" style=\"border:0;\" alt=\"\" \/><\/p><\/noscript>\n<!-- End Piwik Code -->\n\n<div id=\"res_script\">\n<p class='Rubrique'>2025<\/p>\n<p class='SousRubrique'>Chapitre d'ouvrage<\/p>\n<dl class='NoticeRes'>\n<dt class=\"ChampRes\">ref_biblio<\/dt><dd class=\"ValeurRes ref_biblio\">Anne Laure Carr\u00e9, Jean Davoigneau, S\u00e9verine Derolez, Anne-Catherine Robert-Hauglustaine, Anne-Sophie Rozay. Les sp\u00e9cificit\u00e9s du patrimoine scientifique et technique. Exp\u00e9riences et regards crois\u00e9s. Catherine Ball\u00e9; Catherine Cuenca; Marie-Laure Baudement. <i>Patrimoine de la recherche scientifique : objets, pratiques et savoirs<\/i>, La Documentation fran\u00e7aise, 380 page(s), 2025, 978-2-11-174165-2. <a target=\"_blank\" href=\"https:\/\/hal.science\/hal-05448030v1\">&#x27E8;hal-05448030&#x27E9;<\/a><\/dd>\n<dt class=\"ChampRes\">Acc\u00e8s au bibtex<\/dt>\n<dd class=\"ValeurRes LienBibtex\">\n<a href=\"https:\/\/hal.science\/hal-05448030v1\/bibtex\" target=\"_self\">\n<img decoding=\"async\" alt=\"BibTex\" src=\"https:\/\/haltools.archives-ouvertes.fr\/images\/Haltools_bibtex3.png\" border=\"0\"  title=\"BibTex\" \/><\/a>\n<\/dd>\n<\/dl>\n<p class='Rubrique'>2024<\/p>\n<p class='SousRubrique'>Article dans une revue<\/p>\n<dl class='NoticeRes'>\n<dt class=\"ChampRes\">ref_biblio<\/dt><dd class=\"ValeurRes ref_biblio\">S\u00e9verine Derolez, Karine B\u00e9cu-Robinault. Se conformer \u00e0 un cadre pour susciter la cr\u00e9ativit\u00e9 des enseignants et des \u00e9l\u00e8ves\u00a0? le cas de la r\u00e9solution de probl\u00e8me en physique. <i>RDST - Recherches en didactique des sciences et des technologies <\/i>, 2024, 29, pp.79-106. <a target=\"_blank\" href=\"https:\/\/dx.doi.org\/10.4000\/130by\">&#x27E8;10.4000\/130by&#x27E9;<\/a>. <a target=\"_blank\" href=\"https:\/\/hal.science\/hal-04873697v1\">&#x27E8;hal-04873697&#x27E9;<\/a><\/dd>\n<dt class=\"ChampRes\">Acc\u00e8s au texte int\u00e9gral et bibtex<\/dt>\n<dd class=\"ValeurRes Fichier_joint\">\n<a href=\"https:\/\/hal.science\/hal-04873697\/file\/rdst-5369.pdf\"  target=\"_blank\">\n<img decoding=\"async\" alt=\"https:\/\/hal.science\/hal-04873697\/file\/rdst-5369.pdf\" src=\"https:\/\/haltools.archives-ouvertes.fr\/images\/Haltools_pdf.png\" border=\"0\" title=\"https:\/\/hal.science\/hal-04873697\/file\/rdst-5369.pdf\" \/><\/a>\n<span class=\"LienBibtexACoteFulltext\"><a href=\"https:\/\/hal.science\/hal-04873697v1\/bibtex\" target=\"_self\">\n<img decoding=\"async\" alt=\"BibTex\" src=\"https:\/\/haltools.archives-ouvertes.fr\/images\/Haltools_bibtex3.png\" border=\"0\"  title=\"BibTex\" \/><\/a>\n<\/span><\/dd>\n<\/dl>\n<p class='SousRubrique'>Communication dans un congr\u00e8s<\/p>\n<dl class='NoticeRes'>\n<dt class=\"ChampRes\">ref_biblio<\/dt><dd class=\"ValeurRes ref_biblio\">S\u00e9verine Derolez, Karine B\u00e9cu-Robinault. Choisir une situation de r\u00e9solution de probl\u00e8me en physique : quels crit\u00e8res privil\u00e9gier ?. <i>TELLING SCIENCE DRAWING SCIENCE 4e \u00e9dition<\/i>, Stimuli - LDAR, Nov 2024, Angoul\u00eame, France. <a target=\"_blank\" href=\"https:\/\/hal.science\/hal-04873943v1\">&#x27E8;hal-04873943&#x27E9;<\/a><\/dd>\n<dt class=\"ChampRes\">Acc\u00e8s au texte int\u00e9gral et bibtex<\/dt>\n<dd class=\"ValeurRes Fichier_joint\">\n<a href=\"https:\/\/hal.science\/hal-04873943\/file\/Derolez_et_Becu_Robinault_TSDS4_VF.pdf\"  target=\"_blank\">\n<img decoding=\"async\" alt=\"https:\/\/hal.science\/hal-04873943\/file\/Derolez_et_Becu_Robinault_TSDS4_VF.pdf\" src=\"https:\/\/haltools.archives-ouvertes.fr\/images\/Haltools_pdf.png\" border=\"0\" title=\"https:\/\/hal.science\/hal-04873943\/file\/Derolez_et_Becu_Robinault_TSDS4_VF.pdf\" \/><\/a>\n<span class=\"LienBibtexACoteFulltext\"><a href=\"https:\/\/hal.science\/hal-04873943v1\/bibtex\" target=\"_self\">\n<img decoding=\"async\" alt=\"BibTex\" src=\"https:\/\/haltools.archives-ouvertes.fr\/images\/Haltools_bibtex3.png\" border=\"0\"  title=\"BibTex\" \/><\/a>\n<\/span><\/dd>\n<\/dl>\n<dl class='NoticeRes'>\n<dt class=\"ChampRes\">ref_biblio<\/dt><dd class=\"ValeurRes ref_biblio\">Karine B\u00e9cu-Robinault, S\u00e9verine Derolez. Recherche collaborative : m\u00e9thode ou objet de la recherche en didactique. Le cas du projet\r\n\u00abr\u00e9solution de probl\u00e8me en physique du coll\u00e8ge au lyc\u00e9e\u00bb.. <i>13emes rencontres scientifiques de l'ARDIST<\/i>, Universit\u00e9 de Montpellier, Jun 2024, Montpellier, France. https:\/\/ardist2024.sciencesconf.org. <a target=\"_blank\" href=\"https:\/\/hal.science\/hal-04873862v1\">&#x27E8;hal-04873862&#x27E9;<\/a><\/dd>\n<dt class=\"ChampRes\">Acc\u00e8s au texte int\u00e9gral et bibtex<\/dt>\n<dd class=\"ValeurRes Fichier_joint\">\n<a href=\"https:\/\/hal.science\/hal-04873862\/file\/recherche%20collaborative%20m%C3%A9thode%20ou%20objet%20-%20VF.pdf\"  target=\"_blank\">\n<img decoding=\"async\" alt=\"https:\/\/hal.science\/hal-04873862\/file\/recherche%20collaborative%20m%C3%A9thode%20ou%20objet%20-%20VF.pdf\" src=\"https:\/\/haltools.archives-ouvertes.fr\/images\/Haltools_pdf.png\" border=\"0\" title=\"https:\/\/hal.science\/hal-04873862\/file\/recherche%20collaborative%20m%C3%A9thode%20ou%20objet%20-%20VF.pdf\" \/><\/a>\n<span class=\"LienBibtexACoteFulltext\"><a href=\"https:\/\/hal.science\/hal-04873862v1\/bibtex\" target=\"_self\">\n<img decoding=\"async\" alt=\"BibTex\" src=\"https:\/\/haltools.archives-ouvertes.fr\/images\/Haltools_bibtex3.png\" border=\"0\"  title=\"BibTex\" \/><\/a>\n<\/span><\/dd>\n<\/dl>\n<p class='Rubrique'>2023<\/p>\n<p class='SousRubrique'>Communication dans un congr\u00e8s<\/p>\n<dl class='NoticeRes'>\n<dt class=\"ChampRes\">ref_biblio<\/dt><dd class=\"ValeurRes ref_biblio\">S\u00e9verine Derolez, Karine B\u00e9cu-Robinault, Kristine Lund. Collaboration et asym\u00e9tries au sein d'un collectif d'enseignants et de chercheurs. <i>TACD 2023 - Troisi\u00e8me Congr\u00e8s International de la Th\u00e9orie de l'Action Conjointe en Didactique : Coop\u00e9ration et dispositifs de coop\u00e9ration<\/i>, TACD - Universit\u00e9 de Bretagne occidentale, Nov 2023, Brest, France. pp.159-175. <a target=\"_blank\" href=\"https:\/\/hal.science\/hal-04659686v1\">&#x27E8;hal-04659686&#x27E9;<\/a><\/dd>\n<dt class=\"ChampRes\">Acc\u00e8s au texte int\u00e9gral et bibtex<\/dt>\n<dd class=\"ValeurRes Fichier_joint\">\n<a href=\"https:\/\/hal.science\/hal-04659686\/file\/TACD_2023_Actes%20.pdf\"  target=\"_blank\">\n<img decoding=\"async\" alt=\"https:\/\/hal.science\/hal-04659686\/file\/TACD_2023_Actes%20.pdf\" src=\"https:\/\/haltools.archives-ouvertes.fr\/images\/Haltools_pdf.png\" border=\"0\" title=\"https:\/\/hal.science\/hal-04659686\/file\/TACD_2023_Actes%20.pdf\" \/><\/a>\n<span class=\"LienBibtexACoteFulltext\"><a href=\"https:\/\/hal.science\/hal-04659686v1\/bibtex\" target=\"_self\">\n<img decoding=\"async\" alt=\"BibTex\" src=\"https:\/\/haltools.archives-ouvertes.fr\/images\/Haltools_bibtex3.png\" border=\"0\"  title=\"BibTex\" \/><\/a>\n<\/span><\/dd>\n<\/dl>\n<p class='Rubrique'>2022<\/p>\n<p class='SousRubrique'>Communication dans un congr\u00e8s<\/p>\n<dl class='NoticeRes'>\n<dt class=\"ChampRes\">ref_biblio<\/dt><dd class=\"ValeurRes ref_biblio\">Karine B\u00e9cu-Robinault, S\u00e9verine Derolez. De la recherche \u00e0 la conception de situations d\u2019enseignement. Cas de r\u00e9solutions de probl\u00e8mes en physique.. <i>12\u00e8mes rencontres scientifiques de l'Association pour la Recherche en Didactique des Sciences et des Technologies<\/i>, Nov 2022, Toulouse, France. <a target=\"_blank\" href=\"https:\/\/hal.science\/hal-03921975v1\">&#x27E8;hal-03921975&#x27E9;<\/a><\/dd>\n<dt class=\"ChampRes\">Acc\u00e8s au bibtex<\/dt>\n<dd class=\"ValeurRes LienBibtex\">\n<a href=\"https:\/\/hal.science\/hal-03921975v1\/bibtex\" target=\"_self\">\n<img decoding=\"async\" alt=\"BibTex\" src=\"https:\/\/haltools.archives-ouvertes.fr\/images\/Haltools_bibtex3.png\" border=\"0\"  title=\"BibTex\" \/><\/a>\n<\/dd>\n<\/dl>\n<dl class='NoticeRes'>\n<dt class=\"ChampRes\">ref_biblio<\/dt><dd class=\"ValeurRes ref_biblio\">S\u00e9verine Derolez, Nadia Dario, Kristine Lund, Karine B\u00e9cu-Robinault. DatAgora, a multi-screen, collaborative space for the analysis of complex data.. <i>IMPEC : interactions multimodales par \u00e9cran - l'espace au prisme des \u00e9crans.<\/i>, Jul 2022, Lyon, France. pp.86. <a target=\"_blank\" href=\"https:\/\/hal.science\/hal-03921998v1\">&#x27E8;hal-03921998&#x27E9;<\/a><\/dd>\n<dt class=\"ChampRes\">Acc\u00e8s au bibtex<\/dt>\n<dd class=\"ValeurRes LienBibtex\">\n<a href=\"https:\/\/hal.science\/hal-03921998v1\/bibtex\" target=\"_self\">\n<img decoding=\"async\" alt=\"BibTex\" src=\"https:\/\/haltools.archives-ouvertes.fr\/images\/Haltools_bibtex3.png\" border=\"0\"  title=\"BibTex\" \/><\/a>\n<\/dd>\n<\/dl>\n<dl class='NoticeRes'>\n<dt class=\"ChampRes\">ref_biblio<\/dt><dd class=\"ValeurRes ref_biblio\">S\u00e9verine Derolez, Karine B\u00e9cu-Robinault. Une situation de r\u00e9solution de probl\u00e8me en physique \u00e0 l\u2019\u00e9preuve du r\u00e9cit. <i>Telling science drawing science, science en r\u00e9cit science en image.<\/i>, Jun 2022, Angoul\u00eame, France. <a target=\"_blank\" href=\"https:\/\/hal.science\/hal-03922021v1\">&#x27E8;hal-03922021&#x27E9;<\/a><\/dd>\n<dt class=\"ChampRes\">Acc\u00e8s au texte int\u00e9gral et bibtex<\/dt>\n<dd class=\"ValeurRes Fichier_joint\">\n<a href=\"https:\/\/hal.science\/hal-03922021\/file\/version%20finale%20pour%20achive%20internet.pdf\"  target=\"_blank\">\n<img decoding=\"async\" alt=\"https:\/\/hal.science\/hal-03922021\/file\/version%20finale%20pour%20achive%20internet.pdf\" src=\"https:\/\/haltools.archives-ouvertes.fr\/images\/Haltools_pdf.png\" border=\"0\" title=\"https:\/\/hal.science\/hal-03922021\/file\/version%20finale%20pour%20achive%20internet.pdf\" \/><\/a>\n<span class=\"LienBibtexACoteFulltext\"><a href=\"https:\/\/hal.science\/hal-03922021v1\/bibtex\" target=\"_self\">\n<img decoding=\"async\" alt=\"BibTex\" src=\"https:\/\/haltools.archives-ouvertes.fr\/images\/Haltools_bibtex3.png\" border=\"0\"  title=\"BibTex\" \/><\/a>\n<\/span><\/dd>\n<\/dl>\n<p class='SousRubrique'>Chapitre d'ouvrage<\/p>\n<dl class='NoticeRes'>\n<dt class=\"ChampRes\">ref_biblio<\/dt><dd class=\"ValeurRes ref_biblio\">S\u00e9verine Derolez, Karine B\u00e9cu-Robinault. L'utilisation du r\u00e9cit de fiction dans la r\u00e9solution de probl\u00e8me en physique au coll\u00e8ge.. <i>Quand raconter permet d'apprendre. Le r\u00e9cit dans l'enseignement et la formation.<\/i>, 2022. <a target=\"_blank\" href=\"https:\/\/hal.science\/hal-03921725v1\">&#x27E8;hal-03921725&#x27E9;<\/a><\/dd>\n<dt class=\"ChampRes\">Acc\u00e8s au bibtex<\/dt>\n<dd class=\"ValeurRes LienBibtex\">\n<a href=\"https:\/\/hal.science\/hal-03921725v1\/bibtex\" target=\"_self\">\n<img decoding=\"async\" alt=\"BibTex\" src=\"https:\/\/haltools.archives-ouvertes.fr\/images\/Haltools_bibtex3.png\" border=\"0\"  title=\"BibTex\" \/><\/a>\n<\/dd>\n<\/dl>\n<p class='SousRubrique'>Proceedings\/Recueil des communications<\/p>\n<dl class='NoticeRes'>\n<dt class=\"ChampRes\">ref_biblio<\/dt><dd class=\"ValeurRes ref_biblio\">Karine B\u00e9cu-Robinault, S\u00e9verine Derolez. De la recherche \u00e0 conception de situations d'enseignement. 2022. <a target=\"_blank\" href=\"https:\/\/hal.science\/hal-03921889v1\">&#x27E8;hal-03921889&#x27E9;<\/a><\/dd>\n<dt class=\"ChampRes\">Acc\u00e8s au bibtex<\/dt>\n<dd class=\"ValeurRes LienBibtex\">\n<a href=\"https:\/\/hal.science\/hal-03921889v1\/bibtex\" target=\"_self\">\n<img decoding=\"async\" alt=\"BibTex\" src=\"https:\/\/haltools.archives-ouvertes.fr\/images\/Haltools_bibtex3.png\" border=\"0\"  title=\"BibTex\" \/><\/a>\n<\/dd>\n<\/dl>\n<dl class='NoticeRes'>\n<dt class=\"ChampRes\">ref_biblio<\/dt><dd class=\"ValeurRes ref_biblio\">S\u00e9verine Derolez, Karine B\u00e9cu-Robinault. Une situation de r\u00e9solution de probl\u00e8me en physique \u00e0 l\u2019\u00e9preuve du r\u00e9cit.. 2022. <a target=\"_blank\" href=\"https:\/\/hal.science\/hal-03922060v1\">&#x27E8;hal-03922060&#x27E9;<\/a><\/dd>\n<dt class=\"ChampRes\">Acc\u00e8s au bibtex<\/dt>\n<dd class=\"ValeurRes LienBibtex\">\n<a href=\"https:\/\/hal.science\/hal-03922060v1\/bibtex\" target=\"_self\">\n<img decoding=\"async\" alt=\"BibTex\" src=\"https:\/\/haltools.archives-ouvertes.fr\/images\/Haltools_bibtex3.png\" border=\"0\"  title=\"BibTex\" \/><\/a>\n<\/dd>\n<\/dl>\n<p class='Rubrique'>2020<\/p>\n<p class='SousRubrique'>Article dans une revue<\/p>\n<dl class='NoticeRes'>\n<dt class=\"ChampRes\">ref_biblio<\/dt><dd class=\"ValeurRes ref_biblio\">S\u00e9verine Derolez. Instrument de la \u00ab\u00a0big science\u00a0\u00bb et biographie culturelle. <i>Culture et Mus\u00e9es<\/i>, 2020, 36, pp.191-196. <a target=\"_blank\" href=\"https:\/\/dx.doi.org\/10.4000\/culturemusees.5781\">&#x27E8;10.4000\/culturemusees.5781&#x27E9;<\/a>. <a target=\"_blank\" href=\"https:\/\/hal.science\/hal-03120370v1\">&#x27E8;hal-03120370&#x27E9;<\/a><\/dd>\n<dt class=\"ChampRes\">Acc\u00e8s au bibtex<\/dt>\n<dd class=\"ValeurRes LienBibtex\">\n<a href=\"https:\/\/hal.science\/hal-03120370v1\/bibtex\" target=\"_self\">\n<img decoding=\"async\" alt=\"BibTex\" src=\"https:\/\/haltools.archives-ouvertes.fr\/images\/Haltools_bibtex3.png\" border=\"0\"  title=\"BibTex\" \/><\/a>\n<\/dd>\n<\/dl>\n<p class='SousRubrique'>Communication dans un congr\u00e8s<\/p>\n<dl class='NoticeRes'>\n<dt class=\"ChampRes\">ref_biblio<\/dt><dd class=\"ValeurRes ref_biblio\">S\u00e9verine Derolez, Karine B\u00e9cu-Robinault. Activit\u00e9 d\u2019\u00e9l\u00e8ves dans une situation de r\u00e9solution de probl\u00e8me introduite par la fiction. Propagation du son dans Star Wars. <i>Onzie\u0300mes Rencontres Scientifiques de l\u2019Association pour la Recherche en Didactique des Sciences et Technologies<\/i>, Mar 2020, Bruxelles, France. <a target=\"_blank\" href=\"https:\/\/shs.hal.science\/halshs-03618304v1\">&#x27E8;halshs-03618304&#x27E9;<\/a><\/dd>\n<dt class=\"ChampRes\">Acc\u00e8s au bibtex<\/dt>\n<dd class=\"ValeurRes LienBibtex\">\n<a href=\"https:\/\/shs.hal.science\/halshs-03618304v1\/bibtex\" target=\"_self\">\n<img decoding=\"async\" alt=\"BibTex\" src=\"https:\/\/haltools.archives-ouvertes.fr\/images\/Haltools_bibtex3.png\" border=\"0\"  title=\"BibTex\" \/><\/a>\n<\/dd>\n<\/dl>\n<p class='SousRubrique'>Chapitre d'ouvrage<\/p>\n<dl class='NoticeRes'>\n<dt class=\"ChampRes\">ref_biblio<\/dt><dd class=\"ValeurRes ref_biblio\">S\u00e9verine Derolez. Patrimoine scientifique contemporain et m\u00e9diation mus\u00e9ale autour d'un acc\u00e9l\u00e9rateur de particules : le Cockcroft\u00ad Walton. <i>Recherche et e\u0301ducation en physique a\u0300 l'e\u0301poque contemporaine, a\u0300 Lyon et en France<\/i>, 2020. <a target=\"_blank\" href=\"https:\/\/hal.science\/hal-03120475v1\">&#x27E8;hal-03120475&#x27E9;<\/a><\/dd>\n<dt class=\"ChampRes\">Acc\u00e8s au bibtex<\/dt>\n<dd class=\"ValeurRes LienBibtex\">\n<a href=\"https:\/\/hal.science\/hal-03120475v1\/bibtex\" target=\"_self\">\n<img decoding=\"async\" alt=\"BibTex\" src=\"https:\/\/haltools.archives-ouvertes.fr\/images\/Haltools_bibtex3.png\" border=\"0\"  title=\"BibTex\" \/><\/a>\n<\/dd>\n<\/dl>\n<dl class='NoticeRes'>\n<dt class=\"ChampRes\">ref_biblio<\/dt><dd class=\"ValeurRes ref_biblio\">S\u00e9verine Derolez, Yves Gomas. Les dispositifs utilis\u00e9s : t\u00e9lescopes et spectrographes avec J. Dufay \u00ad le Cockcroft\u00ad Walton avec J. Thibaud. <i>Recherche et e\u0301ducation en physique a\u0300 l'e\u0301poque contemporaine, a\u0300 Lyon et en France<\/i>, 2020. <a target=\"_blank\" href=\"https:\/\/hal.science\/hal-03120433v1\">&#x27E8;hal-03120433&#x27E9;<\/a><\/dd>\n<dt class=\"ChampRes\">Acc\u00e8s au bibtex<\/dt>\n<dd class=\"ValeurRes LienBibtex\">\n<a href=\"https:\/\/hal.science\/hal-03120433v1\/bibtex\" target=\"_self\">\n<img decoding=\"async\" alt=\"BibTex\" src=\"https:\/\/haltools.archives-ouvertes.fr\/images\/Haltools_bibtex3.png\" border=\"0\"  title=\"BibTex\" \/><\/a>\n<\/dd>\n<\/dl>\n<p class='SousRubrique'>Proceedings\/Recueil des communications<\/p>\n<dl class='NoticeRes'>\n<dt class=\"ChampRes\">ref_biblio<\/dt><dd class=\"ValeurRes ref_biblio\">S\u00e9verine Derolez, Karine B\u00e9cu-Robinault. Influence des \u00e9l\u00e9ments fictionnels de sc\u00e9narisation dans la r\u00e9solution de probl\u00e8mes en physique au coll\u00e8ge.. 2020. <a target=\"_blank\" href=\"https:\/\/hal.science\/hal-03922989v1\">&#x27E8;hal-03922989&#x27E9;<\/a><\/dd>\n<dt class=\"ChampRes\">Acc\u00e8s au bibtex<\/dt>\n<dd class=\"ValeurRes LienBibtex\">\n<a href=\"https:\/\/hal.science\/hal-03922989v1\/bibtex\" target=\"_self\">\n<img decoding=\"async\" alt=\"BibTex\" src=\"https:\/\/haltools.archives-ouvertes.fr\/images\/Haltools_bibtex3.png\" border=\"0\"  title=\"BibTex\" \/><\/a>\n<\/dd>\n<\/dl>\n<p class='Rubrique'>2019<\/p>\n<p class='SousRubrique'>Article dans une revue<\/p>\n<dl class='NoticeRes'>\n<dt class=\"ChampRes\">ref_biblio<\/dt><dd class=\"ValeurRes ref_biblio\">S\u00e9verine Derolez. Qu\u2019a-t-on conserv\u00e9 des premiers acc\u00e9l\u00e9rateurs de particules\u00a0?. <i>e-Pha\u00efstos<\/i>, 2019, VII-2, <a target=\"_blank\" href=\"https:\/\/dx.doi.org\/10.4000\/ephaistos.5424\">&#x27E8;10.4000\/ephaistos.5424&#x27E9;<\/a>. <a target=\"_blank\" href=\"https:\/\/hal.science\/hal-03120484v1\">&#x27E8;hal-03120484&#x27E9;<\/a><\/dd>\n<dt class=\"ChampRes\">Acc\u00e8s au bibtex<\/dt>\n<dd class=\"ValeurRes LienBibtex\">\n<a href=\"https:\/\/hal.science\/hal-03120484v1\/bibtex\" target=\"_self\">\n<img decoding=\"async\" alt=\"BibTex\" src=\"https:\/\/haltools.archives-ouvertes.fr\/images\/Haltools_bibtex3.png\" border=\"0\"  title=\"BibTex\" \/><\/a>\n<\/dd>\n<\/dl>\n<p class='SousRubrique'>Communication dans un congr\u00e8s<\/p>\n<dl class='NoticeRes'>\n<dt class=\"ChampRes\">ref_biblio<\/dt><dd class=\"ValeurRes ref_biblio\">S\u00e9verine Derolez. Collaborative work on problems-solving in physics: influence of fictional elements.. <i>ECER 2019: Education in an Era of Risk \u2013 the Role of Educational Research for the Future<\/i>, Sep 2019, Hamburg, Germany. <a target=\"_blank\" href=\"https:\/\/hal.science\/hal-03921941v1\">&#x27E8;hal-03921941&#x27E9;<\/a><\/dd>\n<dt class=\"ChampRes\">Acc\u00e8s au bibtex<\/dt>\n<dd class=\"ValeurRes LienBibtex\">\n<a href=\"https:\/\/hal.science\/hal-03921941v1\/bibtex\" target=\"_self\">\n<img decoding=\"async\" alt=\"BibTex\" src=\"https:\/\/haltools.archives-ouvertes.fr\/images\/Haltools_bibtex3.png\" border=\"0\"  title=\"BibTex\" \/><\/a>\n<\/dd>\n<\/dl>\n<dl class='NoticeRes'>\n<dt class=\"ChampRes\">ref_biblio<\/dt><dd class=\"ValeurRes ref_biblio\">S\u00e9verine Derolez, Karine B\u00e9cu-Robinault. Collaborative work on problems-solving in physics: influence of fictional elements. <i>ECER 2019 - Education in an Era of Risk \u2013 the Role of Educational Research for the Future<\/i>, Sep 2019, HAMBURG, Germany. <a target=\"_blank\" href=\"https:\/\/shs.hal.science\/halshs-02443787v1\">&#x27E8;halshs-02443787&#x27E9;<\/a><\/dd>\n<dt class=\"ChampRes\">Acc\u00e8s au bibtex<\/dt>\n<dd class=\"ValeurRes LienBibtex\">\n<a href=\"https:\/\/shs.hal.science\/halshs-02443787v1\/bibtex\" target=\"_self\">\n<img decoding=\"async\" alt=\"BibTex\" src=\"https:\/\/haltools.archives-ouvertes.fr\/images\/Haltools_bibtex3.png\" border=\"0\"  title=\"BibTex\" \/><\/a>\n<\/dd>\n<\/dl>\n<dl class='NoticeRes'>\n<dt class=\"ChampRes\">ref_biblio<\/dt><dd class=\"ValeurRes ref_biblio\">S\u00e9verine Derolez, Karine B\u00e9cu-Robinault. Influence des \u00e9l\u00e9ments fictionnels de sc\u00e9narisation dans la r\u00e9solution de probl\u00e8mes en physique au coll\u00e8ge. <i>Telling Science, Drawing Science - Science en r\u00e9cit, Science en images, 2e \u00e9dition<\/i>, May 2019, Angoul\u00eame, France. <a target=\"_blank\" href=\"https:\/\/shs.hal.science\/halshs-02082555v1\">&#x27E8;halshs-02082555&#x27E9;<\/a><\/dd>\n<dt class=\"ChampRes\">Acc\u00e8s au bibtex<\/dt>\n<dd class=\"ValeurRes LienBibtex\">\n<a href=\"https:\/\/shs.hal.science\/halshs-02082555v1\/bibtex\" target=\"_self\">\n<img decoding=\"async\" alt=\"BibTex\" src=\"https:\/\/haltools.archives-ouvertes.fr\/images\/Haltools_bibtex3.png\" border=\"0\"  title=\"BibTex\" \/><\/a>\n<\/dd>\n<\/dl>\n<p class='SousRubrique'>Proceedings\/Recueil des communications<\/p>\n<dl class='NoticeRes'>\n<dt class=\"ChampRes\">ref_biblio<\/dt><dd class=\"ValeurRes ref_biblio\">S\u00e9verine Derolez, Karine B\u00e9cu-Robinault. Collaborative work on problems-solving in physics: influence of fictional elements.. 2019. <a target=\"_blank\" href=\"https:\/\/hal.science\/hal-03921920v1\">&#x27E8;hal-03921920&#x27E9;<\/a><\/dd>\n<dt class=\"ChampRes\">Acc\u00e8s au bibtex<\/dt>\n<dd class=\"ValeurRes LienBibtex\">\n<a href=\"https:\/\/hal.science\/hal-03921920v1\/bibtex\" target=\"_self\">\n<img decoding=\"async\" alt=\"BibTex\" src=\"https:\/\/haltools.archives-ouvertes.fr\/images\/Haltools_bibtex3.png\" border=\"0\"  title=\"BibTex\" \/><\/a>\n<\/dd>\n<\/dl>\n<\/div>\n\r\n\r\n<!--\r\n        $url = \"http:\/\/halshs.archives-ouvertes.fr\/Public\/afficheRequetePubli.php?\".\r\n     $url = \"https:\/\/haltools.archives-ouvertes.fr\/Public\/afficheRequetePubli.php?\".\r\n\t\t\t\"auteur_exp=\".$_parameters[\"idHAL\"].\r\nannee_publideb=1900&amp;\r\nannee_publifin=2100&amp;\r\nauteur_exp=nathalie,blanc&amp;\r\nCB_ref_biblio=oui&amp;\r\nlabos_exp=icar&amp;\r\nlangue=Francais&amp;\r\ntri_exp=annee_publi&amp;\r\ntri_exp2=typdoc&amp;\r\ntri_exp3=date_publi&amp;\r\nordre_aff=AT&amp;\r\nFen=Aff\r\n-->\r\n<br \/>\n<!--\n<iframe class=\"HAL\" src=\"http:\/\/halshs.archives-ouvertes.fr\/Public\/afficheRequetePubli.php?annee_publideb=1900&amp;annee_publifin=2100&amp;auteur_exp=nathalie,blanc&labos_exp=icar&amp;CB_ref_biblio=oui&amp;langue=Francais&amp;tri_exp=annee_publi&amp;tri_exp2=typdoc&amp;tri_exp3=date_publi&amp;ordre_aff=AT&amp;Fen=Aff&amp;css=http:\/\/icar.univ-lyon2.fr\/css\/icar-publis.css\" frameborder=\"0\" scrolling=\"auto\" style=\"height: 100%; width: 100%\"><\/iframe>\n--><\/p>\n","protected":false},"excerpt":{"rendered":"<p>Liste des publications sur HAL<\/p>\n","protected":false},"author":1,"featured_media":0,"parent":0,"menu_order":2,"comment_status":"closed","ping_status":"closed","template":"","meta":{"footnotes":""},"class_list":["post-8","page","type-page","status-publish","hentry"],"_links":{"self":[{"href":"https:\/\/icar.cnrs.fr\/membre\/sderolez\/wp-json\/wp\/v2\/pages\/8","targetHints":{"allow":["GET"]}}],"collection":[{"href":"https:\/\/icar.cnrs.fr\/membre\/sderolez\/wp-json\/wp\/v2\/pages"}],"about":[{"href":"https:\/\/icar.cnrs.fr\/membre\/sderolez\/wp-json\/wp\/v2\/types\/page"}],"author":[{"embeddable":true,"href":"https:\/\/icar.cnrs.fr\/membre\/sderolez\/wp-json\/wp\/v2\/users\/1"}],"replies":[{"embeddable":true,"href":"https:\/\/icar.cnrs.fr\/membre\/sderolez\/wp-json\/wp\/v2\/comments?post=8"}],"version-history":[{"count":29,"href":"https:\/\/icar.cnrs.fr\/membre\/sderolez\/wp-json\/wp\/v2\/pages\/8\/revisions"}],"predecessor-version":[{"id":161,"href":"https:\/\/icar.cnrs.fr\/membre\/sderolez\/wp-json\/wp\/v2\/pages\/8\/revisions\/161"}],"wp:attachment":[{"href":"https:\/\/icar.cnrs.fr\/membre\/sderolez\/wp-json\/wp\/v2\/media?parent=8"}],"curies":[{"name":"wp","href":"https:\/\/api.w.org\/{rel}","templated":true}]}}