{"id":10,"date":"2016-11-02T17:39:41","date_gmt":"2016-11-02T16:39:41","guid":{"rendered":"https:\/\/icar.cnrs.fr\/membre\/sdufour\/?page_id=10"},"modified":"2021-11-30T13:15:09","modified_gmt":"2021-11-30T12:15:09","slug":"enseignements","status":"publish","type":"page","link":"https:\/\/icar.cnrs.fr\/membre\/sdufour\/enseignements\/","title":{"rendered":"Enseignements"},"content":{"rendered":"<p><strong>Responsabilit\u00e9s p\u00e9dagogiques:<\/strong><\/p>\n<p>&#8211; Co-responsable du Master 2 Fle, Lesla, Universit\u00e9 lumi\u00e8re, Lyon 2.<\/p>\n<p>&#8211; Responsable du DU FLE, Lesla, Universit\u00e9 lumi\u00e8re, Lyon 2.<\/p>\n<p>&#8211; Responsable du Dipl\u00f4me Universitaire Commerce et Affaires Internationales au Centre international d&rsquo;\u00e9tudes fran\u00e7aises (CIEF) de Lyon 2.<\/p>\n<p>&#8211; Responsable du Dipl\u00f4me Universitaire Vie Publique du Centre international d&rsquo;\u00e9tudes fran\u00e7aises (CIEF) de Lyon 2.<\/p>\n<p><strong>Enseignements actuels:<\/strong><\/p>\n<p>Fran\u00e7ais sur objectif sp\u00e9cifique, Master 2 de Sciences du Langage, Lyon 2.<\/p>\n<p>M\u00e9thodologie de la recherche, Master 2 de Sciences du Langage, Lyon 2.<\/p>\n<p>Organisation d&rsquo;une manifestation professionnelle, Master 2 de Sciences du Langage, Lyon 2.<\/p>\n<p>Contextes, publics, ressources, Master 1 de Sciences du Langage, Lyon 2.<\/p>\n<p>Didactique de l&rsquo;oral, Master 1 de Sciences du Langage, Lyon 2.<\/p>\n<p>M\u00e9thodologie du Fle, Licence 3 de Sciences du langage, Lyon 2.<\/p>\n<p>Pratiques de l&rsquo;interculturalit\u00e9, Licence 3 de Sciences du langage, Lyon 2.<\/p>\n<p>Fran\u00e7ais langue professionnelle, Dipl\u00f4me Universitaire de Didactique du Fran\u00e7ais Langue \u00c9trang\u00e8re et Seconde (DU Difles), Lyon 2.<\/p>\n<p>Comp\u00e9tences orales et \u00e9crites en DU Commerce et affaires internationales et DU Vie publique, Centre International d&rsquo;Etudes Fran\u00e7aises, Lyon 2.<\/p>\n<p>&nbsp;<\/p>\n","protected":false},"excerpt":{"rendered":"<p>Responsabilit\u00e9s p\u00e9dagogiques: &#8211; Co-responsable du Master 2 Fle, Lesla, Universit\u00e9 lumi\u00e8re, Lyon 2. &#8211; Responsable du DU FLE, Lesla, Universit\u00e9 lumi\u00e8re, Lyon 2. &#8211; Responsable du Dipl\u00f4me Universitaire Commerce et Affaires Internationales au Centre international d&rsquo;\u00e9tudes fran\u00e7aises (CIEF) de Lyon &hellip; <a href=\"https:\/\/icar.cnrs.fr\/membre\/sdufour\/enseignements\/\">Continuer la lecture <span class=\"meta-nav\">&rarr;<\/span><\/a><\/p>\n","protected":false},"author":1,"featured_media":0,"parent":0,"menu_order":3,"comment_status":"closed","ping_status":"closed","template":"","meta":{"footnotes":""},"class_list":["post-10","page","type-page","status-publish","hentry"],"_links":{"self":[{"href":"https:\/\/icar.cnrs.fr\/membre\/sdufour\/wp-json\/wp\/v2\/pages\/10","targetHints":{"allow":["GET"]}}],"collection":[{"href":"https:\/\/icar.cnrs.fr\/membre\/sdufour\/wp-json\/wp\/v2\/pages"}],"about":[{"href":"https:\/\/icar.cnrs.fr\/membre\/sdufour\/wp-json\/wp\/v2\/types\/page"}],"author":[{"embeddable":true,"href":"https:\/\/icar.cnrs.fr\/membre\/sdufour\/wp-json\/wp\/v2\/users\/1"}],"replies":[{"embeddable":true,"href":"https:\/\/icar.cnrs.fr\/membre\/sdufour\/wp-json\/wp\/v2\/comments?post=10"}],"version-history":[{"count":16,"href":"https:\/\/icar.cnrs.fr\/membre\/sdufour\/wp-json\/wp\/v2\/pages\/10\/revisions"}],"predecessor-version":[{"id":194,"href":"https:\/\/icar.cnrs.fr\/membre\/sdufour\/wp-json\/wp\/v2\/pages\/10\/revisions\/194"}],"wp:attachment":[{"href":"https:\/\/icar.cnrs.fr\/membre\/sdufour\/wp-json\/wp\/v2\/media?parent=10"}],"curies":[{"name":"wp","href":"https:\/\/api.w.org\/{rel}","templated":true}]}}